{"id":20221,"date":"2022-09-12T20:31:27","date_gmt":"2022-09-12T23:31:27","guid":{"rendered":"https:\/\/ikigaiexperience.com.br\/?post_type=product&#038;p=20221"},"modified":"2024-06-18T17:39:54","modified_gmt":"2024-06-18T20:39:54","slug":"mergulho-angra-dos-reis-para-credenciados","status":"publish","type":"product","link":"https:\/\/ikigaiexperience.com.br\/en\/experiencias\/diving-agra-dos-reis-for-certified\/","title":{"rendered":"Angra dos Reis Diving for Accredited"},"content":{"rendered":"<p><span style=\"font-weight: 400;\">The dive point is defined according to the best conditions of the day. The sea and all weather conditions will be analyzed. We bring here a little more about the Lagoa Azul point, a place usually visited for diving in Angra dos Reis.\u00a0<\/span><\/p>\n<h3><strong>Diving Angra dos Reis \u2013 Blue Lagoon<\/strong><\/h3>\n<p><span style=\"font-weight: 400;\">At the <\/span>Diving Angra dos Reis, the city that dominates the Costa Verde, there are 365 island opportunities to find the diving spot that best suits the adventure you are looking for.<\/p>\n<p>There is an incredible variety of marine species and even the sea cucumber, an endangered marine animal.<\/p>\n<p>Because of its islands, Angra is the right destination for those who want to have the opportunity to dive on the coasts of its islands and discover the beauties of the seabed.<\/p>\n<h3><strong>Diving Experience in Angra dos Reis, in Lagoa Azul\u00a0<\/strong><\/h3>\n<p>In the northern area of Ilha Grande, the Lagoa Azul diving point enchants with its clear waters, allowing a wide view of its corals and colorful fish.<\/p>\n<p>Leaving from Cais Santa Luzia, the boat takes about an hour to reach the northern end of Ilha Grande. Diving here is allowed in several ways.<\/p>\n<p>Being one of the most beautiful sandy bottom natural pools in the state of Rio de Janeiro, Lagoa Azul is located between two islets, the diving experience is about 10 meters deep.<\/p>\n<p>In other words, a great opportunity for baptism diving, but Diving in Angra dos Reis is not limited to Lagoa Azul alone, there are other diving spots scattered around Ilha Grande.<\/p>\n<p>When diving in the seas of Angra, you will have contact with other great beaches to use a fins, air cylinder and a mask.<\/p>\n<p>Those who visit the bottom of Lagoa Azul, encountering its marine life, understand why Diving in Angra dos Reis is considered one of the most beautiful in Brazil.<\/p>\n<p>If you are a beginner, check the product <a href=\"https:\/\/ikigaiexperience.com.br\/en\/experiencias\/scuba-diving-angra-dos-reis\/\">baptism diving in Angra dos Reis<\/a><\/p>","protected":false},"excerpt":{"rendered":"<p>In the diving experience in Angra dos Reis for accredited, you will have the opportunity to know all the marine nature of Angra, with many animals and different species.<\/p>","protected":false},"featured_media":20171,"parent":0,"template":"","meta":[],"product_cat":[29],"product_tag":[],"yoast_head":"<!-- This site is optimized with the Yoast SEO plugin v20.0 - https:\/\/yoast.com\/wordpress\/plugins\/seo\/ -->\n<title>Mergulho Angra dos Reis para Credenciados - Ikigai Experience<\/title>\n<meta name=\"description\" content=\"No mergulho Angra dos Reis para credenciados voc\u00ea poder\u00e1 vivenciar uma experi\u00eancia \u00fanica conhecendo toda riqueza da vida marinha da regi\u00e3o.\" \/>\n<meta name=\"robots\" content=\"index, follow, max-snippet:-1, max-image-preview:large, max-video-preview:-1\" \/>\n<link rel=\"canonical\" href=\"https:\/\/ikigaiexperience.com.br\/en\/experiencias\/scuba-diving-angra-dos-reis\/\" \/>\n<meta property=\"og:locale\" content=\"en_US\" \/>\n<meta property=\"og:type\" content=\"article\" \/>\n<meta property=\"og:title\" content=\"Mergulho Angra dos Reis para Credenciados - Ikigai Experience\" \/>\n<meta property=\"og:description\" content=\"No mergulho Angra dos Reis para credenciados voc\u00ea poder\u00e1 vivenciar uma experi\u00eancia \u00fanica conhecendo toda riqueza da vida marinha da regi\u00e3o.\" \/>\n<meta property=\"og:url\" content=\"https:\/\/ikigaiexperience.com.br\/en\/experiencias\/scuba-diving-angra-dos-reis\/\" \/>\n<meta property=\"og:site_name\" content=\"Ikigai Experience\" \/>\n<meta property=\"article:publisher\" content=\"https:\/\/www.facebook.com\/Ikigai-Experience-100452311832822\" \/>\n<meta property=\"article:modified_time\" content=\"2024-06-18T20:39:54+00:00\" \/>\n<meta property=\"og:image\" content=\"https:\/\/ikigaiexperience.com.br\/wp-content\/uploads\/2022\/09\/mergulho-angra-dos-reis10.jpg\" \/>\n\t<meta property=\"og:image:width\" content=\"935\" \/>\n\t<meta property=\"og:image:height\" content=\"622\" \/>\n\t<meta property=\"og:image:type\" content=\"image\/jpeg\" \/>\n<meta name=\"twitter:card\" content=\"summary_large_image\" \/>\n<meta name=\"twitter:label1\" content=\"Est. tempo de leitura\" \/>\n\t<meta name=\"twitter:data1\" content=\"2 minutes\" \/>\n<script type=\"application\/ld+json\" class=\"yoast-schema-graph\">{\"@context\":\"https:\/\/schema.org\",\"@graph\":[{\"@type\":\"WebPage\",\"@id\":\"https:\/\/ikigaiexperience.com.br\/experiencias\/mergulho-angra-dos-reis-para-credenciados\/\",\"url\":\"https:\/\/ikigaiexperience.com.br\/experiencias\/mergulho-angra-dos-reis\/\",\"name\":\"Mergulho Angra dos Reis para Credenciados - Ikigai Experience\",\"isPartOf\":{\"@id\":\"https:\/\/ikigaiexperience.com.br\/#website\"},\"datePublished\":\"2022-09-12T23:31:27+00:00\",\"dateModified\":\"2024-06-18T20:39:54+00:00\",\"description\":\"No mergulho Angra dos Reis para credenciados voc\u00ea poder\u00e1 vivenciar uma experi\u00eancia \u00fanica conhecendo toda riqueza da vida marinha da regi\u00e3o.\",\"breadcrumb\":{\"@id\":\"https:\/\/ikigaiexperience.com.br\/experiencias\/mergulho-angra-dos-reis\/#breadcrumb\"},\"inLanguage\":\"en-US\",\"potentialAction\":[{\"@type\":\"ReadAction\",\"target\":[\"https:\/\/ikigaiexperience.com.br\/experiencias\/mergulho-angra-dos-reis\/\"]}]},{\"@type\":\"BreadcrumbList\",\"@id\":\"https:\/\/ikigaiexperience.com.br\/experiencias\/mergulho-angra-dos-reis\/#breadcrumb\",\"itemListElement\":[{\"@type\":\"ListItem\",\"position\":1,\"name\":\"In\u00edcio\",\"item\":\"https:\/\/ikigaiexperience.com.br\/\"},{\"@type\":\"ListItem\",\"position\":2,\"name\":\"Mergulho\",\"item\":\"https:\/\/ikigaiexperience.com.br\/experiencia-categoria\/mergulho\/\"},{\"@type\":\"ListItem\",\"position\":3,\"name\":\"Mergulho Angra dos Reis para Credenciados\"}]},{\"@type\":\"WebSite\",\"@id\":\"https:\/\/ikigaiexperience.com.br\/#website\",\"url\":\"https:\/\/ikigaiexperience.com.br\/\",\"name\":\"Ikigai Experience\",\"description\":\"Reserve seu mergulho de um modo f\u00e1cil, r\u00e1pido e divertido.\",\"publisher\":{\"@id\":\"https:\/\/ikigaiexperience.com.br\/#organization\"},\"potentialAction\":[{\"@type\":\"SearchAction\",\"target\":{\"@type\":\"EntryPoint\",\"urlTemplate\":\"https:\/\/ikigaiexperience.com.br\/?s={search_term_string}\"},\"query-input\":\"required name=search_term_string\"}],\"inLanguage\":\"en-US\"},{\"@type\":\"Organization\",\"@id\":\"https:\/\/ikigaiexperience.com.br\/#organization\",\"name\":\"Ikigai Experience\",\"url\":\"https:\/\/ikigaiexperience.com.br\/\",\"logo\":{\"@type\":\"ImageObject\",\"inLanguage\":\"en-US\",\"@id\":\"https:\/\/ikigaiexperience.com.br\/#\/schema\/logo\/image\/\",\"url\":\"https:\/\/ikigaiexperience.com.br\/wp-content\/uploads\/2021\/06\/Ikigai-Experience-Horizontal-Branco.png\",\"contentUrl\":\"https:\/\/ikigaiexperience.com.br\/wp-content\/uploads\/2021\/06\/Ikigai-Experience-Horizontal-Branco.png\",\"width\":924,\"height\":249,\"caption\":\"Ikigai Experience\"},\"image\":{\"@id\":\"https:\/\/ikigaiexperience.com.br\/#\/schema\/logo\/image\/\"},\"sameAs\":[\"https:\/\/www.instagram.com\/theikigaiexperience\/\",\"https:\/\/www.linkedin.com\/company\/ikigai-experience\",\"https:\/\/www.youtube.com\/channel\/UC8qpgAQ3P89h79oP9ymmo7Q\",\"https:\/\/www.facebook.com\/Ikigai-Experience-100452311832822\"]}]}<\/script>\n<!-- \/ Yoast SEO plugin. -->","yoast_head_json":{"title":"Mergulho Angra dos Reis para Credenciados - Ikigai Experience","description":"No mergulho Angra dos Reis para credenciados voc\u00ea poder\u00e1 vivenciar uma experi\u00eancia \u00fanica conhecendo toda riqueza da vida marinha da regi\u00e3o.","robots":{"index":"index","follow":"follow","max-snippet":"max-snippet:-1","max-image-preview":"max-image-preview:large","max-video-preview":"max-video-preview:-1"},"canonical":"https:\/\/ikigaiexperience.com.br\/en\/experiencias\/scuba-diving-angra-dos-reis\/","og_locale":"en_US","og_type":"article","og_title":"Mergulho Angra dos Reis para Credenciados - Ikigai Experience","og_description":"No mergulho Angra dos Reis para credenciados voc\u00ea poder\u00e1 vivenciar uma experi\u00eancia \u00fanica conhecendo toda riqueza da vida marinha da regi\u00e3o.","og_url":"https:\/\/ikigaiexperience.com.br\/en\/experiencias\/scuba-diving-angra-dos-reis\/","og_site_name":"Ikigai Experience","article_publisher":"https:\/\/www.facebook.com\/Ikigai-Experience-100452311832822","article_modified_time":"2024-06-18T20:39:54+00:00","og_image":[{"width":935,"height":622,"url":"https:\/\/ikigaiexperience.com.br\/wp-content\/uploads\/2022\/09\/mergulho-angra-dos-reis10.jpg","type":"image\/jpeg"}],"twitter_card":"summary_large_image","twitter_misc":{"Est. tempo de leitura":"2 minutes"},"schema":{"@context":"https:\/\/schema.org","@graph":[{"@type":"WebPage","@id":"https:\/\/ikigaiexperience.com.br\/experiencias\/mergulho-angra-dos-reis-para-credenciados\/","url":"https:\/\/ikigaiexperience.com.br\/experiencias\/mergulho-angra-dos-reis\/","name":"Mergulho Angra dos Reis para Credenciados - Ikigai Experience","isPartOf":{"@id":"https:\/\/ikigaiexperience.com.br\/#website"},"datePublished":"2022-09-12T23:31:27+00:00","dateModified":"2024-06-18T20:39:54+00:00","description":"No mergulho Angra dos Reis para credenciados voc\u00ea poder\u00e1 vivenciar uma experi\u00eancia \u00fanica conhecendo toda riqueza da vida marinha da regi\u00e3o.","breadcrumb":{"@id":"https:\/\/ikigaiexperience.com.br\/experiencias\/mergulho-angra-dos-reis\/#breadcrumb"},"inLanguage":"en-US","potentialAction":[{"@type":"ReadAction","target":["https:\/\/ikigaiexperience.com.br\/experiencias\/mergulho-angra-dos-reis\/"]}]},{"@type":"BreadcrumbList","@id":"https:\/\/ikigaiexperience.com.br\/experiencias\/mergulho-angra-dos-reis\/#breadcrumb","itemListElement":[{"@type":"ListItem","position":1,"name":"In\u00edcio","item":"https:\/\/ikigaiexperience.com.br\/"},{"@type":"ListItem","position":2,"name":"Mergulho","item":"https:\/\/ikigaiexperience.com.br\/experiencia-categoria\/mergulho\/"},{"@type":"ListItem","position":3,"name":"Mergulho Angra dos Reis para Credenciados"}]},{"@type":"WebSite","@id":"https:\/\/ikigaiexperience.com.br\/#website","url":"https:\/\/ikigaiexperience.com.br\/","name":"Ikigai Experience","description":"Reserve seu mergulho de um modo f\u00e1cil, r\u00e1pido e divertido.","publisher":{"@id":"https:\/\/ikigaiexperience.com.br\/#organization"},"potentialAction":[{"@type":"SearchAction","target":{"@type":"EntryPoint","urlTemplate":"https:\/\/ikigaiexperience.com.br\/?s={search_term_string}"},"query-input":"required name=search_term_string"}],"inLanguage":"en-US"},{"@type":"Organization","@id":"https:\/\/ikigaiexperience.com.br\/#organization","name":"Ikigai Experience","url":"https:\/\/ikigaiexperience.com.br\/","logo":{"@type":"ImageObject","inLanguage":"en-US","@id":"https:\/\/ikigaiexperience.com.br\/#\/schema\/logo\/image\/","url":"https:\/\/ikigaiexperience.com.br\/wp-content\/uploads\/2021\/06\/Ikigai-Experience-Horizontal-Branco.png","contentUrl":"https:\/\/ikigaiexperience.com.br\/wp-content\/uploads\/2021\/06\/Ikigai-Experience-Horizontal-Branco.png","width":924,"height":249,"caption":"Ikigai Experience"},"image":{"@id":"https:\/\/ikigaiexperience.com.br\/#\/schema\/logo\/image\/"},"sameAs":["https:\/\/www.instagram.com\/theikigaiexperience\/","https:\/\/www.linkedin.com\/company\/ikigai-experience","https:\/\/www.youtube.com\/channel\/UC8qpgAQ3P89h79oP9ymmo7Q","https:\/\/www.facebook.com\/Ikigai-Experience-100452311832822"]}]}},"_links":{"self":[{"href":"https:\/\/ikigaiexperience.com.br\/en\/wp-json\/wp\/v2\/product\/20221"}],"collection":[{"href":"https:\/\/ikigaiexperience.com.br\/en\/wp-json\/wp\/v2\/product"}],"about":[{"href":"https:\/\/ikigaiexperience.com.br\/en\/wp-json\/wp\/v2\/types\/product"}],"version-history":[{"count":1,"href":"https:\/\/ikigaiexperience.com.br\/en\/wp-json\/wp\/v2\/product\/20221\/revisions"}],"predecessor-version":[{"id":22189,"href":"https:\/\/ikigaiexperience.com.br\/en\/wp-json\/wp\/v2\/product\/20221\/revisions\/22189"}],"wp:featuredmedia":[{"embeddable":true,"href":"https:\/\/ikigaiexperience.com.br\/en\/wp-json\/wp\/v2\/media\/20171"}],"wp:attachment":[{"href":"https:\/\/ikigaiexperience.com.br\/en\/wp-json\/wp\/v2\/media?parent=20221"}],"wp:term":[{"taxonomy":"product_cat","embeddable":true,"href":"https:\/\/ikigaiexperience.com.br\/en\/wp-json\/wp\/v2\/product_cat?post=20221"},{"taxonomy":"product_tag","embeddable":true,"href":"https:\/\/ikigaiexperience.com.br\/en\/wp-json\/wp\/v2\/product_tag?post=20221"}],"curies":[{"name":"wp","href":"https:\/\/api.w.org\/{rel}","templated":true}]}}