{"id":19287,"date":"2022-07-04T20:07:19","date_gmt":"2022-07-04T23:07:19","guid":{"rendered":"https:\/\/ikigaiexperience.com.br\/?post_type=product&#038;p=19287"},"modified":"2022-11-02T23:12:09","modified_gmt":"2022-11-03T02:12:09","slug":"mergulho-jericoacoara","status":"publish","type":"product","link":"https:\/\/ikigaiexperience.com.br\/en\/experiencias\/scuba-diving-jericoacoara\/","title":{"rendered":"Jericoacoara diving for beginners"},"content":{"rendered":"<h3><strong>Jericoacoara diving<\/strong><\/h3>\n<p><span style=\"font-weight: 400;\">Known as a paradise, the city of Jericoacoara enchants with its natural beauties. But did you know that the city was the first in Brazil to set up an underwater art gallery to tell its story?\u00a0<\/span><\/p>\n<p><span style=\"font-weight: 400;\">Seen as an environmental protection area, the <\/span>Jericoacoara diving<span style=\"font-weight: 400;\"> It has beautiful sculptures in the Jericoacoara Submerged Art Gallery, located 5 meters deep, in Lagoa do Para\u00edso.<\/span><\/p>\n<h3><strong>Lagoa do Para\u00edso Scuba Diving Experience<\/strong><\/h3>\n<p><span style=\"font-weight: 400;\">Visiting the first Underwater Art Gallery in the country is in the heart of Lagoa do Para\u00edso, at an excellent depth for baptism diving.\u00a0<\/span><\/p>\n<p><span style=\"font-weight: 400;\">The diving experience at the Submerged Art Gallery has 14 works that tell a little about the history of the city of Jericoacoara.\u00a0<\/span><\/p>\n<p><span style=\"font-weight: 400;\">14 works scattered around Lagoa do Para\u00edso that, through their representations, the local myths of the incredible past of the fishing village gain more prominence.\u00a0<\/span><\/p>\n<p><span style=\"font-weight: 400;\">\u00a0At the <\/span>Jericoacoara diving<span style=\"font-weight: 400;\">, scuba diving lasts an average of 30 to 40 minutes, at a depth of almost 4 meters, which delivers an unforgettable moment.\u00a0<\/span><\/p>\n<p><span style=\"font-weight: 400;\">An interesting curiosity is that the works, in the Submerged Art Gallery, were made by an artist from Cear\u00e1, in a material called maritime concrete, which is not harmful to the marine life of Lagoa do Para\u00edso.\u00a0<\/span><\/p>\n<p><span style=\"font-weight: 400;\">The most surprising fact is that this marine concrete has a specific material that allows the agglomeration of marine life in the sculptures, that is, the sculptures are colonies with thousands of living organisms.\u00a0<\/span><\/p>\n<p><span style=\"font-weight: 400;\">At the <\/span>Jericoacoara diving<b>, <\/b><span style=\"font-weight: 400;\">in the Submerged Art Gallery, brings an unforgettable experience. It is a great choice to experience a baptismal dive in Lagoa do Para\u00edso.\u00a0<\/span><\/p>\n<p><span style=\"font-weight: 400;\">So, pack your bags and embark on a trip to visit the old fishing village that enchants the world!\u00a0 <\/span><\/p>","protected":false},"excerpt":{"rendered":"<p>In the diving experience in Jericoacoara in the baptism modality, you will have the opportunity to know the most beautiful spots to dive in the region without needing any previous experience, not even knowing how to swim.<\/p>","protected":false},"featured_media":19295,"parent":0,"template":"","meta":[],"product_cat":[29],"product_tag":[],"yoast_head":"<!-- This site is optimized with the Yoast SEO plugin v20.0 - https:\/\/yoast.com\/wordpress\/plugins\/seo\/ -->\n<title>Mergulho Jericoacoara para iniciantes - Ikigai Experience<\/title>\n<meta name=\"description\" content=\"Venha viver experi\u00eancias \u00fanicas durante sua viagem, experimente o mergulho em jericoacoara e fa\u00e7a da sua viagem algo \u00fanico.\" \/>\n<meta name=\"robots\" content=\"index, follow, max-snippet:-1, max-image-preview:large, max-video-preview:-1\" \/>\n<link rel=\"canonical\" href=\"https:\/\/ikigaiexperience.com.br\/en\/experiencias\/scuba-diving-jericoacoara\/\" \/>\n<meta property=\"og:locale\" content=\"en_US\" \/>\n<meta property=\"og:type\" content=\"article\" \/>\n<meta property=\"og:title\" content=\"Mergulho Jericoacoara para iniciantes - Ikigai Experience\" \/>\n<meta property=\"og:description\" content=\"Venha viver experi\u00eancias \u00fanicas durante sua viagem, experimente o mergulho em jericoacoara e fa\u00e7a da sua viagem algo \u00fanico.\" \/>\n<meta property=\"og:url\" content=\"https:\/\/ikigaiexperience.com.br\/en\/experiencias\/scuba-diving-jericoacoara\/\" \/>\n<meta property=\"og:site_name\" content=\"Ikigai Experience\" \/>\n<meta property=\"article:publisher\" content=\"https:\/\/www.facebook.com\/Ikigai-Experience-100452311832822\" \/>\n<meta property=\"article:modified_time\" content=\"2022-11-03T02:12:09+00:00\" \/>\n<meta property=\"og:image\" content=\"https:\/\/ikigaiexperience.com.br\/wp-content\/uploads\/2022\/07\/mergulho-jeriquaquara-capa.jpg\" \/>\n\t<meta property=\"og:image:width\" content=\"935\" \/>\n\t<meta property=\"og:image:height\" content=\"622\" \/>\n\t<meta property=\"og:image:type\" content=\"image\/jpeg\" \/>\n<meta name=\"twitter:card\" content=\"summary_large_image\" \/>\n<meta name=\"twitter:label1\" content=\"Est. tempo de leitura\" \/>\n\t<meta name=\"twitter:data1\" content=\"2 minutes\" \/>\n<script type=\"application\/ld+json\" class=\"yoast-schema-graph\">{\"@context\":\"https:\/\/schema.org\",\"@graph\":[{\"@type\":\"WebPage\",\"@id\":\"https:\/\/ikigaiexperience.com.br\/experiencias\/mergulho-jericoacoara\/\",\"url\":\"https:\/\/ikigaiexperience.com.br\/experiencias\/mergulho-jericoacoara\/\",\"name\":\"Mergulho Jericoacoara para iniciantes - Ikigai Experience\",\"isPartOf\":{\"@id\":\"https:\/\/ikigaiexperience.com.br\/#website\"},\"datePublished\":\"2022-07-04T23:07:19+00:00\",\"dateModified\":\"2022-11-03T02:12:09+00:00\",\"description\":\"Venha viver experi\u00eancias \u00fanicas durante sua viagem, experimente o mergulho em jericoacoara e fa\u00e7a da sua viagem algo \u00fanico.\",\"breadcrumb\":{\"@id\":\"https:\/\/ikigaiexperience.com.br\/experiencias\/mergulho-jericoacoara\/#breadcrumb\"},\"inLanguage\":\"en-US\",\"potentialAction\":[{\"@type\":\"ReadAction\",\"target\":[\"https:\/\/ikigaiexperience.com.br\/experiencias\/mergulho-jericoacoara\/\"]}]},{\"@type\":\"BreadcrumbList\",\"@id\":\"https:\/\/ikigaiexperience.com.br\/experiencias\/mergulho-jericoacoara\/#breadcrumb\",\"itemListElement\":[{\"@type\":\"ListItem\",\"position\":1,\"name\":\"In\u00edcio\",\"item\":\"https:\/\/ikigaiexperience.com.br\/\"},{\"@type\":\"ListItem\",\"position\":2,\"name\":\"Mergulho\",\"item\":\"https:\/\/ikigaiexperience.com.br\/experiencia-categoria\/mergulho\/\"},{\"@type\":\"ListItem\",\"position\":3,\"name\":\"Mergulho Jericoacoara para iniciantes\"}]},{\"@type\":\"WebSite\",\"@id\":\"https:\/\/ikigaiexperience.com.br\/#website\",\"url\":\"https:\/\/ikigaiexperience.com.br\/\",\"name\":\"Ikigai Experience\",\"description\":\"Reserve seu mergulho de um modo f\u00e1cil, r\u00e1pido e divertido.\",\"publisher\":{\"@id\":\"https:\/\/ikigaiexperience.com.br\/#organization\"},\"potentialAction\":[{\"@type\":\"SearchAction\",\"target\":{\"@type\":\"EntryPoint\",\"urlTemplate\":\"https:\/\/ikigaiexperience.com.br\/?s={search_term_string}\"},\"query-input\":\"required name=search_term_string\"}],\"inLanguage\":\"en-US\"},{\"@type\":\"Organization\",\"@id\":\"https:\/\/ikigaiexperience.com.br\/#organization\",\"name\":\"Ikigai Experience\",\"url\":\"https:\/\/ikigaiexperience.com.br\/\",\"logo\":{\"@type\":\"ImageObject\",\"inLanguage\":\"en-US\",\"@id\":\"https:\/\/ikigaiexperience.com.br\/#\/schema\/logo\/image\/\",\"url\":\"https:\/\/ikigaiexperience.com.br\/wp-content\/uploads\/2021\/06\/Ikigai-Experience-Horizontal-Branco.png\",\"contentUrl\":\"https:\/\/ikigaiexperience.com.br\/wp-content\/uploads\/2021\/06\/Ikigai-Experience-Horizontal-Branco.png\",\"width\":924,\"height\":249,\"caption\":\"Ikigai Experience\"},\"image\":{\"@id\":\"https:\/\/ikigaiexperience.com.br\/#\/schema\/logo\/image\/\"},\"sameAs\":[\"https:\/\/www.instagram.com\/theikigaiexperience\/\",\"https:\/\/www.linkedin.com\/company\/ikigai-experience\",\"https:\/\/www.youtube.com\/channel\/UC8qpgAQ3P89h79oP9ymmo7Q\",\"https:\/\/www.facebook.com\/Ikigai-Experience-100452311832822\"]}]}<\/script>\n<!-- \/ Yoast SEO plugin. -->","yoast_head_json":{"title":"Mergulho Jericoacoara para iniciantes - Ikigai Experience","description":"Venha viver experi\u00eancias \u00fanicas durante sua viagem, experimente o mergulho em jericoacoara e fa\u00e7a da sua viagem algo \u00fanico.","robots":{"index":"index","follow":"follow","max-snippet":"max-snippet:-1","max-image-preview":"max-image-preview:large","max-video-preview":"max-video-preview:-1"},"canonical":"https:\/\/ikigaiexperience.com.br\/en\/experiencias\/scuba-diving-jericoacoara\/","og_locale":"en_US","og_type":"article","og_title":"Mergulho Jericoacoara para iniciantes - Ikigai Experience","og_description":"Venha viver experi\u00eancias \u00fanicas durante sua viagem, experimente o mergulho em jericoacoara e fa\u00e7a da sua viagem algo \u00fanico.","og_url":"https:\/\/ikigaiexperience.com.br\/en\/experiencias\/scuba-diving-jericoacoara\/","og_site_name":"Ikigai Experience","article_publisher":"https:\/\/www.facebook.com\/Ikigai-Experience-100452311832822","article_modified_time":"2022-11-03T02:12:09+00:00","og_image":[{"width":935,"height":622,"url":"https:\/\/ikigaiexperience.com.br\/wp-content\/uploads\/2022\/07\/mergulho-jeriquaquara-capa.jpg","type":"image\/jpeg"}],"twitter_card":"summary_large_image","twitter_misc":{"Est. tempo de leitura":"2 minutes"},"schema":{"@context":"https:\/\/schema.org","@graph":[{"@type":"WebPage","@id":"https:\/\/ikigaiexperience.com.br\/experiencias\/mergulho-jericoacoara\/","url":"https:\/\/ikigaiexperience.com.br\/experiencias\/mergulho-jericoacoara\/","name":"Mergulho Jericoacoara para iniciantes - Ikigai Experience","isPartOf":{"@id":"https:\/\/ikigaiexperience.com.br\/#website"},"datePublished":"2022-07-04T23:07:19+00:00","dateModified":"2022-11-03T02:12:09+00:00","description":"Venha viver experi\u00eancias \u00fanicas durante sua viagem, experimente o mergulho em jericoacoara e fa\u00e7a da sua viagem algo \u00fanico.","breadcrumb":{"@id":"https:\/\/ikigaiexperience.com.br\/experiencias\/mergulho-jericoacoara\/#breadcrumb"},"inLanguage":"en-US","potentialAction":[{"@type":"ReadAction","target":["https:\/\/ikigaiexperience.com.br\/experiencias\/mergulho-jericoacoara\/"]}]},{"@type":"BreadcrumbList","@id":"https:\/\/ikigaiexperience.com.br\/experiencias\/mergulho-jericoacoara\/#breadcrumb","itemListElement":[{"@type":"ListItem","position":1,"name":"In\u00edcio","item":"https:\/\/ikigaiexperience.com.br\/"},{"@type":"ListItem","position":2,"name":"Mergulho","item":"https:\/\/ikigaiexperience.com.br\/experiencia-categoria\/mergulho\/"},{"@type":"ListItem","position":3,"name":"Mergulho Jericoacoara para iniciantes"}]},{"@type":"WebSite","@id":"https:\/\/ikigaiexperience.com.br\/#website","url":"https:\/\/ikigaiexperience.com.br\/","name":"Ikigai Experience","description":"Reserve seu mergulho de um modo f\u00e1cil, r\u00e1pido e divertido.","publisher":{"@id":"https:\/\/ikigaiexperience.com.br\/#organization"},"potentialAction":[{"@type":"SearchAction","target":{"@type":"EntryPoint","urlTemplate":"https:\/\/ikigaiexperience.com.br\/?s={search_term_string}"},"query-input":"required name=search_term_string"}],"inLanguage":"en-US"},{"@type":"Organization","@id":"https:\/\/ikigaiexperience.com.br\/#organization","name":"Ikigai Experience","url":"https:\/\/ikigaiexperience.com.br\/","logo":{"@type":"ImageObject","inLanguage":"en-US","@id":"https:\/\/ikigaiexperience.com.br\/#\/schema\/logo\/image\/","url":"https:\/\/ikigaiexperience.com.br\/wp-content\/uploads\/2021\/06\/Ikigai-Experience-Horizontal-Branco.png","contentUrl":"https:\/\/ikigaiexperience.com.br\/wp-content\/uploads\/2021\/06\/Ikigai-Experience-Horizontal-Branco.png","width":924,"height":249,"caption":"Ikigai Experience"},"image":{"@id":"https:\/\/ikigaiexperience.com.br\/#\/schema\/logo\/image\/"},"sameAs":["https:\/\/www.instagram.com\/theikigaiexperience\/","https:\/\/www.linkedin.com\/company\/ikigai-experience","https:\/\/www.youtube.com\/channel\/UC8qpgAQ3P89h79oP9ymmo7Q","https:\/\/www.facebook.com\/Ikigai-Experience-100452311832822"]}]}},"_links":{"self":[{"href":"https:\/\/ikigaiexperience.com.br\/en\/wp-json\/wp\/v2\/product\/19287"}],"collection":[{"href":"https:\/\/ikigaiexperience.com.br\/en\/wp-json\/wp\/v2\/product"}],"about":[{"href":"https:\/\/ikigaiexperience.com.br\/en\/wp-json\/wp\/v2\/types\/product"}],"version-history":[{"count":0,"href":"https:\/\/ikigaiexperience.com.br\/en\/wp-json\/wp\/v2\/product\/19287\/revisions"}],"wp:featuredmedia":[{"embeddable":true,"href":"https:\/\/ikigaiexperience.com.br\/en\/wp-json\/wp\/v2\/media\/19295"}],"wp:attachment":[{"href":"https:\/\/ikigaiexperience.com.br\/en\/wp-json\/wp\/v2\/media?parent=19287"}],"wp:term":[{"taxonomy":"product_cat","embeddable":true,"href":"https:\/\/ikigaiexperience.com.br\/en\/wp-json\/wp\/v2\/product_cat?post=19287"},{"taxonomy":"product_tag","embeddable":true,"href":"https:\/\/ikigaiexperience.com.br\/en\/wp-json\/wp\/v2\/product_tag?post=19287"}],"curies":[{"name":"wp","href":"https:\/\/api.w.org\/{rel}","templated":true}]}}