{"id":19281,"date":"2022-07-04T18:35:00","date_gmt":"2022-07-04T21:35:00","guid":{"rendered":"https:\/\/ikigaiexperience.com.br\/?post_type=product&#038;p=19281"},"modified":"2022-11-02T23:53:46","modified_gmt":"2022-11-03T02:53:46","slug":"mergulho-bonito","status":"publish","type":"product","link":"https:\/\/ikigaiexperience.com.br\/en\/experiencias\/scuba-diving-bonito\/","title":{"rendered":"Beautiful diving for beginners"},"content":{"rendered":"<h3><strong>Beautiful Diving<\/strong><\/h3>\n<p><span style=\"font-weight: 400;\">Known for its natural beauties, the city of Bonito is very popular due to the huge diversity of points for scuba diving.\u00a0\u00a0<\/span><\/p>\n<p><span style=\"font-weight: 400;\">Have you ever heard of the Anhumas Abyss? Its depth of more than 70 meters gives the <\/span>Beautiful Diving<span style=\"font-weight: 400;\"> the title of the largest open diving cave in the world! This wonder is in our country.\u00a0<\/span><\/p>\n<p><span style=\"font-weight: 400;\">To maintain the safety of divers, the diving experience at Abismo Anhumas can only be performed by an accredited professional, since 80 meters are home to its galleries and rock formations.\u00a0<\/span><\/p>\n<h3><strong>Anhumas Abyss Diving Experience\u00a0<\/strong><\/h3>\n<p><span style=\"font-weight: 400;\">About 20 km from the center of Bonito, the Abismo Anhumas is located, an incredible formation of nature with thousands of years.\u00a0<\/span><\/p>\n<p><span style=\"font-weight: 400;\">The diving experience begins with a professional guide, but if you are not accredited, nothing prevents you from floating in the lake of the abyss, which is an unforgettable memory.\u00a0<\/span><\/p>\n<p><span style=\"font-weight: 400;\">The abyss is a few meters below the city of Bonita, awaiting the visit of lovers of professional diving.<\/span><\/p>\n<p><span style=\"font-weight: 400;\">For diving into the abyss, it is always best to be accompanied by another professional and with the necessary equipment for that depth.<\/span><\/p>\n<p><span style=\"font-weight: 400;\">The divers&#039; adventure begins with a rappel descent of exactly 72 meters, through a passage made in the entrance rock.<\/span><\/p>\n<p><span style=\"font-weight: 400;\">When we reach the end of the descent, we see a huge natural lake with crystal clear waters.\u00a0<\/span><\/p>\n<p><span style=\"font-weight: 400;\">Divers who experience the <\/span>Beautiful Diving<span style=\"font-weight: 400;\">, in the Anhumas Abismo, when they reach the maximum depth of depth, they will find their immense galleries and stalactites with more than 17 meters.\u00a0<\/span><\/p>\n<p><span style=\"font-weight: 400;\">At the <\/span>Beautiful Diving<span style=\"font-weight: 400;\">, at Abismo Anhumas is one of the most desired diving spots in the world. Also, during the low tourist season, it ends up being the best time to dive into the abyss.<\/span><\/p>","protected":false},"excerpt":{"rendered":"<p>In the diving experience in Bonito in the baptism modality, you will have the opportunity to know the most beautiful spots to dive in the region without needing any previous experience, not even knowing how to swim.<\/p>","protected":false},"featured_media":19292,"parent":0,"template":"","meta":[],"product_cat":[29],"product_tag":[],"yoast_head":"<!-- This site is optimized with the Yoast SEO plugin v20.0 - https:\/\/yoast.com\/wordpress\/plugins\/seo\/ -->\n<title>Mergulho bonito para iniciantes - Ikigai Experience<\/title>\n<meta name=\"description\" content=\"Explore todas aventuras da natureza desse lugar incr\u00edvel, o mergulho em Bonito ir\u00e1 deixar sua viagem marcada na mem\u00f3ria.\" \/>\n<meta name=\"robots\" content=\"index, follow, max-snippet:-1, max-image-preview:large, max-video-preview:-1\" \/>\n<link rel=\"canonical\" href=\"https:\/\/ikigaiexperience.com.br\/en\/experiencias\/scuba-diving-bonito\/\" \/>\n<meta property=\"og:locale\" content=\"en_US\" \/>\n<meta property=\"og:type\" content=\"article\" \/>\n<meta property=\"og:title\" content=\"Mergulho bonito para iniciantes - Ikigai Experience\" \/>\n<meta property=\"og:description\" content=\"Explore todas aventuras da natureza desse lugar incr\u00edvel, o mergulho em Bonito ir\u00e1 deixar sua viagem marcada na mem\u00f3ria.\" \/>\n<meta property=\"og:url\" content=\"https:\/\/ikigaiexperience.com.br\/en\/experiencias\/scuba-diving-bonito\/\" \/>\n<meta property=\"og:site_name\" content=\"Ikigai Experience\" \/>\n<meta property=\"article:publisher\" content=\"https:\/\/www.facebook.com\/Ikigai-Experience-100452311832822\" \/>\n<meta property=\"article:modified_time\" content=\"2022-11-03T02:53:46+00:00\" \/>\n<meta property=\"og:image\" content=\"https:\/\/ikigaiexperience.com.br\/wp-content\/uploads\/2022\/07\/mergulho-bonito-capa.jpg\" \/>\n\t<meta property=\"og:image:width\" content=\"935\" \/>\n\t<meta property=\"og:image:height\" content=\"622\" \/>\n\t<meta property=\"og:image:type\" content=\"image\/jpeg\" \/>\n<meta name=\"twitter:card\" content=\"summary_large_image\" \/>\n<meta name=\"twitter:label1\" content=\"Est. tempo de leitura\" \/>\n\t<meta name=\"twitter:data1\" content=\"2 minutes\" \/>\n<script type=\"application\/ld+json\" class=\"yoast-schema-graph\">{\"@context\":\"https:\/\/schema.org\",\"@graph\":[{\"@type\":\"WebPage\",\"@id\":\"https:\/\/ikigaiexperience.com.br\/experiencias\/mergulho-bonito\/\",\"url\":\"https:\/\/ikigaiexperience.com.br\/experiencias\/mergulho-bonito\/\",\"name\":\"Mergulho bonito para iniciantes - Ikigai Experience\",\"isPartOf\":{\"@id\":\"https:\/\/ikigaiexperience.com.br\/#website\"},\"datePublished\":\"2022-07-04T21:35:00+00:00\",\"dateModified\":\"2022-11-03T02:53:46+00:00\",\"description\":\"Explore todas aventuras da natureza desse lugar incr\u00edvel, o mergulho em Bonito ir\u00e1 deixar sua viagem marcada na mem\u00f3ria.\",\"breadcrumb\":{\"@id\":\"https:\/\/ikigaiexperience.com.br\/experiencias\/mergulho-bonito\/#breadcrumb\"},\"inLanguage\":\"en-US\",\"potentialAction\":[{\"@type\":\"ReadAction\",\"target\":[\"https:\/\/ikigaiexperience.com.br\/experiencias\/mergulho-bonito\/\"]}]},{\"@type\":\"BreadcrumbList\",\"@id\":\"https:\/\/ikigaiexperience.com.br\/experiencias\/mergulho-bonito\/#breadcrumb\",\"itemListElement\":[{\"@type\":\"ListItem\",\"position\":1,\"name\":\"In\u00edcio\",\"item\":\"https:\/\/ikigaiexperience.com.br\/\"},{\"@type\":\"ListItem\",\"position\":2,\"name\":\"Mergulho\",\"item\":\"https:\/\/ikigaiexperience.com.br\/experiencia-categoria\/mergulho\/\"},{\"@type\":\"ListItem\",\"position\":3,\"name\":\"Mergulho bonito para iniciantes\"}]},{\"@type\":\"WebSite\",\"@id\":\"https:\/\/ikigaiexperience.com.br\/#website\",\"url\":\"https:\/\/ikigaiexperience.com.br\/\",\"name\":\"Ikigai Experience\",\"description\":\"Reserve seu mergulho de um modo f\u00e1cil, r\u00e1pido e divertido.\",\"publisher\":{\"@id\":\"https:\/\/ikigaiexperience.com.br\/#organization\"},\"potentialAction\":[{\"@type\":\"SearchAction\",\"target\":{\"@type\":\"EntryPoint\",\"urlTemplate\":\"https:\/\/ikigaiexperience.com.br\/?s={search_term_string}\"},\"query-input\":\"required name=search_term_string\"}],\"inLanguage\":\"en-US\"},{\"@type\":\"Organization\",\"@id\":\"https:\/\/ikigaiexperience.com.br\/#organization\",\"name\":\"Ikigai Experience\",\"url\":\"https:\/\/ikigaiexperience.com.br\/\",\"logo\":{\"@type\":\"ImageObject\",\"inLanguage\":\"en-US\",\"@id\":\"https:\/\/ikigaiexperience.com.br\/#\/schema\/logo\/image\/\",\"url\":\"https:\/\/ikigaiexperience.com.br\/wp-content\/uploads\/2021\/06\/Ikigai-Experience-Horizontal-Branco.png\",\"contentUrl\":\"https:\/\/ikigaiexperience.com.br\/wp-content\/uploads\/2021\/06\/Ikigai-Experience-Horizontal-Branco.png\",\"width\":924,\"height\":249,\"caption\":\"Ikigai Experience\"},\"image\":{\"@id\":\"https:\/\/ikigaiexperience.com.br\/#\/schema\/logo\/image\/\"},\"sameAs\":[\"https:\/\/www.instagram.com\/theikigaiexperience\/\",\"https:\/\/www.linkedin.com\/company\/ikigai-experience\",\"https:\/\/www.youtube.com\/channel\/UC8qpgAQ3P89h79oP9ymmo7Q\",\"https:\/\/www.facebook.com\/Ikigai-Experience-100452311832822\"]}]}<\/script>\n<!-- \/ Yoast SEO plugin. -->","yoast_head_json":{"title":"Mergulho bonito para iniciantes - Ikigai Experience","description":"Explore todas aventuras da natureza desse lugar incr\u00edvel, o mergulho em Bonito ir\u00e1 deixar sua viagem marcada na mem\u00f3ria.","robots":{"index":"index","follow":"follow","max-snippet":"max-snippet:-1","max-image-preview":"max-image-preview:large","max-video-preview":"max-video-preview:-1"},"canonical":"https:\/\/ikigaiexperience.com.br\/en\/experiencias\/scuba-diving-bonito\/","og_locale":"en_US","og_type":"article","og_title":"Mergulho bonito para iniciantes - Ikigai Experience","og_description":"Explore todas aventuras da natureza desse lugar incr\u00edvel, o mergulho em Bonito ir\u00e1 deixar sua viagem marcada na mem\u00f3ria.","og_url":"https:\/\/ikigaiexperience.com.br\/en\/experiencias\/scuba-diving-bonito\/","og_site_name":"Ikigai Experience","article_publisher":"https:\/\/www.facebook.com\/Ikigai-Experience-100452311832822","article_modified_time":"2022-11-03T02:53:46+00:00","og_image":[{"width":935,"height":622,"url":"https:\/\/ikigaiexperience.com.br\/wp-content\/uploads\/2022\/07\/mergulho-bonito-capa.jpg","type":"image\/jpeg"}],"twitter_card":"summary_large_image","twitter_misc":{"Est. tempo de leitura":"2 minutes"},"schema":{"@context":"https:\/\/schema.org","@graph":[{"@type":"WebPage","@id":"https:\/\/ikigaiexperience.com.br\/experiencias\/mergulho-bonito\/","url":"https:\/\/ikigaiexperience.com.br\/experiencias\/mergulho-bonito\/","name":"Mergulho bonito para iniciantes - Ikigai Experience","isPartOf":{"@id":"https:\/\/ikigaiexperience.com.br\/#website"},"datePublished":"2022-07-04T21:35:00+00:00","dateModified":"2022-11-03T02:53:46+00:00","description":"Explore todas aventuras da natureza desse lugar incr\u00edvel, o mergulho em Bonito ir\u00e1 deixar sua viagem marcada na mem\u00f3ria.","breadcrumb":{"@id":"https:\/\/ikigaiexperience.com.br\/experiencias\/mergulho-bonito\/#breadcrumb"},"inLanguage":"en-US","potentialAction":[{"@type":"ReadAction","target":["https:\/\/ikigaiexperience.com.br\/experiencias\/mergulho-bonito\/"]}]},{"@type":"BreadcrumbList","@id":"https:\/\/ikigaiexperience.com.br\/experiencias\/mergulho-bonito\/#breadcrumb","itemListElement":[{"@type":"ListItem","position":1,"name":"In\u00edcio","item":"https:\/\/ikigaiexperience.com.br\/"},{"@type":"ListItem","position":2,"name":"Mergulho","item":"https:\/\/ikigaiexperience.com.br\/experiencia-categoria\/mergulho\/"},{"@type":"ListItem","position":3,"name":"Mergulho bonito para iniciantes"}]},{"@type":"WebSite","@id":"https:\/\/ikigaiexperience.com.br\/#website","url":"https:\/\/ikigaiexperience.com.br\/","name":"Ikigai Experience","description":"Reserve seu mergulho de um modo f\u00e1cil, r\u00e1pido e divertido.","publisher":{"@id":"https:\/\/ikigaiexperience.com.br\/#organization"},"potentialAction":[{"@type":"SearchAction","target":{"@type":"EntryPoint","urlTemplate":"https:\/\/ikigaiexperience.com.br\/?s={search_term_string}"},"query-input":"required name=search_term_string"}],"inLanguage":"en-US"},{"@type":"Organization","@id":"https:\/\/ikigaiexperience.com.br\/#organization","name":"Ikigai Experience","url":"https:\/\/ikigaiexperience.com.br\/","logo":{"@type":"ImageObject","inLanguage":"en-US","@id":"https:\/\/ikigaiexperience.com.br\/#\/schema\/logo\/image\/","url":"https:\/\/ikigaiexperience.com.br\/wp-content\/uploads\/2021\/06\/Ikigai-Experience-Horizontal-Branco.png","contentUrl":"https:\/\/ikigaiexperience.com.br\/wp-content\/uploads\/2021\/06\/Ikigai-Experience-Horizontal-Branco.png","width":924,"height":249,"caption":"Ikigai Experience"},"image":{"@id":"https:\/\/ikigaiexperience.com.br\/#\/schema\/logo\/image\/"},"sameAs":["https:\/\/www.instagram.com\/theikigaiexperience\/","https:\/\/www.linkedin.com\/company\/ikigai-experience","https:\/\/www.youtube.com\/channel\/UC8qpgAQ3P89h79oP9ymmo7Q","https:\/\/www.facebook.com\/Ikigai-Experience-100452311832822"]}]}},"_links":{"self":[{"href":"https:\/\/ikigaiexperience.com.br\/en\/wp-json\/wp\/v2\/product\/19281"}],"collection":[{"href":"https:\/\/ikigaiexperience.com.br\/en\/wp-json\/wp\/v2\/product"}],"about":[{"href":"https:\/\/ikigaiexperience.com.br\/en\/wp-json\/wp\/v2\/types\/product"}],"version-history":[{"count":0,"href":"https:\/\/ikigaiexperience.com.br\/en\/wp-json\/wp\/v2\/product\/19281\/revisions"}],"wp:featuredmedia":[{"embeddable":true,"href":"https:\/\/ikigaiexperience.com.br\/en\/wp-json\/wp\/v2\/media\/19292"}],"wp:attachment":[{"href":"https:\/\/ikigaiexperience.com.br\/en\/wp-json\/wp\/v2\/media?parent=19281"}],"wp:term":[{"taxonomy":"product_cat","embeddable":true,"href":"https:\/\/ikigaiexperience.com.br\/en\/wp-json\/wp\/v2\/product_cat?post=19281"},{"taxonomy":"product_tag","embeddable":true,"href":"https:\/\/ikigaiexperience.com.br\/en\/wp-json\/wp\/v2\/product_tag?post=19281"}],"curies":[{"name":"wp","href":"https:\/\/api.w.org\/{rel}","templated":true}]}}