{"id":1917,"date":"2021-06-22T10:50:04","date_gmt":"2021-06-22T13:50:04","guid":{"rendered":"https:\/\/ikigaiexperience.com.br\/?post_type=product&#038;p=1917"},"modified":"2024-01-10T18:44:26","modified_gmt":"2024-01-10T21:44:26","slug":"mergulho-florianopolis-ilha-do-xavier-credenciados","status":"publish","type":"product","link":"https:\/\/ikigaiexperience.com.br\/en\/experiencias\/scuba-diving-florianopolis-certified\/","title":{"rendered":"Diving Florian\u00f3polis \u2013 Xavier Island for Accredited"},"content":{"rendered":"<h3>Xavier&#039;s Island<\/h3>\n<p>Diving takes place on Xavier Island, starting at the Barra da Lagoon channel, one of the best diving spots in Floripa and region and ideal for those who are in the center or southern region of the island.<\/p>\n<p><span style=\"font-weight: 400;\">Xavier Island has one of the most classic dives in Floripa. Located in front of Praia Mole, it has depths that vary between 5 and 18 meters and a more protected \u201csalon\u201d to the south that is home to a lot of marine life.<\/span><\/p>\n<h3>The Diving Experience<\/h3>\n<p><span style=\"font-weight: 400;\">Once the initial instructions are finished, the boat trip will begin, starting at the channel of Barra da Lagoon and going around the hill of Galheta, passing in front of Praia Mole towards Ilha do Xavier.<\/span><\/p>\n<p><span style=\"font-weight: 400;\">The tour lasts around 20 or 30 minutes. Upon arrival at the Island, preparations for the start of the dives will begin.<\/span><\/p>\n<p><span style=\"font-weight: 400;\">In the dive on Xavier Island for accredited, 2 cylinders are provided for the dive with which you can stay up to 1 hour in the water with each one.<\/span><\/p>\n<p><span style=\"font-weight: 400;\">O<\/span><span style=\"font-weight: 400;\"> The complete tour lasts between 4 and 5 hours, with departures in the morning at 08:00.<\/span><\/p>\n<h3>Other Experiences in Florida<\/h3>\n<p><strong><a href=\"https:\/\/ikigaiexperience.com.br\/en\/mergulho\/mergulho-florianopolis-ilha-do-xavier\/\">Diving Florian\u00f3polis \u2013 Xavier Island<\/a>:<\/strong> Beginners departure, no prior experience required.<\/p>\n<p>So, let&#039;s go diving with us?<\/p>","protected":false},"excerpt":{"rendered":"<p>The Florian\u00f3polis Ilha do Xavier dive for accredited is ideal for divers who already have their certification and want to know Xavier Island with greater freedom. The experience includes 2 dives with 1 cylinder each, accompanied by an instructor in a depth of up to 20m.<\/p>","protected":false},"featured_media":4347,"parent":0,"template":"","meta":[],"product_cat":[29],"product_tag":[],"yoast_head":"<!-- This site is optimized with the Yoast SEO plugin v20.0 - https:\/\/yoast.com\/wordpress\/plugins\/seo\/ -->\n<title>Mergulho Florian\u00f3polis - Ilha do Xavier para Credenciados<\/title>\n<meta name=\"description\" content=\"Fa\u00e7a j\u00e1 seu mergulho para credenciados na Ilha do Xavier, cheio da vida marinha com muitos peixes, tartarugas, polvos e corais.\" \/>\n<meta name=\"robots\" content=\"index, follow, max-snippet:-1, max-image-preview:large, max-video-preview:-1\" \/>\n<link rel=\"canonical\" href=\"https:\/\/ikigaiexperience.com.br\/en\/experiencias\/scuba-diving-florianopolis\/\" \/>\n<meta property=\"og:locale\" content=\"en_US\" \/>\n<meta property=\"og:type\" content=\"article\" \/>\n<meta property=\"og:title\" content=\"Mergulho Ilha do Xavier\" \/>\n<meta property=\"og:description\" content=\"Mergulhe em Florian\u00f3polis na Ilha do Xavier, cheio da vida marinha com muitos peixes, tartarugas, polvos e corais.\" \/>\n<meta property=\"og:url\" content=\"https:\/\/ikigaiexperience.com.br\/en\/experiencias\/scuba-diving-florianopolis\/\" \/>\n<meta property=\"og:site_name\" content=\"Ikigai Experience\" \/>\n<meta property=\"article:publisher\" content=\"https:\/\/www.facebook.com\/Ikigai-Experience-100452311832822\" \/>\n<meta property=\"article:modified_time\" content=\"2024-01-10T21:44:26+00:00\" \/>\n<meta property=\"og:image\" content=\"https:\/\/ikigaiexperience.com.br\/wp-content\/uploads\/2021\/06\/mergulho-batismo-mar.jpg\" \/>\n\t<meta property=\"og:image:width\" content=\"800\" \/>\n\t<meta property=\"og:image:height\" content=\"526\" \/>\n\t<meta property=\"og:image:type\" content=\"image\/jpeg\" \/>\n<meta name=\"twitter:card\" content=\"summary_large_image\" \/>\n<meta name=\"twitter:label1\" content=\"Est. tempo de leitura\" \/>\n\t<meta name=\"twitter:data1\" content=\"2 minutes\" \/>\n<script type=\"application\/ld+json\" class=\"yoast-schema-graph\">{\"@context\":\"https:\/\/schema.org\",\"@graph\":[{\"@type\":\"WebPage\",\"@id\":\"https:\/\/ikigaiexperience.com.br\/experiencias\/mergulho-florianopolis-ilha-do-xavier-credenciados\/\",\"url\":\"https:\/\/ikigaiexperience.com.br\/experiencias\/mergulho-florianopolis-ilha-do-xavier\/\",\"name\":\"Mergulho Florian\u00f3polis - Ilha do Xavier para Credenciados\",\"isPartOf\":{\"@id\":\"https:\/\/ikigaiexperience.com.br\/#website\"},\"datePublished\":\"2021-06-22T13:50:04+00:00\",\"dateModified\":\"2024-01-10T21:44:26+00:00\",\"description\":\"Fa\u00e7a j\u00e1 seu mergulho para credenciados na Ilha do Xavier, cheio da vida marinha com muitos peixes, tartarugas, polvos e corais.\",\"breadcrumb\":{\"@id\":\"https:\/\/ikigaiexperience.com.br\/experiencias\/mergulho-florianopolis-ilha-do-xavier\/#breadcrumb\"},\"inLanguage\":\"en-US\",\"potentialAction\":[{\"@type\":\"ReadAction\",\"target\":[\"https:\/\/ikigaiexperience.com.br\/experiencias\/mergulho-florianopolis-ilha-do-xavier\/\"]}]},{\"@type\":\"BreadcrumbList\",\"@id\":\"https:\/\/ikigaiexperience.com.br\/experiencias\/mergulho-florianopolis-ilha-do-xavier\/#breadcrumb\",\"itemListElement\":[{\"@type\":\"ListItem\",\"position\":1,\"name\":\"In\u00edcio\",\"item\":\"https:\/\/ikigaiexperience.com.br\/\"},{\"@type\":\"ListItem\",\"position\":2,\"name\":\"Mergulho\",\"item\":\"https:\/\/ikigaiexperience.com.br\/experiencia-categoria\/mergulho\/\"},{\"@type\":\"ListItem\",\"position\":3,\"name\":\"Mergulho Florian\u00f3polis &#8211; Ilha do Xavier para Credenciados\"}]},{\"@type\":\"WebSite\",\"@id\":\"https:\/\/ikigaiexperience.com.br\/#website\",\"url\":\"https:\/\/ikigaiexperience.com.br\/\",\"name\":\"Ikigai Experience\",\"description\":\"Reserve seu mergulho de um modo f\u00e1cil, r\u00e1pido e divertido.\",\"publisher\":{\"@id\":\"https:\/\/ikigaiexperience.com.br\/#organization\"},\"potentialAction\":[{\"@type\":\"SearchAction\",\"target\":{\"@type\":\"EntryPoint\",\"urlTemplate\":\"https:\/\/ikigaiexperience.com.br\/?s={search_term_string}\"},\"query-input\":\"required name=search_term_string\"}],\"inLanguage\":\"en-US\"},{\"@type\":\"Organization\",\"@id\":\"https:\/\/ikigaiexperience.com.br\/#organization\",\"name\":\"Ikigai Experience\",\"url\":\"https:\/\/ikigaiexperience.com.br\/\",\"logo\":{\"@type\":\"ImageObject\",\"inLanguage\":\"en-US\",\"@id\":\"https:\/\/ikigaiexperience.com.br\/#\/schema\/logo\/image\/\",\"url\":\"https:\/\/ikigaiexperience.com.br\/wp-content\/uploads\/2021\/06\/Ikigai-Experience-Horizontal-Branco.png\",\"contentUrl\":\"https:\/\/ikigaiexperience.com.br\/wp-content\/uploads\/2021\/06\/Ikigai-Experience-Horizontal-Branco.png\",\"width\":924,\"height\":249,\"caption\":\"Ikigai Experience\"},\"image\":{\"@id\":\"https:\/\/ikigaiexperience.com.br\/#\/schema\/logo\/image\/\"},\"sameAs\":[\"https:\/\/www.instagram.com\/theikigaiexperience\/\",\"https:\/\/www.linkedin.com\/company\/ikigai-experience\",\"https:\/\/www.youtube.com\/channel\/UC8qpgAQ3P89h79oP9ymmo7Q\",\"https:\/\/www.facebook.com\/Ikigai-Experience-100452311832822\"]}]}<\/script>\n<!-- \/ Yoast SEO plugin. -->","yoast_head_json":{"title":"Mergulho Florian\u00f3polis - Ilha do Xavier para Credenciados","description":"Fa\u00e7a j\u00e1 seu mergulho para credenciados na Ilha do Xavier, cheio da vida marinha com muitos peixes, tartarugas, polvos e corais.","robots":{"index":"index","follow":"follow","max-snippet":"max-snippet:-1","max-image-preview":"max-image-preview:large","max-video-preview":"max-video-preview:-1"},"canonical":"https:\/\/ikigaiexperience.com.br\/en\/experiencias\/scuba-diving-florianopolis\/","og_locale":"en_US","og_type":"article","og_title":"Mergulho Ilha do Xavier","og_description":"Mergulhe em Florian\u00f3polis na Ilha do Xavier, cheio da vida marinha com muitos peixes, tartarugas, polvos e corais.","og_url":"https:\/\/ikigaiexperience.com.br\/en\/experiencias\/scuba-diving-florianopolis\/","og_site_name":"Ikigai Experience","article_publisher":"https:\/\/www.facebook.com\/Ikigai-Experience-100452311832822","article_modified_time":"2024-01-10T21:44:26+00:00","og_image":[{"width":800,"height":526,"type":"image\/jpeg","url":"https:\/\/ikigaiexperience.com.br\/wp-content\/uploads\/2021\/06\/mergulho-batismo-mar.jpg"}],"twitter_card":"summary_large_image","twitter_misc":{"Est. tempo de leitura":"2 minutes"},"schema":{"@context":"https:\/\/schema.org","@graph":[{"@type":"WebPage","@id":"https:\/\/ikigaiexperience.com.br\/experiencias\/mergulho-florianopolis-ilha-do-xavier-credenciados\/","url":"https:\/\/ikigaiexperience.com.br\/experiencias\/mergulho-florianopolis-ilha-do-xavier\/","name":"Mergulho Florian\u00f3polis - Ilha do Xavier para Credenciados","isPartOf":{"@id":"https:\/\/ikigaiexperience.com.br\/#website"},"datePublished":"2021-06-22T13:50:04+00:00","dateModified":"2024-01-10T21:44:26+00:00","description":"Fa\u00e7a j\u00e1 seu mergulho para credenciados na Ilha do Xavier, cheio da vida marinha com muitos peixes, tartarugas, polvos e corais.","breadcrumb":{"@id":"https:\/\/ikigaiexperience.com.br\/experiencias\/mergulho-florianopolis-ilha-do-xavier\/#breadcrumb"},"inLanguage":"en-US","potentialAction":[{"@type":"ReadAction","target":["https:\/\/ikigaiexperience.com.br\/experiencias\/mergulho-florianopolis-ilha-do-xavier\/"]}]},{"@type":"BreadcrumbList","@id":"https:\/\/ikigaiexperience.com.br\/experiencias\/mergulho-florianopolis-ilha-do-xavier\/#breadcrumb","itemListElement":[{"@type":"ListItem","position":1,"name":"In\u00edcio","item":"https:\/\/ikigaiexperience.com.br\/"},{"@type":"ListItem","position":2,"name":"Mergulho","item":"https:\/\/ikigaiexperience.com.br\/experiencia-categoria\/mergulho\/"},{"@type":"ListItem","position":3,"name":"Mergulho Florian\u00f3polis &#8211; Ilha do Xavier para Credenciados"}]},{"@type":"WebSite","@id":"https:\/\/ikigaiexperience.com.br\/#website","url":"https:\/\/ikigaiexperience.com.br\/","name":"Ikigai Experience","description":"Reserve seu mergulho de um modo f\u00e1cil, r\u00e1pido e divertido.","publisher":{"@id":"https:\/\/ikigaiexperience.com.br\/#organization"},"potentialAction":[{"@type":"SearchAction","target":{"@type":"EntryPoint","urlTemplate":"https:\/\/ikigaiexperience.com.br\/?s={search_term_string}"},"query-input":"required name=search_term_string"}],"inLanguage":"en-US"},{"@type":"Organization","@id":"https:\/\/ikigaiexperience.com.br\/#organization","name":"Ikigai Experience","url":"https:\/\/ikigaiexperience.com.br\/","logo":{"@type":"ImageObject","inLanguage":"en-US","@id":"https:\/\/ikigaiexperience.com.br\/#\/schema\/logo\/image\/","url":"https:\/\/ikigaiexperience.com.br\/wp-content\/uploads\/2021\/06\/Ikigai-Experience-Horizontal-Branco.png","contentUrl":"https:\/\/ikigaiexperience.com.br\/wp-content\/uploads\/2021\/06\/Ikigai-Experience-Horizontal-Branco.png","width":924,"height":249,"caption":"Ikigai Experience"},"image":{"@id":"https:\/\/ikigaiexperience.com.br\/#\/schema\/logo\/image\/"},"sameAs":["https:\/\/www.instagram.com\/theikigaiexperience\/","https:\/\/www.linkedin.com\/company\/ikigai-experience","https:\/\/www.youtube.com\/channel\/UC8qpgAQ3P89h79oP9ymmo7Q","https:\/\/www.facebook.com\/Ikigai-Experience-100452311832822"]}]}},"_links":{"self":[{"href":"https:\/\/ikigaiexperience.com.br\/en\/wp-json\/wp\/v2\/product\/1917"}],"collection":[{"href":"https:\/\/ikigaiexperience.com.br\/en\/wp-json\/wp\/v2\/product"}],"about":[{"href":"https:\/\/ikigaiexperience.com.br\/en\/wp-json\/wp\/v2\/types\/product"}],"version-history":[{"count":1,"href":"https:\/\/ikigaiexperience.com.br\/en\/wp-json\/wp\/v2\/product\/1917\/revisions"}],"predecessor-version":[{"id":21746,"href":"https:\/\/ikigaiexperience.com.br\/en\/wp-json\/wp\/v2\/product\/1917\/revisions\/21746"}],"wp:featuredmedia":[{"embeddable":true,"href":"https:\/\/ikigaiexperience.com.br\/en\/wp-json\/wp\/v2\/media\/4347"}],"wp:attachment":[{"href":"https:\/\/ikigaiexperience.com.br\/en\/wp-json\/wp\/v2\/media?parent=1917"}],"wp:term":[{"taxonomy":"product_cat","embeddable":true,"href":"https:\/\/ikigaiexperience.com.br\/en\/wp-json\/wp\/v2\/product_cat?post=1917"},{"taxonomy":"product_tag","embeddable":true,"href":"https:\/\/ikigaiexperience.com.br\/en\/wp-json\/wp\/v2\/product_tag?post=1917"}],"curies":[{"name":"wp","href":"https:\/\/api.w.org\/{rel}","templated":true}]}}