{"id":18879,"date":"2022-06-27T18:35:32","date_gmt":"2022-06-27T21:35:32","guid":{"rendered":"https:\/\/ikigaiexperience.com.br\/?post_type=product&#038;p=18879"},"modified":"2022-11-02T23:42:05","modified_gmt":"2022-11-03T02:42:05","slug":"mergulho-santos","status":"publish","type":"product","link":"https:\/\/ikigaiexperience.com.br\/en\/experiencias\/scuba-diving-santos\/","title":{"rendered":"Santos scuba diving for beginners"},"content":{"rendered":"<h3><strong>Diving Santos - Slab of Santos\u00a0<\/strong><\/h3>\n<p><span style=\"font-weight: 400;\">Known for its wonderful beaches, when performing the Diving in Santos, you will be facing the aquatic beauties of the city of the state of S\u00e3o Paulo, known for having the 3rd best diving point in the state.\u00a0<\/span><\/p>\n<p><span style=\"font-weight: 400;\">And it is at Diving in Santos that one of these best known spots is located. The Santos Laje State Marine Park is renowned for its visibility and depth.\u00a0<\/span><\/p>\n<p><span style=\"font-weight: 400;\">Thanks to its depth, large marine animals are often seen on the Santos Slab, which is a unique sight for species with tons.\u00a0<\/span><\/p>\n<h3><strong>Santos Slab Diving Experience\u00a0<\/strong><\/h3>\n<p><span style=\"font-weight: 400;\">About 42 kg off the coast, Laje de Santos is the place professional divers hope to dive someday.\u00a0<\/span><\/p>\n<p><span style=\"font-weight: 400;\">Among all the wonders that we can see in the Parque Estadual Marinho da Laje of Santos are the appearance of giant manta rays, currently considered to be one of the largest fish in the world.<\/span><\/p>\n<p><span style=\"font-weight: 400;\">Not only stingrays, but whales are seen at certain times of the year, on Laje de Santos, with a little more luck, it is also possible to receive a visit from sharks and dolphins.\u00a0<\/span><\/p>\n<p><span style=\"font-weight: 400;\">The Santos slab has almost 200 different species of fish and the passage of octopus and turtles are the most seen.\u00a0<\/span><\/p>\n<p><span style=\"font-weight: 400;\">Although its depth of 30 meters is surprising to more experienced divers, the visibility of the Santos&#039;s Laje makes us enjoy more of the State Park.\u00a0<\/span><\/p>\n<p><span style=\"font-weight: 400;\">Curious to dive into the waters of Lajes from the Santos? And look, it&#039;s not the only diving spot in the park.\u00a0<\/span><\/p>\n<p><span style=\"font-weight: 400;\">The awareness of preserving the Santos&#039;s Slab has only brought benefits, as on certain occasions, even a penguin has appeared swimming around here.\u00a0<\/span><\/p>\n<p><span style=\"font-weight: 400;\">In Diving Santos we are in contact with the marine fauna, enjoying the beauties of the bottom of Laje.<\/span><\/p>","protected":false},"excerpt":{"rendered":"<p>In the Santos diving experience in the baptism modality, you will have the opportunity to know the most beautiful spots to dive in the region without needing any previous experience, not even knowing how to swim. The experience consists of 40 minutes of diving accompanied by an instructor at a depth of up to 10m.<\/p>","protected":false},"featured_media":18880,"parent":0,"template":"","meta":[],"product_cat":[29],"product_tag":[],"yoast_head":"<!-- This site is optimized with the Yoast SEO plugin v20.0 - https:\/\/yoast.com\/wordpress\/plugins\/seo\/ -->\n<title>Mergulho Santos para iniciantes - Ikigai Experience<\/title>\n<meta name=\"description\" content=\"Venha mergulhar em Santos e aproveite ao m\u00e1ximo sua viagem aqui. Conhe\u00e7a toda fauna subaqu\u00e1tica da laje de santos.\" \/>\n<meta name=\"robots\" content=\"index, follow, max-snippet:-1, max-image-preview:large, max-video-preview:-1\" \/>\n<link rel=\"canonical\" href=\"https:\/\/ikigaiexperience.com.br\/en\/experiencias\/scuba-diving-santos\/\" \/>\n<meta property=\"og:locale\" content=\"en_US\" \/>\n<meta property=\"og:type\" content=\"article\" \/>\n<meta property=\"og:title\" content=\"Mergulho Santos para iniciantes - Ikigai Experience\" \/>\n<meta property=\"og:description\" content=\"Venha mergulhar em Santos e aproveite ao m\u00e1ximo sua viagem aqui. Conhe\u00e7a toda fauna subaqu\u00e1tica da laje de santos.\" \/>\n<meta property=\"og:url\" content=\"https:\/\/ikigaiexperience.com.br\/en\/experiencias\/scuba-diving-santos\/\" \/>\n<meta property=\"og:site_name\" content=\"Ikigai Experience\" \/>\n<meta property=\"article:publisher\" content=\"https:\/\/www.facebook.com\/Ikigai-Experience-100452311832822\" \/>\n<meta property=\"article:modified_time\" content=\"2022-11-03T02:42:05+00:00\" \/>\n<meta property=\"og:image\" content=\"https:\/\/ikigaiexperience.com.br\/wp-content\/uploads\/2022\/06\/mergulho-santos.jpg\" \/>\n\t<meta property=\"og:image:width\" content=\"935\" \/>\n\t<meta property=\"og:image:height\" content=\"622\" \/>\n\t<meta property=\"og:image:type\" content=\"image\/jpeg\" \/>\n<meta name=\"twitter:card\" content=\"summary_large_image\" \/>\n<meta name=\"twitter:label1\" content=\"Est. tempo de leitura\" \/>\n\t<meta name=\"twitter:data1\" content=\"2 minutes\" \/>\n<script type=\"application\/ld+json\" class=\"yoast-schema-graph\">{\"@context\":\"https:\/\/schema.org\",\"@graph\":[{\"@type\":\"WebPage\",\"@id\":\"https:\/\/ikigaiexperience.com.br\/experiencias\/mergulho-santos\/\",\"url\":\"https:\/\/ikigaiexperience.com.br\/experiencias\/mergulho-santos\/\",\"name\":\"Mergulho Santos para iniciantes - Ikigai Experience\",\"isPartOf\":{\"@id\":\"https:\/\/ikigaiexperience.com.br\/#website\"},\"datePublished\":\"2022-06-27T21:35:32+00:00\",\"dateModified\":\"2022-11-03T02:42:05+00:00\",\"description\":\"Venha mergulhar em Santos e aproveite ao m\u00e1ximo sua viagem aqui. Conhe\u00e7a toda fauna subaqu\u00e1tica da laje de santos.\",\"breadcrumb\":{\"@id\":\"https:\/\/ikigaiexperience.com.br\/experiencias\/mergulho-santos\/#breadcrumb\"},\"inLanguage\":\"en-US\",\"potentialAction\":[{\"@type\":\"ReadAction\",\"target\":[\"https:\/\/ikigaiexperience.com.br\/experiencias\/mergulho-santos\/\"]}]},{\"@type\":\"BreadcrumbList\",\"@id\":\"https:\/\/ikigaiexperience.com.br\/experiencias\/mergulho-santos\/#breadcrumb\",\"itemListElement\":[{\"@type\":\"ListItem\",\"position\":1,\"name\":\"In\u00edcio\",\"item\":\"https:\/\/ikigaiexperience.com.br\/\"},{\"@type\":\"ListItem\",\"position\":2,\"name\":\"Mergulho\",\"item\":\"https:\/\/ikigaiexperience.com.br\/experiencia-categoria\/mergulho\/\"},{\"@type\":\"ListItem\",\"position\":3,\"name\":\"Mergulho Santos para iniciantes\"}]},{\"@type\":\"WebSite\",\"@id\":\"https:\/\/ikigaiexperience.com.br\/#website\",\"url\":\"https:\/\/ikigaiexperience.com.br\/\",\"name\":\"Ikigai Experience\",\"description\":\"Reserve seu mergulho de um modo f\u00e1cil, r\u00e1pido e divertido.\",\"publisher\":{\"@id\":\"https:\/\/ikigaiexperience.com.br\/#organization\"},\"potentialAction\":[{\"@type\":\"SearchAction\",\"target\":{\"@type\":\"EntryPoint\",\"urlTemplate\":\"https:\/\/ikigaiexperience.com.br\/?s={search_term_string}\"},\"query-input\":\"required name=search_term_string\"}],\"inLanguage\":\"en-US\"},{\"@type\":\"Organization\",\"@id\":\"https:\/\/ikigaiexperience.com.br\/#organization\",\"name\":\"Ikigai Experience\",\"url\":\"https:\/\/ikigaiexperience.com.br\/\",\"logo\":{\"@type\":\"ImageObject\",\"inLanguage\":\"en-US\",\"@id\":\"https:\/\/ikigaiexperience.com.br\/#\/schema\/logo\/image\/\",\"url\":\"https:\/\/ikigaiexperience.com.br\/wp-content\/uploads\/2021\/06\/Ikigai-Experience-Horizontal-Branco.png\",\"contentUrl\":\"https:\/\/ikigaiexperience.com.br\/wp-content\/uploads\/2021\/06\/Ikigai-Experience-Horizontal-Branco.png\",\"width\":924,\"height\":249,\"caption\":\"Ikigai Experience\"},\"image\":{\"@id\":\"https:\/\/ikigaiexperience.com.br\/#\/schema\/logo\/image\/\"},\"sameAs\":[\"https:\/\/www.instagram.com\/theikigaiexperience\/\",\"https:\/\/www.linkedin.com\/company\/ikigai-experience\",\"https:\/\/www.youtube.com\/channel\/UC8qpgAQ3P89h79oP9ymmo7Q\",\"https:\/\/www.facebook.com\/Ikigai-Experience-100452311832822\"]}]}<\/script>\n<!-- \/ Yoast SEO plugin. -->","yoast_head_json":{"title":"Mergulho Santos para iniciantes - Ikigai Experience","description":"Venha mergulhar em Santos e aproveite ao m\u00e1ximo sua viagem aqui. Conhe\u00e7a toda fauna subaqu\u00e1tica da laje de santos.","robots":{"index":"index","follow":"follow","max-snippet":"max-snippet:-1","max-image-preview":"max-image-preview:large","max-video-preview":"max-video-preview:-1"},"canonical":"https:\/\/ikigaiexperience.com.br\/en\/experiencias\/scuba-diving-santos\/","og_locale":"en_US","og_type":"article","og_title":"Mergulho Santos para iniciantes - Ikigai Experience","og_description":"Venha mergulhar em Santos e aproveite ao m\u00e1ximo sua viagem aqui. Conhe\u00e7a toda fauna subaqu\u00e1tica da laje de santos.","og_url":"https:\/\/ikigaiexperience.com.br\/en\/experiencias\/scuba-diving-santos\/","og_site_name":"Ikigai Experience","article_publisher":"https:\/\/www.facebook.com\/Ikigai-Experience-100452311832822","article_modified_time":"2022-11-03T02:42:05+00:00","og_image":[{"width":935,"height":622,"url":"https:\/\/ikigaiexperience.com.br\/wp-content\/uploads\/2022\/06\/mergulho-santos.jpg","type":"image\/jpeg"}],"twitter_card":"summary_large_image","twitter_misc":{"Est. tempo de leitura":"2 minutes"},"schema":{"@context":"https:\/\/schema.org","@graph":[{"@type":"WebPage","@id":"https:\/\/ikigaiexperience.com.br\/experiencias\/mergulho-santos\/","url":"https:\/\/ikigaiexperience.com.br\/experiencias\/mergulho-santos\/","name":"Mergulho Santos para iniciantes - Ikigai Experience","isPartOf":{"@id":"https:\/\/ikigaiexperience.com.br\/#website"},"datePublished":"2022-06-27T21:35:32+00:00","dateModified":"2022-11-03T02:42:05+00:00","description":"Venha mergulhar em Santos e aproveite ao m\u00e1ximo sua viagem aqui. Conhe\u00e7a toda fauna subaqu\u00e1tica da laje de santos.","breadcrumb":{"@id":"https:\/\/ikigaiexperience.com.br\/experiencias\/mergulho-santos\/#breadcrumb"},"inLanguage":"en-US","potentialAction":[{"@type":"ReadAction","target":["https:\/\/ikigaiexperience.com.br\/experiencias\/mergulho-santos\/"]}]},{"@type":"BreadcrumbList","@id":"https:\/\/ikigaiexperience.com.br\/experiencias\/mergulho-santos\/#breadcrumb","itemListElement":[{"@type":"ListItem","position":1,"name":"In\u00edcio","item":"https:\/\/ikigaiexperience.com.br\/"},{"@type":"ListItem","position":2,"name":"Mergulho","item":"https:\/\/ikigaiexperience.com.br\/experiencia-categoria\/mergulho\/"},{"@type":"ListItem","position":3,"name":"Mergulho Santos para iniciantes"}]},{"@type":"WebSite","@id":"https:\/\/ikigaiexperience.com.br\/#website","url":"https:\/\/ikigaiexperience.com.br\/","name":"Ikigai Experience","description":"Reserve seu mergulho de um modo f\u00e1cil, r\u00e1pido e divertido.","publisher":{"@id":"https:\/\/ikigaiexperience.com.br\/#organization"},"potentialAction":[{"@type":"SearchAction","target":{"@type":"EntryPoint","urlTemplate":"https:\/\/ikigaiexperience.com.br\/?s={search_term_string}"},"query-input":"required name=search_term_string"}],"inLanguage":"en-US"},{"@type":"Organization","@id":"https:\/\/ikigaiexperience.com.br\/#organization","name":"Ikigai Experience","url":"https:\/\/ikigaiexperience.com.br\/","logo":{"@type":"ImageObject","inLanguage":"en-US","@id":"https:\/\/ikigaiexperience.com.br\/#\/schema\/logo\/image\/","url":"https:\/\/ikigaiexperience.com.br\/wp-content\/uploads\/2021\/06\/Ikigai-Experience-Horizontal-Branco.png","contentUrl":"https:\/\/ikigaiexperience.com.br\/wp-content\/uploads\/2021\/06\/Ikigai-Experience-Horizontal-Branco.png","width":924,"height":249,"caption":"Ikigai Experience"},"image":{"@id":"https:\/\/ikigaiexperience.com.br\/#\/schema\/logo\/image\/"},"sameAs":["https:\/\/www.instagram.com\/theikigaiexperience\/","https:\/\/www.linkedin.com\/company\/ikigai-experience","https:\/\/www.youtube.com\/channel\/UC8qpgAQ3P89h79oP9ymmo7Q","https:\/\/www.facebook.com\/Ikigai-Experience-100452311832822"]}]}},"_links":{"self":[{"href":"https:\/\/ikigaiexperience.com.br\/en\/wp-json\/wp\/v2\/product\/18879"}],"collection":[{"href":"https:\/\/ikigaiexperience.com.br\/en\/wp-json\/wp\/v2\/product"}],"about":[{"href":"https:\/\/ikigaiexperience.com.br\/en\/wp-json\/wp\/v2\/types\/product"}],"version-history":[{"count":0,"href":"https:\/\/ikigaiexperience.com.br\/en\/wp-json\/wp\/v2\/product\/18879\/revisions"}],"wp:featuredmedia":[{"embeddable":true,"href":"https:\/\/ikigaiexperience.com.br\/en\/wp-json\/wp\/v2\/media\/18880"}],"wp:attachment":[{"href":"https:\/\/ikigaiexperience.com.br\/en\/wp-json\/wp\/v2\/media?parent=18879"}],"wp:term":[{"taxonomy":"product_cat","embeddable":true,"href":"https:\/\/ikigaiexperience.com.br\/en\/wp-json\/wp\/v2\/product_cat?post=18879"},{"taxonomy":"product_tag","embeddable":true,"href":"https:\/\/ikigaiexperience.com.br\/en\/wp-json\/wp\/v2\/product_tag?post=18879"}],"curies":[{"name":"wp","href":"https:\/\/api.w.org\/{rel}","templated":true}]}}