{"id":18838,"date":"2022-06-27T12:26:24","date_gmt":"2022-06-27T15:26:24","guid":{"rendered":"https:\/\/ikigaiexperience.com.br\/?post_type=product&#038;p=18838"},"modified":"2022-11-02T23:07:09","modified_gmt":"2022-11-03T02:07:09","slug":"mergulho-fortaleza","status":"publish","type":"product","link":"https:\/\/ikigaiexperience.com.br\/en\/experiencias\/scuba-diving-fortaleza\/","title":{"rendered":"Fortaleza scuba diving for beginners"},"content":{"rendered":"<h3><strong>Diving Fortaleza \u2013 Dive Point: Coast of Fortaleza<\/strong><\/h3>\n<p><span style=\"font-weight: 400;\">On the coast of the capital of Cear\u00e1 are the most sought after spots by divers with more aptitude, since the depth of the sea exceeds 20 meters.\u00a0<\/span><\/p>\n<p><span style=\"font-weight: 400;\">In addition to its crystal clear waters, the <\/span>Diving in Fortaleza <span style=\"font-weight: 400;\">it has a great variety of marine fauna, with a wealth of life and a blue immensity to be explored.<\/span><\/p>\n<p><span style=\"font-weight: 400;\">The most popular diving point is Pedra da Risca do Meio, as it has one of the largest reefs in extension, approximately 1,000 meters and the most varied marine animals are highlighted in the underwater scenario.\u00a0<\/span><\/p>\n<h3><strong>Fortaleza Diving Experience at Pedra da Risca do Meio Marine State Park<\/strong><\/h3>\n<p><span style=\"font-weight: 400;\">Departing from Porto Mucuripe, the boats take about 50 minutes to travel the 18 km until they reach the diving point of Pedra da Risca do Meio.\u00a0<\/span><\/p>\n<p><span style=\"font-weight: 400;\">There they are faced with a strong blue and a visibility that varies between 15 to 30 meters.\u00a0<\/span><\/p>\n<p><span style=\"font-weight: 400;\">When underwater, the ecosystems catch the attention of divers, as there are a variety of colorful and ornamental fish in their rock formations.\u00a0<\/span><\/p>\n<p><span style=\"font-weight: 400;\">To escape the common tourism that is limited only to the sand of the beach, having an experience amidst the corals of Pedra da Risca do Meio is the right way to live an adventure.\u00a0<\/span><\/p>\n<p><span style=\"font-weight: 400;\">As much as there are shipwrecks throughout the marine park, rock formations and a variety of animals, the most recommended thing is to have an instructor guiding you at the dive site.\u00a0<\/span><\/p>\n<p>The Dive in Fortaleza<span style=\"font-weight: 400;\"> allows a closer relationship between marine species and tourists who seek to understand the importance of preserving and caring for the local ecosystem.\u00a0\u00a0\u00a0<\/span><\/p>\n<p><span style=\"font-weight: 400;\">At the Pedra da Risca do Meio diving point, on the coast of Fortaleza, it allows for a broader and more satisfying experience of scuba diving at different depths.<\/span><\/p>\n<p>So, let&#039;s go diving?<\/p>","protected":false},"excerpt":{"rendered":"<p>In the diving experience in Macei\u00f3 in the baptism modality, you will have the opportunity to know the most beautiful spots to dive in the region without needing any previous experience, not even knowing how to swim.<\/p>","protected":false},"featured_media":18839,"parent":0,"template":"","meta":[],"product_cat":[29],"product_tag":[],"yoast_head":"<!-- This site is optimized with the Yoast SEO plugin v20.0 - https:\/\/yoast.com\/wordpress\/plugins\/seo\/ -->\n<title>Mergulho Fortaleza para iniciantes - Ikigai Experience<\/title>\n<meta name=\"description\" content=\"Mergulhe em Fortaleza e conhe\u00e7a toda vida marinha da regi\u00e3o. Explore o fundo dos oceanos da melhor maneira poss\u00edvel.\" \/>\n<meta name=\"robots\" content=\"index, follow, max-snippet:-1, max-image-preview:large, max-video-preview:-1\" \/>\n<link rel=\"canonical\" href=\"https:\/\/ikigaiexperience.com.br\/en\/experiencias\/scuba-diving-fortaleza\/\" \/>\n<meta property=\"og:locale\" content=\"en_US\" \/>\n<meta property=\"og:type\" content=\"article\" \/>\n<meta property=\"og:title\" content=\"Mergulho Fortaleza para iniciantes - Ikigai Experience\" \/>\n<meta property=\"og:description\" content=\"Mergulhe em Fortaleza e conhe\u00e7a toda vida marinha da regi\u00e3o. Explore o fundo dos oceanos da melhor maneira poss\u00edvel.\" \/>\n<meta property=\"og:url\" content=\"https:\/\/ikigaiexperience.com.br\/en\/experiencias\/scuba-diving-fortaleza\/\" \/>\n<meta property=\"og:site_name\" content=\"Ikigai Experience\" \/>\n<meta property=\"article:publisher\" content=\"https:\/\/www.facebook.com\/Ikigai-Experience-100452311832822\" \/>\n<meta property=\"article:modified_time\" content=\"2022-11-03T02:07:09+00:00\" \/>\n<meta property=\"og:image\" content=\"https:\/\/ikigaiexperience.com.br\/wp-content\/uploads\/2022\/06\/mergulho-fortaleza.jpg\" \/>\n\t<meta property=\"og:image:width\" content=\"935\" \/>\n\t<meta property=\"og:image:height\" content=\"622\" \/>\n\t<meta property=\"og:image:type\" content=\"image\/jpeg\" \/>\n<meta name=\"twitter:card\" content=\"summary_large_image\" \/>\n<meta name=\"twitter:label1\" content=\"Est. tempo de leitura\" \/>\n\t<meta name=\"twitter:data1\" content=\"2 minutes\" \/>\n<script type=\"application\/ld+json\" class=\"yoast-schema-graph\">{\"@context\":\"https:\/\/schema.org\",\"@graph\":[{\"@type\":\"WebPage\",\"@id\":\"https:\/\/ikigaiexperience.com.br\/experiencias\/mergulho-fortaleza\/\",\"url\":\"https:\/\/ikigaiexperience.com.br\/experiencias\/mergulho-fortaleza\/\",\"name\":\"Mergulho Fortaleza para iniciantes - Ikigai Experience\",\"isPartOf\":{\"@id\":\"https:\/\/ikigaiexperience.com.br\/#website\"},\"datePublished\":\"2022-06-27T15:26:24+00:00\",\"dateModified\":\"2022-11-03T02:07:09+00:00\",\"description\":\"Mergulhe em Fortaleza e conhe\u00e7a toda vida marinha da regi\u00e3o. Explore o fundo dos oceanos da melhor maneira poss\u00edvel.\",\"breadcrumb\":{\"@id\":\"https:\/\/ikigaiexperience.com.br\/experiencias\/mergulho-fortaleza\/#breadcrumb\"},\"inLanguage\":\"en-US\",\"potentialAction\":[{\"@type\":\"ReadAction\",\"target\":[\"https:\/\/ikigaiexperience.com.br\/experiencias\/mergulho-fortaleza\/\"]}]},{\"@type\":\"BreadcrumbList\",\"@id\":\"https:\/\/ikigaiexperience.com.br\/experiencias\/mergulho-fortaleza\/#breadcrumb\",\"itemListElement\":[{\"@type\":\"ListItem\",\"position\":1,\"name\":\"In\u00edcio\",\"item\":\"https:\/\/ikigaiexperience.com.br\/\"},{\"@type\":\"ListItem\",\"position\":2,\"name\":\"Mergulho\",\"item\":\"https:\/\/ikigaiexperience.com.br\/experiencia-categoria\/mergulho\/\"},{\"@type\":\"ListItem\",\"position\":3,\"name\":\"Mergulho Fortaleza para iniciantes\"}]},{\"@type\":\"WebSite\",\"@id\":\"https:\/\/ikigaiexperience.com.br\/#website\",\"url\":\"https:\/\/ikigaiexperience.com.br\/\",\"name\":\"Ikigai Experience\",\"description\":\"Reserve seu mergulho de um modo f\u00e1cil, r\u00e1pido e divertido.\",\"publisher\":{\"@id\":\"https:\/\/ikigaiexperience.com.br\/#organization\"},\"potentialAction\":[{\"@type\":\"SearchAction\",\"target\":{\"@type\":\"EntryPoint\",\"urlTemplate\":\"https:\/\/ikigaiexperience.com.br\/?s={search_term_string}\"},\"query-input\":\"required name=search_term_string\"}],\"inLanguage\":\"en-US\"},{\"@type\":\"Organization\",\"@id\":\"https:\/\/ikigaiexperience.com.br\/#organization\",\"name\":\"Ikigai Experience\",\"url\":\"https:\/\/ikigaiexperience.com.br\/\",\"logo\":{\"@type\":\"ImageObject\",\"inLanguage\":\"en-US\",\"@id\":\"https:\/\/ikigaiexperience.com.br\/#\/schema\/logo\/image\/\",\"url\":\"https:\/\/ikigaiexperience.com.br\/wp-content\/uploads\/2021\/06\/Ikigai-Experience-Horizontal-Branco.png\",\"contentUrl\":\"https:\/\/ikigaiexperience.com.br\/wp-content\/uploads\/2021\/06\/Ikigai-Experience-Horizontal-Branco.png\",\"width\":924,\"height\":249,\"caption\":\"Ikigai Experience\"},\"image\":{\"@id\":\"https:\/\/ikigaiexperience.com.br\/#\/schema\/logo\/image\/\"},\"sameAs\":[\"https:\/\/www.instagram.com\/theikigaiexperience\/\",\"https:\/\/www.linkedin.com\/company\/ikigai-experience\",\"https:\/\/www.youtube.com\/channel\/UC8qpgAQ3P89h79oP9ymmo7Q\",\"https:\/\/www.facebook.com\/Ikigai-Experience-100452311832822\"]}]}<\/script>\n<!-- \/ Yoast SEO plugin. -->","yoast_head_json":{"title":"Mergulho Fortaleza para iniciantes - Ikigai Experience","description":"Mergulhe em Fortaleza e conhe\u00e7a toda vida marinha da regi\u00e3o. Explore o fundo dos oceanos da melhor maneira poss\u00edvel.","robots":{"index":"index","follow":"follow","max-snippet":"max-snippet:-1","max-image-preview":"max-image-preview:large","max-video-preview":"max-video-preview:-1"},"canonical":"https:\/\/ikigaiexperience.com.br\/en\/experiencias\/scuba-diving-fortaleza\/","og_locale":"en_US","og_type":"article","og_title":"Mergulho Fortaleza para iniciantes - Ikigai Experience","og_description":"Mergulhe em Fortaleza e conhe\u00e7a toda vida marinha da regi\u00e3o. Explore o fundo dos oceanos da melhor maneira poss\u00edvel.","og_url":"https:\/\/ikigaiexperience.com.br\/en\/experiencias\/scuba-diving-fortaleza\/","og_site_name":"Ikigai Experience","article_publisher":"https:\/\/www.facebook.com\/Ikigai-Experience-100452311832822","article_modified_time":"2022-11-03T02:07:09+00:00","og_image":[{"width":935,"height":622,"url":"https:\/\/ikigaiexperience.com.br\/wp-content\/uploads\/2022\/06\/mergulho-fortaleza.jpg","type":"image\/jpeg"}],"twitter_card":"summary_large_image","twitter_misc":{"Est. tempo de leitura":"2 minutes"},"schema":{"@context":"https:\/\/schema.org","@graph":[{"@type":"WebPage","@id":"https:\/\/ikigaiexperience.com.br\/experiencias\/mergulho-fortaleza\/","url":"https:\/\/ikigaiexperience.com.br\/experiencias\/mergulho-fortaleza\/","name":"Mergulho Fortaleza para iniciantes - Ikigai Experience","isPartOf":{"@id":"https:\/\/ikigaiexperience.com.br\/#website"},"datePublished":"2022-06-27T15:26:24+00:00","dateModified":"2022-11-03T02:07:09+00:00","description":"Mergulhe em Fortaleza e conhe\u00e7a toda vida marinha da regi\u00e3o. Explore o fundo dos oceanos da melhor maneira poss\u00edvel.","breadcrumb":{"@id":"https:\/\/ikigaiexperience.com.br\/experiencias\/mergulho-fortaleza\/#breadcrumb"},"inLanguage":"en-US","potentialAction":[{"@type":"ReadAction","target":["https:\/\/ikigaiexperience.com.br\/experiencias\/mergulho-fortaleza\/"]}]},{"@type":"BreadcrumbList","@id":"https:\/\/ikigaiexperience.com.br\/experiencias\/mergulho-fortaleza\/#breadcrumb","itemListElement":[{"@type":"ListItem","position":1,"name":"In\u00edcio","item":"https:\/\/ikigaiexperience.com.br\/"},{"@type":"ListItem","position":2,"name":"Mergulho","item":"https:\/\/ikigaiexperience.com.br\/experiencia-categoria\/mergulho\/"},{"@type":"ListItem","position":3,"name":"Mergulho Fortaleza para iniciantes"}]},{"@type":"WebSite","@id":"https:\/\/ikigaiexperience.com.br\/#website","url":"https:\/\/ikigaiexperience.com.br\/","name":"Ikigai Experience","description":"Reserve seu mergulho de um modo f\u00e1cil, r\u00e1pido e divertido.","publisher":{"@id":"https:\/\/ikigaiexperience.com.br\/#organization"},"potentialAction":[{"@type":"SearchAction","target":{"@type":"EntryPoint","urlTemplate":"https:\/\/ikigaiexperience.com.br\/?s={search_term_string}"},"query-input":"required name=search_term_string"}],"inLanguage":"en-US"},{"@type":"Organization","@id":"https:\/\/ikigaiexperience.com.br\/#organization","name":"Ikigai Experience","url":"https:\/\/ikigaiexperience.com.br\/","logo":{"@type":"ImageObject","inLanguage":"en-US","@id":"https:\/\/ikigaiexperience.com.br\/#\/schema\/logo\/image\/","url":"https:\/\/ikigaiexperience.com.br\/wp-content\/uploads\/2021\/06\/Ikigai-Experience-Horizontal-Branco.png","contentUrl":"https:\/\/ikigaiexperience.com.br\/wp-content\/uploads\/2021\/06\/Ikigai-Experience-Horizontal-Branco.png","width":924,"height":249,"caption":"Ikigai Experience"},"image":{"@id":"https:\/\/ikigaiexperience.com.br\/#\/schema\/logo\/image\/"},"sameAs":["https:\/\/www.instagram.com\/theikigaiexperience\/","https:\/\/www.linkedin.com\/company\/ikigai-experience","https:\/\/www.youtube.com\/channel\/UC8qpgAQ3P89h79oP9ymmo7Q","https:\/\/www.facebook.com\/Ikigai-Experience-100452311832822"]}]}},"_links":{"self":[{"href":"https:\/\/ikigaiexperience.com.br\/en\/wp-json\/wp\/v2\/product\/18838"}],"collection":[{"href":"https:\/\/ikigaiexperience.com.br\/en\/wp-json\/wp\/v2\/product"}],"about":[{"href":"https:\/\/ikigaiexperience.com.br\/en\/wp-json\/wp\/v2\/types\/product"}],"version-history":[{"count":0,"href":"https:\/\/ikigaiexperience.com.br\/en\/wp-json\/wp\/v2\/product\/18838\/revisions"}],"wp:featuredmedia":[{"embeddable":true,"href":"https:\/\/ikigaiexperience.com.br\/en\/wp-json\/wp\/v2\/media\/18839"}],"wp:attachment":[{"href":"https:\/\/ikigaiexperience.com.br\/en\/wp-json\/wp\/v2\/media?parent=18838"}],"wp:term":[{"taxonomy":"product_cat","embeddable":true,"href":"https:\/\/ikigaiexperience.com.br\/en\/wp-json\/wp\/v2\/product_cat?post=18838"},{"taxonomy":"product_tag","embeddable":true,"href":"https:\/\/ikigaiexperience.com.br\/en\/wp-json\/wp\/v2\/product_tag?post=18838"}],"curies":[{"name":"wp","href":"https:\/\/api.w.org\/{rel}","templated":true}]}}