{"id":18830,"date":"2022-06-27T11:59:57","date_gmt":"2022-06-27T14:59:57","guid":{"rendered":"https:\/\/ikigaiexperience.com.br\/?post_type=product&#038;p=18830"},"modified":"2024-06-18T17:50:07","modified_gmt":"2024-06-18T20:50:07","slug":"mergulho-rio-de-janeiro","status":"publish","type":"product","link":"https:\/\/ikigaiexperience.com.br\/en\/experiencias\/scuba-diving-rio-de-janeiro\/","title":{"rendered":"Rio de Janeiro Scuba Diving"},"content":{"rendered":"<h3><strong>Diving Rio de Janeiro \u2013 Embarked Cagarras and Tijucas Islands<\/strong><\/h3>\n<p><span style=\"font-weight: 400;\">At the <\/span>Rio de Janeiro diving<span style=\"font-weight: 400;\">, there are many options in the wonderful city and you don&#039;t have to search far to find them. Along the coast of the city of Rio we see great places for diving.\u00a0<\/span><\/p>\n<p><span style=\"font-weight: 400;\">Diving in the oceanic islands of Rio and seeing the horizon from the sea is, without a doubt, one of the most breathtaking experiences you will have. No matter when you dive, you will always find the sea water pleasant.\u00a0<\/span><\/p>\n<h3><strong>Experience at the Cagarras and Tijucas Islands Diving Points in Rio de Janeiro<\/strong><\/h3>\n<p><span style=\"font-weight: 400;\">Getting to know the biodiversity of the Cagarras Islands and the underwater life of its diving spots is an incredible experience.<\/span><\/p>\n<p><span style=\"font-weight: 400;\">Between the beaches of Barra da Tijuca and the beaches of S\u00e3o Conrado, the archipelago of the Tijucas Islands is located, being considered one of the most beautiful diving spots in Rio de Janeiro.\u00a0<\/span><\/p>\n<p><span style=\"font-weight: 400;\">Since diving in the Tijucas Islands is always accompanied by a large number of fish, stingrays and turtles, it makes the experience sensational.\u00a0<\/span><\/p>\n<p>Diving in Rio de Janeiro allows tourists to always have at hand the diving options of the wonderful city.<\/p>\n<p>And for this reason, the diving points of Cagarras and Tijucas Islands deliver the perfect baptism in their blue waters and a marine fauna rich in species.<\/p>\n<p>The Rio de Janeiro Dive<span style=\"font-weight: 400;\"> in the Cagarras and Tijucas Islands they are sought after in the summer, so it is possible to find more of the marine life.\u00a0<\/span><\/p>","protected":false},"excerpt":{"rendered":"<p>In the diving experience in Rio de Janeiro, in the baptism modality, you will have the opportunity to know the most beautiful spots to dive in the region without needing any previous experience, not even knowing how to swim! The experience consists of 40 minutes of diving accompanied by an instructor at a depth of up to 10m.<\/p>","protected":false},"featured_media":20197,"parent":0,"template":"","meta":[],"product_cat":[29],"product_tag":[],"yoast_head":"<!-- This site is optimized with the Yoast SEO plugin v20.0 - https:\/\/yoast.com\/wordpress\/plugins\/seo\/ -->\n<title>Mergulho Rio de Janeiro para iniciantes Me<\/title>\n<meta name=\"description\" content=\"Fa\u00e7a j\u00e1 seu mergulho no Rio de Janeiro, um dos melhores pontos para mergulho de cilindro do Brasil. Aproveite j\u00e1 e reserve seu passeio.\" \/>\n<meta name=\"robots\" content=\"index, follow, max-snippet:-1, max-image-preview:large, max-video-preview:-1\" \/>\n<link rel=\"canonical\" href=\"https:\/\/ikigaiexperience.com.br\/en\/experiencias\/scuba-diving-rio-de-janeiro\/\" \/>\n<meta property=\"og:locale\" content=\"en_US\" \/>\n<meta property=\"og:type\" content=\"article\" \/>\n<meta property=\"og:title\" content=\"Mergulho Rio de Janeiro para iniciantes Me\" \/>\n<meta property=\"og:description\" content=\"Fa\u00e7a j\u00e1 seu mergulho no Rio de Janeiro, um dos melhores pontos para mergulho de cilindro do Brasil. Aproveite j\u00e1 e reserve seu passeio.\" \/>\n<meta property=\"og:url\" content=\"https:\/\/ikigaiexperience.com.br\/en\/experiencias\/scuba-diving-rio-de-janeiro\/\" \/>\n<meta property=\"og:site_name\" content=\"Ikigai Experience\" \/>\n<meta property=\"article:publisher\" content=\"https:\/\/www.facebook.com\/Ikigai-Experience-100452311832822\" \/>\n<meta property=\"article:modified_time\" content=\"2024-06-18T20:50:07+00:00\" \/>\n<meta property=\"og:image\" content=\"https:\/\/ikigaiexperience.com.br\/wp-content\/uploads\/2022\/06\/mergulho-rio-de-janeiro-1.jpg\" \/>\n\t<meta property=\"og:image:width\" content=\"935\" \/>\n\t<meta property=\"og:image:height\" content=\"622\" \/>\n\t<meta property=\"og:image:type\" content=\"image\/jpeg\" \/>\n<meta name=\"twitter:card\" content=\"summary_large_image\" \/>\n<meta name=\"twitter:label1\" content=\"Est. tempo de leitura\" \/>\n\t<meta name=\"twitter:data1\" content=\"2 minutes\" \/>\n<script type=\"application\/ld+json\" class=\"yoast-schema-graph\">{\"@context\":\"https:\/\/schema.org\",\"@graph\":[{\"@type\":\"WebPage\",\"@id\":\"https:\/\/ikigaiexperience.com.br\/experiencias\/mergulho-rio-de-janeiro\/\",\"url\":\"https:\/\/ikigaiexperience.com.br\/experiencias\/mergulho-rio-de-janeiro\/\",\"name\":\"Mergulho Rio de Janeiro para iniciantes Me\",\"isPartOf\":{\"@id\":\"https:\/\/ikigaiexperience.com.br\/#website\"},\"datePublished\":\"2022-06-27T14:59:57+00:00\",\"dateModified\":\"2024-06-18T20:50:07+00:00\",\"description\":\"Fa\u00e7a j\u00e1 seu mergulho no Rio de Janeiro, um dos melhores pontos para mergulho de cilindro do Brasil. Aproveite j\u00e1 e reserve seu passeio.\",\"breadcrumb\":{\"@id\":\"https:\/\/ikigaiexperience.com.br\/experiencias\/mergulho-rio-de-janeiro\/#breadcrumb\"},\"inLanguage\":\"en-US\",\"potentialAction\":[{\"@type\":\"ReadAction\",\"target\":[\"https:\/\/ikigaiexperience.com.br\/experiencias\/mergulho-rio-de-janeiro\/\"]}]},{\"@type\":\"BreadcrumbList\",\"@id\":\"https:\/\/ikigaiexperience.com.br\/experiencias\/mergulho-rio-de-janeiro\/#breadcrumb\",\"itemListElement\":[{\"@type\":\"ListItem\",\"position\":1,\"name\":\"In\u00edcio\",\"item\":\"https:\/\/ikigaiexperience.com.br\/\"},{\"@type\":\"ListItem\",\"position\":2,\"name\":\"Mergulho\",\"item\":\"https:\/\/ikigaiexperience.com.br\/experiencia-categoria\/mergulho\/\"},{\"@type\":\"ListItem\",\"position\":3,\"name\":\"Mergulho Rio de Janeiro para iniciantes\"}]},{\"@type\":\"WebSite\",\"@id\":\"https:\/\/ikigaiexperience.com.br\/#website\",\"url\":\"https:\/\/ikigaiexperience.com.br\/\",\"name\":\"Ikigai Experience\",\"description\":\"Reserve seu mergulho de um modo f\u00e1cil, r\u00e1pido e divertido.\",\"publisher\":{\"@id\":\"https:\/\/ikigaiexperience.com.br\/#organization\"},\"potentialAction\":[{\"@type\":\"SearchAction\",\"target\":{\"@type\":\"EntryPoint\",\"urlTemplate\":\"https:\/\/ikigaiexperience.com.br\/?s={search_term_string}\"},\"query-input\":\"required name=search_term_string\"}],\"inLanguage\":\"en-US\"},{\"@type\":\"Organization\",\"@id\":\"https:\/\/ikigaiexperience.com.br\/#organization\",\"name\":\"Ikigai Experience\",\"url\":\"https:\/\/ikigaiexperience.com.br\/\",\"logo\":{\"@type\":\"ImageObject\",\"inLanguage\":\"en-US\",\"@id\":\"https:\/\/ikigaiexperience.com.br\/#\/schema\/logo\/image\/\",\"url\":\"https:\/\/ikigaiexperience.com.br\/wp-content\/uploads\/2021\/06\/Ikigai-Experience-Horizontal-Branco.png\",\"contentUrl\":\"https:\/\/ikigaiexperience.com.br\/wp-content\/uploads\/2021\/06\/Ikigai-Experience-Horizontal-Branco.png\",\"width\":924,\"height\":249,\"caption\":\"Ikigai Experience\"},\"image\":{\"@id\":\"https:\/\/ikigaiexperience.com.br\/#\/schema\/logo\/image\/\"},\"sameAs\":[\"https:\/\/www.instagram.com\/theikigaiexperience\/\",\"https:\/\/www.linkedin.com\/company\/ikigai-experience\",\"https:\/\/www.youtube.com\/channel\/UC8qpgAQ3P89h79oP9ymmo7Q\",\"https:\/\/www.facebook.com\/Ikigai-Experience-100452311832822\"]}]}<\/script>\n<!-- \/ Yoast SEO plugin. -->","yoast_head_json":{"title":"Mergulho Rio de Janeiro para iniciantes Me","description":"Fa\u00e7a j\u00e1 seu mergulho no Rio de Janeiro, um dos melhores pontos para mergulho de cilindro do Brasil. Aproveite j\u00e1 e reserve seu passeio.","robots":{"index":"index","follow":"follow","max-snippet":"max-snippet:-1","max-image-preview":"max-image-preview:large","max-video-preview":"max-video-preview:-1"},"canonical":"https:\/\/ikigaiexperience.com.br\/en\/experiencias\/scuba-diving-rio-de-janeiro\/","og_locale":"en_US","og_type":"article","og_title":"Mergulho Rio de Janeiro para iniciantes Me","og_description":"Fa\u00e7a j\u00e1 seu mergulho no Rio de Janeiro, um dos melhores pontos para mergulho de cilindro do Brasil. Aproveite j\u00e1 e reserve seu passeio.","og_url":"https:\/\/ikigaiexperience.com.br\/en\/experiencias\/scuba-diving-rio-de-janeiro\/","og_site_name":"Ikigai Experience","article_publisher":"https:\/\/www.facebook.com\/Ikigai-Experience-100452311832822","article_modified_time":"2024-06-18T20:50:07+00:00","og_image":[{"width":935,"height":622,"url":"https:\/\/ikigaiexperience.com.br\/wp-content\/uploads\/2022\/06\/mergulho-rio-de-janeiro-1.jpg","type":"image\/jpeg"}],"twitter_card":"summary_large_image","twitter_misc":{"Est. tempo de leitura":"2 minutes"},"schema":{"@context":"https:\/\/schema.org","@graph":[{"@type":"WebPage","@id":"https:\/\/ikigaiexperience.com.br\/experiencias\/mergulho-rio-de-janeiro\/","url":"https:\/\/ikigaiexperience.com.br\/experiencias\/mergulho-rio-de-janeiro\/","name":"Mergulho Rio de Janeiro para iniciantes Me","isPartOf":{"@id":"https:\/\/ikigaiexperience.com.br\/#website"},"datePublished":"2022-06-27T14:59:57+00:00","dateModified":"2024-06-18T20:50:07+00:00","description":"Fa\u00e7a j\u00e1 seu mergulho no Rio de Janeiro, um dos melhores pontos para mergulho de cilindro do Brasil. Aproveite j\u00e1 e reserve seu passeio.","breadcrumb":{"@id":"https:\/\/ikigaiexperience.com.br\/experiencias\/mergulho-rio-de-janeiro\/#breadcrumb"},"inLanguage":"en-US","potentialAction":[{"@type":"ReadAction","target":["https:\/\/ikigaiexperience.com.br\/experiencias\/mergulho-rio-de-janeiro\/"]}]},{"@type":"BreadcrumbList","@id":"https:\/\/ikigaiexperience.com.br\/experiencias\/mergulho-rio-de-janeiro\/#breadcrumb","itemListElement":[{"@type":"ListItem","position":1,"name":"In\u00edcio","item":"https:\/\/ikigaiexperience.com.br\/"},{"@type":"ListItem","position":2,"name":"Mergulho","item":"https:\/\/ikigaiexperience.com.br\/experiencia-categoria\/mergulho\/"},{"@type":"ListItem","position":3,"name":"Mergulho Rio de Janeiro para iniciantes"}]},{"@type":"WebSite","@id":"https:\/\/ikigaiexperience.com.br\/#website","url":"https:\/\/ikigaiexperience.com.br\/","name":"Ikigai Experience","description":"Reserve seu mergulho de um modo f\u00e1cil, r\u00e1pido e divertido.","publisher":{"@id":"https:\/\/ikigaiexperience.com.br\/#organization"},"potentialAction":[{"@type":"SearchAction","target":{"@type":"EntryPoint","urlTemplate":"https:\/\/ikigaiexperience.com.br\/?s={search_term_string}"},"query-input":"required name=search_term_string"}],"inLanguage":"en-US"},{"@type":"Organization","@id":"https:\/\/ikigaiexperience.com.br\/#organization","name":"Ikigai Experience","url":"https:\/\/ikigaiexperience.com.br\/","logo":{"@type":"ImageObject","inLanguage":"en-US","@id":"https:\/\/ikigaiexperience.com.br\/#\/schema\/logo\/image\/","url":"https:\/\/ikigaiexperience.com.br\/wp-content\/uploads\/2021\/06\/Ikigai-Experience-Horizontal-Branco.png","contentUrl":"https:\/\/ikigaiexperience.com.br\/wp-content\/uploads\/2021\/06\/Ikigai-Experience-Horizontal-Branco.png","width":924,"height":249,"caption":"Ikigai Experience"},"image":{"@id":"https:\/\/ikigaiexperience.com.br\/#\/schema\/logo\/image\/"},"sameAs":["https:\/\/www.instagram.com\/theikigaiexperience\/","https:\/\/www.linkedin.com\/company\/ikigai-experience","https:\/\/www.youtube.com\/channel\/UC8qpgAQ3P89h79oP9ymmo7Q","https:\/\/www.facebook.com\/Ikigai-Experience-100452311832822"]}]}},"_links":{"self":[{"href":"https:\/\/ikigaiexperience.com.br\/en\/wp-json\/wp\/v2\/product\/18830"}],"collection":[{"href":"https:\/\/ikigaiexperience.com.br\/en\/wp-json\/wp\/v2\/product"}],"about":[{"href":"https:\/\/ikigaiexperience.com.br\/en\/wp-json\/wp\/v2\/types\/product"}],"version-history":[{"count":1,"href":"https:\/\/ikigaiexperience.com.br\/en\/wp-json\/wp\/v2\/product\/18830\/revisions"}],"predecessor-version":[{"id":22187,"href":"https:\/\/ikigaiexperience.com.br\/en\/wp-json\/wp\/v2\/product\/18830\/revisions\/22187"}],"wp:featuredmedia":[{"embeddable":true,"href":"https:\/\/ikigaiexperience.com.br\/en\/wp-json\/wp\/v2\/media\/20197"}],"wp:attachment":[{"href":"https:\/\/ikigaiexperience.com.br\/en\/wp-json\/wp\/v2\/media?parent=18830"}],"wp:term":[{"taxonomy":"product_cat","embeddable":true,"href":"https:\/\/ikigaiexperience.com.br\/en\/wp-json\/wp\/v2\/product_cat?post=18830"},{"taxonomy":"product_tag","embeddable":true,"href":"https:\/\/ikigaiexperience.com.br\/en\/wp-json\/wp\/v2\/product_tag?post=18830"}],"curies":[{"name":"wp","href":"https:\/\/api.w.org\/{rel}","templated":true}]}}