{"id":18785,"date":"2022-06-27T09:56:27","date_gmt":"2022-06-27T12:56:27","guid":{"rendered":"https:\/\/ikigaiexperience.com.br\/?post_type=product&#038;p=18785"},"modified":"2022-11-02T23:15:55","modified_gmt":"2022-11-03T02:15:55","slug":"mergulho-maceio","status":"publish","type":"product","link":"https:\/\/ikigaiexperience.com.br\/en\/experiencias\/scuba-diving-maceio\/","title":{"rendered":"Maceio scuba diving for beginners"},"content":{"rendered":"<h3><strong>Diving in Macei\u00f3 \u2013 Piscina do Amor<\/strong><\/h3>\n<p><span style=\"font-weight: 400;\">Known for its natural pool beaches, the city of Macei\u00f3 has numerous favorite tourist spots for those looking to dive into the local fauna and flora.<\/span><\/p>\n<p><span style=\"font-weight: 400;\">And in the heart of Macei\u00f3 is one of these points. Piscina do Amor is a natural pool located in an enclosed area in Praia da Paju\u00e7ara, less than 2 km from the shore.\u00a0<\/span><\/p>\n<p><span style=\"font-weight: 400;\">For the preservation of its marine organisms, some even at risk of extinction, diving is only done with the help of a company that is authorized\u00a0<\/span><\/p>\n<h3><strong>Diving Experience in the Pool of Love<\/strong><\/h3>\n<p><span style=\"font-weight: 400;\">For the <\/span>Diving in Macei\u00f3 uses equipment such as: compressed air cylinder, mask, fins, among others. <span style=\"font-weight: 400;\">In addition, before starting the tour, in order to dive, you must go through a series of instructions on basic techniques.<\/span><\/p>\n<p><span style=\"font-weight: 400;\">The diving time lasts around 4 hours, and during this dive it is possible to contemplate the coral formations, in addition to the marine life.<\/span><\/p>\n<p><span style=\"font-weight: 400;\">Among the 58 species found in Piscina do Amor, we can highlight a few. The first is the Brazilian Gramma fish, whose species calls attention for its different colors.\u00a0<\/span><\/p>\n<p><span style=\"font-weight: 400;\">In addition, when doing the <\/span>Diving in Macei\u00f3<span style=\"font-weight: 400;\">, you find the Yellow Neon Goby, with its neon yellow stripes; the Serigado, a hermaphrodite fish that can weigh up to 100kg; and the famous Blue Budi\u00e3o, a species widely found on the Brazilian coast.\u00a0<\/span><\/p>\n<p><span style=\"font-weight: 400;\">A curiosity is that the name Piscina do Amor is due to the fact that the place was once the meeting point for couples in love who were looking for a quieter place to enjoy together.<\/span><\/p>\n<p><span style=\"font-weight: 400;\">O<\/span> Macei\u00f3 diving <span style=\"font-weight: 400;\">at Piscina do Amor is one of the most desired activities in Brazil. Want to live this adventure?<\/span><\/p>","protected":false},"excerpt":{"rendered":"<p>In the diving experience in Macei\u00f3 in the baptism modality, you will have the opportunity to know the most beautiful spots to dive in the region without needing any previous experience, not even knowing how to swim. Discover one of the most requested cities to dive in Brazil.<\/p>","protected":false},"featured_media":18790,"parent":0,"template":"","meta":[],"product_cat":[29],"product_tag":[],"yoast_head":"<!-- This site is optimized with the Yoast SEO plugin v20.0 - https:\/\/yoast.com\/wordpress\/plugins\/seo\/ -->\n<title>Mergulho Macei\u00f3 na Piscina do Amor<\/title>\n<meta name=\"description\" content=\"Fa\u00e7a j\u00e1 seu mergulho em Macei\u00f3 na Piscina do Amor, um dos melhores pontos de mergulho da regi\u00e3o. Reserve 100% online.\" \/>\n<meta name=\"robots\" content=\"index, follow, max-snippet:-1, max-image-preview:large, max-video-preview:-1\" \/>\n<link rel=\"canonical\" href=\"https:\/\/ikigaiexperience.com.br\/en\/experiencias\/scuba-diving-maceio\/\" \/>\n<meta property=\"og:locale\" content=\"en_US\" \/>\n<meta property=\"og:type\" content=\"article\" \/>\n<meta property=\"og:title\" content=\"Mergulho Macei\u00f3 na Piscina do Amor\" \/>\n<meta property=\"og:description\" content=\"Fa\u00e7a j\u00e1 seu mergulho em Macei\u00f3 na Piscina do Amor, um dos melhores pontos de mergulho da regi\u00e3o. Reserve 100% online.\" \/>\n<meta property=\"og:url\" content=\"https:\/\/ikigaiexperience.com.br\/en\/experiencias\/scuba-diving-maceio\/\" \/>\n<meta property=\"og:site_name\" content=\"Ikigai Experience\" \/>\n<meta property=\"article:publisher\" content=\"https:\/\/www.facebook.com\/Ikigai-Experience-100452311832822\" \/>\n<meta property=\"article:modified_time\" content=\"2022-11-03T02:15:55+00:00\" \/>\n<meta property=\"og:image\" content=\"https:\/\/ikigaiexperience.com.br\/wp-content\/uploads\/2022\/06\/mergulho-maceio.jpg\" \/>\n\t<meta property=\"og:image:width\" content=\"935\" \/>\n\t<meta property=\"og:image:height\" content=\"622\" \/>\n\t<meta property=\"og:image:type\" content=\"image\/jpeg\" \/>\n<meta name=\"twitter:card\" content=\"summary_large_image\" \/>\n<meta name=\"twitter:label1\" content=\"Est. tempo de leitura\" \/>\n\t<meta name=\"twitter:data1\" content=\"2 minutes\" \/>\n<script type=\"application\/ld+json\" class=\"yoast-schema-graph\">{\"@context\":\"https:\/\/schema.org\",\"@graph\":[{\"@type\":\"WebPage\",\"@id\":\"https:\/\/ikigaiexperience.com.br\/experiencias\/mergulho-maceio\/\",\"url\":\"https:\/\/ikigaiexperience.com.br\/experiencias\/mergulho-maceio\/\",\"name\":\"Mergulho Macei\u00f3 na Piscina do Amor\",\"isPartOf\":{\"@id\":\"https:\/\/ikigaiexperience.com.br\/#website\"},\"datePublished\":\"2022-06-27T12:56:27+00:00\",\"dateModified\":\"2022-11-03T02:15:55+00:00\",\"description\":\"Fa\u00e7a j\u00e1 seu mergulho em Macei\u00f3 na Piscina do Amor, um dos melhores pontos de mergulho da regi\u00e3o. Reserve 100% online.\",\"breadcrumb\":{\"@id\":\"https:\/\/ikigaiexperience.com.br\/experiencias\/mergulho-maceio\/#breadcrumb\"},\"inLanguage\":\"en-US\",\"potentialAction\":[{\"@type\":\"ReadAction\",\"target\":[\"https:\/\/ikigaiexperience.com.br\/experiencias\/mergulho-maceio\/\"]}]},{\"@type\":\"BreadcrumbList\",\"@id\":\"https:\/\/ikigaiexperience.com.br\/experiencias\/mergulho-maceio\/#breadcrumb\",\"itemListElement\":[{\"@type\":\"ListItem\",\"position\":1,\"name\":\"In\u00edcio\",\"item\":\"https:\/\/ikigaiexperience.com.br\/\"},{\"@type\":\"ListItem\",\"position\":2,\"name\":\"Mergulho\",\"item\":\"https:\/\/ikigaiexperience.com.br\/experiencia-categoria\/mergulho\/\"},{\"@type\":\"ListItem\",\"position\":3,\"name\":\"Mergulho Macei\u00f3 para iniciantes\"}]},{\"@type\":\"WebSite\",\"@id\":\"https:\/\/ikigaiexperience.com.br\/#website\",\"url\":\"https:\/\/ikigaiexperience.com.br\/\",\"name\":\"Ikigai Experience\",\"description\":\"Reserve seu mergulho de um modo f\u00e1cil, r\u00e1pido e divertido.\",\"publisher\":{\"@id\":\"https:\/\/ikigaiexperience.com.br\/#organization\"},\"potentialAction\":[{\"@type\":\"SearchAction\",\"target\":{\"@type\":\"EntryPoint\",\"urlTemplate\":\"https:\/\/ikigaiexperience.com.br\/?s={search_term_string}\"},\"query-input\":\"required name=search_term_string\"}],\"inLanguage\":\"en-US\"},{\"@type\":\"Organization\",\"@id\":\"https:\/\/ikigaiexperience.com.br\/#organization\",\"name\":\"Ikigai Experience\",\"url\":\"https:\/\/ikigaiexperience.com.br\/\",\"logo\":{\"@type\":\"ImageObject\",\"inLanguage\":\"en-US\",\"@id\":\"https:\/\/ikigaiexperience.com.br\/#\/schema\/logo\/image\/\",\"url\":\"https:\/\/ikigaiexperience.com.br\/wp-content\/uploads\/2021\/06\/Ikigai-Experience-Horizontal-Branco.png\",\"contentUrl\":\"https:\/\/ikigaiexperience.com.br\/wp-content\/uploads\/2021\/06\/Ikigai-Experience-Horizontal-Branco.png\",\"width\":924,\"height\":249,\"caption\":\"Ikigai Experience\"},\"image\":{\"@id\":\"https:\/\/ikigaiexperience.com.br\/#\/schema\/logo\/image\/\"},\"sameAs\":[\"https:\/\/www.instagram.com\/theikigaiexperience\/\",\"https:\/\/www.linkedin.com\/company\/ikigai-experience\",\"https:\/\/www.youtube.com\/channel\/UC8qpgAQ3P89h79oP9ymmo7Q\",\"https:\/\/www.facebook.com\/Ikigai-Experience-100452311832822\"]}]}<\/script>\n<!-- \/ Yoast SEO plugin. -->","yoast_head_json":{"title":"Mergulho Macei\u00f3 na Piscina do Amor","description":"Fa\u00e7a j\u00e1 seu mergulho em Macei\u00f3 na Piscina do Amor, um dos melhores pontos de mergulho da regi\u00e3o. Reserve 100% online.","robots":{"index":"index","follow":"follow","max-snippet":"max-snippet:-1","max-image-preview":"max-image-preview:large","max-video-preview":"max-video-preview:-1"},"canonical":"https:\/\/ikigaiexperience.com.br\/en\/experiencias\/scuba-diving-maceio\/","og_locale":"en_US","og_type":"article","og_title":"Mergulho Macei\u00f3 na Piscina do Amor","og_description":"Fa\u00e7a j\u00e1 seu mergulho em Macei\u00f3 na Piscina do Amor, um dos melhores pontos de mergulho da regi\u00e3o. Reserve 100% online.","og_url":"https:\/\/ikigaiexperience.com.br\/en\/experiencias\/scuba-diving-maceio\/","og_site_name":"Ikigai Experience","article_publisher":"https:\/\/www.facebook.com\/Ikigai-Experience-100452311832822","article_modified_time":"2022-11-03T02:15:55+00:00","og_image":[{"width":935,"height":622,"url":"https:\/\/ikigaiexperience.com.br\/wp-content\/uploads\/2022\/06\/mergulho-maceio.jpg","type":"image\/jpeg"}],"twitter_card":"summary_large_image","twitter_misc":{"Est. tempo de leitura":"2 minutes"},"schema":{"@context":"https:\/\/schema.org","@graph":[{"@type":"WebPage","@id":"https:\/\/ikigaiexperience.com.br\/experiencias\/mergulho-maceio\/","url":"https:\/\/ikigaiexperience.com.br\/experiencias\/mergulho-maceio\/","name":"Mergulho Macei\u00f3 na Piscina do Amor","isPartOf":{"@id":"https:\/\/ikigaiexperience.com.br\/#website"},"datePublished":"2022-06-27T12:56:27+00:00","dateModified":"2022-11-03T02:15:55+00:00","description":"Fa\u00e7a j\u00e1 seu mergulho em Macei\u00f3 na Piscina do Amor, um dos melhores pontos de mergulho da regi\u00e3o. Reserve 100% online.","breadcrumb":{"@id":"https:\/\/ikigaiexperience.com.br\/experiencias\/mergulho-maceio\/#breadcrumb"},"inLanguage":"en-US","potentialAction":[{"@type":"ReadAction","target":["https:\/\/ikigaiexperience.com.br\/experiencias\/mergulho-maceio\/"]}]},{"@type":"BreadcrumbList","@id":"https:\/\/ikigaiexperience.com.br\/experiencias\/mergulho-maceio\/#breadcrumb","itemListElement":[{"@type":"ListItem","position":1,"name":"In\u00edcio","item":"https:\/\/ikigaiexperience.com.br\/"},{"@type":"ListItem","position":2,"name":"Mergulho","item":"https:\/\/ikigaiexperience.com.br\/experiencia-categoria\/mergulho\/"},{"@type":"ListItem","position":3,"name":"Mergulho Macei\u00f3 para iniciantes"}]},{"@type":"WebSite","@id":"https:\/\/ikigaiexperience.com.br\/#website","url":"https:\/\/ikigaiexperience.com.br\/","name":"Ikigai Experience","description":"Reserve seu mergulho de um modo f\u00e1cil, r\u00e1pido e divertido.","publisher":{"@id":"https:\/\/ikigaiexperience.com.br\/#organization"},"potentialAction":[{"@type":"SearchAction","target":{"@type":"EntryPoint","urlTemplate":"https:\/\/ikigaiexperience.com.br\/?s={search_term_string}"},"query-input":"required name=search_term_string"}],"inLanguage":"en-US"},{"@type":"Organization","@id":"https:\/\/ikigaiexperience.com.br\/#organization","name":"Ikigai Experience","url":"https:\/\/ikigaiexperience.com.br\/","logo":{"@type":"ImageObject","inLanguage":"en-US","@id":"https:\/\/ikigaiexperience.com.br\/#\/schema\/logo\/image\/","url":"https:\/\/ikigaiexperience.com.br\/wp-content\/uploads\/2021\/06\/Ikigai-Experience-Horizontal-Branco.png","contentUrl":"https:\/\/ikigaiexperience.com.br\/wp-content\/uploads\/2021\/06\/Ikigai-Experience-Horizontal-Branco.png","width":924,"height":249,"caption":"Ikigai Experience"},"image":{"@id":"https:\/\/ikigaiexperience.com.br\/#\/schema\/logo\/image\/"},"sameAs":["https:\/\/www.instagram.com\/theikigaiexperience\/","https:\/\/www.linkedin.com\/company\/ikigai-experience","https:\/\/www.youtube.com\/channel\/UC8qpgAQ3P89h79oP9ymmo7Q","https:\/\/www.facebook.com\/Ikigai-Experience-100452311832822"]}]}},"_links":{"self":[{"href":"https:\/\/ikigaiexperience.com.br\/en\/wp-json\/wp\/v2\/product\/18785"}],"collection":[{"href":"https:\/\/ikigaiexperience.com.br\/en\/wp-json\/wp\/v2\/product"}],"about":[{"href":"https:\/\/ikigaiexperience.com.br\/en\/wp-json\/wp\/v2\/types\/product"}],"version-history":[{"count":0,"href":"https:\/\/ikigaiexperience.com.br\/en\/wp-json\/wp\/v2\/product\/18785\/revisions"}],"wp:featuredmedia":[{"embeddable":true,"href":"https:\/\/ikigaiexperience.com.br\/en\/wp-json\/wp\/v2\/media\/18790"}],"wp:attachment":[{"href":"https:\/\/ikigaiexperience.com.br\/en\/wp-json\/wp\/v2\/media?parent=18785"}],"wp:term":[{"taxonomy":"product_cat","embeddable":true,"href":"https:\/\/ikigaiexperience.com.br\/en\/wp-json\/wp\/v2\/product_cat?post=18785"},{"taxonomy":"product_tag","embeddable":true,"href":"https:\/\/ikigaiexperience.com.br\/en\/wp-json\/wp\/v2\/product_tag?post=18785"}],"curies":[{"name":"wp","href":"https:\/\/api.w.org\/{rel}","templated":true}]}}