{"id":1562,"date":"2021-06-17T20:55:20","date_gmt":"2021-06-17T23:55:20","guid":{"rendered":"https:\/\/ikigaiexperience.com.br\/?post_type=product&#038;p=1562"},"modified":"2024-06-18T17:37:25","modified_gmt":"2024-06-18T20:37:25","slug":"mergulho-florianopolis-ilha-do-xavier","status":"publish","type":"product","link":"https:\/\/ikigaiexperience.com.br\/en\/experiencias\/scuba-diving-florianopolis\/","title":{"rendered":"Diving Florian\u00f3polis \u2013 Xavier Island"},"content":{"rendered":"<h3>Xavier&#039;s Island<\/h3>\n<p>Diving takes place on Xavier Island, leaving through the channel of Barra da Lagoon, being considered one of the best diving spots in Floripa and region and ideal for those who are in the center or southern region of the island.<\/p>\n<p><span style=\"font-weight: 400;\">Xavier Island has one of the most classic dives in Floripa, which is located in front of Praia Mole, with depths ranging from 5 to 18 meters.<\/span><\/p>\n<p><span style=\"font-weight: 400;\">The island has a more protected \u201csalon\u201d to the south that is home to a lot of marine life such as turtles, fish, octopus, among others, the perfect place for contemplative diving.<\/span><\/p>\n<h3>The Diving Experience in Florian\u00f3polis<\/h3>\n<p><span style=\"font-weight: 400;\">The boat trip starts in the channel of Barra da Lagoa, goes around the Morro da Galheta and passes in front of Praia Mole towards Ilha do Xavier, lasting around 20 to 30 minutes.\u00a0<\/span><\/p>\n<p><span style=\"font-weight: 400;\">Each diver will have the opportunity to dive for about 30 min at a depth of up to 8m.<\/span><\/p>\n<p><span style=\"font-weight: 400;\">They will always be accompanied by a certified professional diver, ensuring the best experience for your dive. <\/span><\/p>\n<p><span style=\"font-weight: 400;\">THE<\/span><span style=\"font-weight: 400;\">After scuba diving, you can continue exploring the Island with surface diving (<a href=\"https:\/\/pt.wikipedia.org\/wiki\/Esn%C3%B3rquel\">snorkeling<\/a>), while the other divers finish their dives. <\/span><\/p>\n<p><span style=\"font-weight: 400;\">O<\/span><span style=\"font-weight: 400;\"> The complete tour lasts between 4 and 5 hours, depending on the number of people on the way out.<\/span><\/p>","protected":false},"excerpt":{"rendered":"<p>Diving in Florian\u00f3polis at Ilha do Xavier in the baptism mode is perfect for those who want to have their first experience of scuba diving, in an easy, fun way and without needing any experience, not even knowing how to swim!<\/p>\n<p>The experience lasts around 5 hours in total, with a 30-minute boat ride and 30 to 45 minutes of scuba diving accompanied by an instructor at a depth of up to 8m. After and before the dive, it is still possible to snorkel (surface diving) around the island, at no additional cost.<\/p>","protected":false},"featured_media":10954,"parent":0,"template":"","meta":[],"product_cat":[29],"product_tag":[],"yoast_head":"<!-- This site is optimized with the Yoast SEO plugin v20.0 - https:\/\/yoast.com\/wordpress\/plugins\/seo\/ -->\n<title>Mergulho em Florian\u00f3polis na Ilha do Xavier - Ikigai Experience<\/title>\n<meta name=\"description\" content=\"Fa\u00e7a j\u00e1 seu mergulho em Florian\u00f3polis na Ilha do Xavier, um dos melhores pontos de mergulho de Floripa e regi\u00e3o. Reservas online.\" \/>\n<meta name=\"robots\" content=\"index, follow, max-snippet:-1, max-image-preview:large, max-video-preview:-1\" \/>\n<link rel=\"canonical\" href=\"https:\/\/ikigaiexperience.com.br\/en\/experiencias\/scuba-diving-florianopolis\/\" \/>\n<meta property=\"og:locale\" content=\"en_US\" \/>\n<meta property=\"og:type\" content=\"article\" \/>\n<meta property=\"og:title\" content=\"Mergulho Ilha do Xavier\" \/>\n<meta property=\"og:description\" content=\"Mergulhe em Florian\u00f3polis na Ilha do Xavier, cheio da vida marinha com muitos peixes, tartarugas, polvos e corais.\" \/>\n<meta property=\"og:url\" content=\"https:\/\/ikigaiexperience.com.br\/en\/experiencias\/scuba-diving-florianopolis\/\" \/>\n<meta property=\"og:site_name\" content=\"Ikigai Experience\" \/>\n<meta property=\"article:publisher\" content=\"https:\/\/www.facebook.com\/Ikigai-Experience-100452311832822\" \/>\n<meta property=\"article:modified_time\" content=\"2024-06-18T20:37:25+00:00\" \/>\n<meta property=\"og:image\" content=\"https:\/\/ikigaiexperience.com.br\/wp-content\/uploads\/2021\/06\/floripa-mergulho-batismo.jpg\" \/>\n\t<meta property=\"og:image:width\" content=\"935\" \/>\n\t<meta property=\"og:image:height\" content=\"622\" \/>\n\t<meta property=\"og:image:type\" content=\"image\/jpeg\" \/>\n<meta name=\"twitter:card\" content=\"summary_large_image\" \/>\n<meta name=\"twitter:label1\" content=\"Est. tempo de leitura\" \/>\n\t<meta name=\"twitter:data1\" content=\"2 minutes\" \/>\n<script type=\"application\/ld+json\" class=\"yoast-schema-graph\">{\"@context\":\"https:\/\/schema.org\",\"@graph\":[{\"@type\":\"WebPage\",\"@id\":\"https:\/\/ikigaiexperience.com.br\/experiencias\/mergulho-florianopolis-ilha-do-xavier\/\",\"url\":\"https:\/\/ikigaiexperience.com.br\/experiencias\/mergulho-florianopolis-ilha-do-xavier\/\",\"name\":\"Mergulho em Florian\u00f3polis na Ilha do Xavier - Ikigai Experience\",\"isPartOf\":{\"@id\":\"https:\/\/ikigaiexperience.com.br\/#website\"},\"datePublished\":\"2021-06-17T23:55:20+00:00\",\"dateModified\":\"2024-06-18T20:37:25+00:00\",\"description\":\"Fa\u00e7a j\u00e1 seu mergulho em Florian\u00f3polis na Ilha do Xavier, um dos melhores pontos de mergulho de Floripa e regi\u00e3o. Reservas online.\",\"breadcrumb\":{\"@id\":\"https:\/\/ikigaiexperience.com.br\/experiencias\/mergulho-florianopolis-ilha-do-xavier\/#breadcrumb\"},\"inLanguage\":\"en-US\",\"potentialAction\":[{\"@type\":\"ReadAction\",\"target\":[\"https:\/\/ikigaiexperience.com.br\/experiencias\/mergulho-florianopolis-ilha-do-xavier\/\"]}]},{\"@type\":\"BreadcrumbList\",\"@id\":\"https:\/\/ikigaiexperience.com.br\/experiencias\/mergulho-florianopolis-ilha-do-xavier\/#breadcrumb\",\"itemListElement\":[{\"@type\":\"ListItem\",\"position\":1,\"name\":\"In\u00edcio\",\"item\":\"https:\/\/ikigaiexperience.com.br\/\"},{\"@type\":\"ListItem\",\"position\":2,\"name\":\"Mergulho\",\"item\":\"https:\/\/ikigaiexperience.com.br\/experiencia-categoria\/mergulho\/\"},{\"@type\":\"ListItem\",\"position\":3,\"name\":\"Mergulho Florian\u00f3polis &#8211; Ilha do Xavier\"}]},{\"@type\":\"WebSite\",\"@id\":\"https:\/\/ikigaiexperience.com.br\/#website\",\"url\":\"https:\/\/ikigaiexperience.com.br\/\",\"name\":\"Ikigai Experience\",\"description\":\"Reserve seu mergulho de um modo f\u00e1cil, r\u00e1pido e divertido.\",\"publisher\":{\"@id\":\"https:\/\/ikigaiexperience.com.br\/#organization\"},\"potentialAction\":[{\"@type\":\"SearchAction\",\"target\":{\"@type\":\"EntryPoint\",\"urlTemplate\":\"https:\/\/ikigaiexperience.com.br\/?s={search_term_string}\"},\"query-input\":\"required name=search_term_string\"}],\"inLanguage\":\"en-US\"},{\"@type\":\"Organization\",\"@id\":\"https:\/\/ikigaiexperience.com.br\/#organization\",\"name\":\"Ikigai Experience\",\"url\":\"https:\/\/ikigaiexperience.com.br\/\",\"logo\":{\"@type\":\"ImageObject\",\"inLanguage\":\"en-US\",\"@id\":\"https:\/\/ikigaiexperience.com.br\/#\/schema\/logo\/image\/\",\"url\":\"https:\/\/ikigaiexperience.com.br\/wp-content\/uploads\/2021\/06\/Ikigai-Experience-Horizontal-Branco.png\",\"contentUrl\":\"https:\/\/ikigaiexperience.com.br\/wp-content\/uploads\/2021\/06\/Ikigai-Experience-Horizontal-Branco.png\",\"width\":924,\"height\":249,\"caption\":\"Ikigai Experience\"},\"image\":{\"@id\":\"https:\/\/ikigaiexperience.com.br\/#\/schema\/logo\/image\/\"},\"sameAs\":[\"https:\/\/www.instagram.com\/theikigaiexperience\/\",\"https:\/\/www.linkedin.com\/company\/ikigai-experience\",\"https:\/\/www.youtube.com\/channel\/UC8qpgAQ3P89h79oP9ymmo7Q\",\"https:\/\/www.facebook.com\/Ikigai-Experience-100452311832822\"]}]}<\/script>\n<!-- \/ Yoast SEO plugin. -->","yoast_head_json":{"title":"Mergulho em Florian\u00f3polis na Ilha do Xavier - Ikigai Experience","description":"Fa\u00e7a j\u00e1 seu mergulho em Florian\u00f3polis na Ilha do Xavier, um dos melhores pontos de mergulho de Floripa e regi\u00e3o. Reservas online.","robots":{"index":"index","follow":"follow","max-snippet":"max-snippet:-1","max-image-preview":"max-image-preview:large","max-video-preview":"max-video-preview:-1"},"canonical":"https:\/\/ikigaiexperience.com.br\/en\/experiencias\/scuba-diving-florianopolis\/","og_locale":"en_US","og_type":"article","og_title":"Mergulho Ilha do Xavier","og_description":"Mergulhe em Florian\u00f3polis na Ilha do Xavier, cheio da vida marinha com muitos peixes, tartarugas, polvos e corais.","og_url":"https:\/\/ikigaiexperience.com.br\/en\/experiencias\/scuba-diving-florianopolis\/","og_site_name":"Ikigai Experience","article_publisher":"https:\/\/www.facebook.com\/Ikigai-Experience-100452311832822","article_modified_time":"2024-06-18T20:37:25+00:00","og_image":[{"width":935,"height":622,"type":"image\/jpeg","url":"https:\/\/ikigaiexperience.com.br\/wp-content\/uploads\/2021\/06\/floripa-mergulho-batismo.jpg"}],"twitter_card":"summary_large_image","twitter_misc":{"Est. tempo de leitura":"2 minutes"},"schema":{"@context":"https:\/\/schema.org","@graph":[{"@type":"WebPage","@id":"https:\/\/ikigaiexperience.com.br\/experiencias\/mergulho-florianopolis-ilha-do-xavier\/","url":"https:\/\/ikigaiexperience.com.br\/experiencias\/mergulho-florianopolis-ilha-do-xavier\/","name":"Mergulho em Florian\u00f3polis na Ilha do Xavier - Ikigai Experience","isPartOf":{"@id":"https:\/\/ikigaiexperience.com.br\/#website"},"datePublished":"2021-06-17T23:55:20+00:00","dateModified":"2024-06-18T20:37:25+00:00","description":"Fa\u00e7a j\u00e1 seu mergulho em Florian\u00f3polis na Ilha do Xavier, um dos melhores pontos de mergulho de Floripa e regi\u00e3o. Reservas online.","breadcrumb":{"@id":"https:\/\/ikigaiexperience.com.br\/experiencias\/mergulho-florianopolis-ilha-do-xavier\/#breadcrumb"},"inLanguage":"en-US","potentialAction":[{"@type":"ReadAction","target":["https:\/\/ikigaiexperience.com.br\/experiencias\/mergulho-florianopolis-ilha-do-xavier\/"]}]},{"@type":"BreadcrumbList","@id":"https:\/\/ikigaiexperience.com.br\/experiencias\/mergulho-florianopolis-ilha-do-xavier\/#breadcrumb","itemListElement":[{"@type":"ListItem","position":1,"name":"In\u00edcio","item":"https:\/\/ikigaiexperience.com.br\/"},{"@type":"ListItem","position":2,"name":"Mergulho","item":"https:\/\/ikigaiexperience.com.br\/experiencia-categoria\/mergulho\/"},{"@type":"ListItem","position":3,"name":"Mergulho Florian\u00f3polis &#8211; Ilha do Xavier"}]},{"@type":"WebSite","@id":"https:\/\/ikigaiexperience.com.br\/#website","url":"https:\/\/ikigaiexperience.com.br\/","name":"Ikigai Experience","description":"Reserve seu mergulho de um modo f\u00e1cil, r\u00e1pido e divertido.","publisher":{"@id":"https:\/\/ikigaiexperience.com.br\/#organization"},"potentialAction":[{"@type":"SearchAction","target":{"@type":"EntryPoint","urlTemplate":"https:\/\/ikigaiexperience.com.br\/?s={search_term_string}"},"query-input":"required name=search_term_string"}],"inLanguage":"en-US"},{"@type":"Organization","@id":"https:\/\/ikigaiexperience.com.br\/#organization","name":"Ikigai Experience","url":"https:\/\/ikigaiexperience.com.br\/","logo":{"@type":"ImageObject","inLanguage":"en-US","@id":"https:\/\/ikigaiexperience.com.br\/#\/schema\/logo\/image\/","url":"https:\/\/ikigaiexperience.com.br\/wp-content\/uploads\/2021\/06\/Ikigai-Experience-Horizontal-Branco.png","contentUrl":"https:\/\/ikigaiexperience.com.br\/wp-content\/uploads\/2021\/06\/Ikigai-Experience-Horizontal-Branco.png","width":924,"height":249,"caption":"Ikigai Experience"},"image":{"@id":"https:\/\/ikigaiexperience.com.br\/#\/schema\/logo\/image\/"},"sameAs":["https:\/\/www.instagram.com\/theikigaiexperience\/","https:\/\/www.linkedin.com\/company\/ikigai-experience","https:\/\/www.youtube.com\/channel\/UC8qpgAQ3P89h79oP9ymmo7Q","https:\/\/www.facebook.com\/Ikigai-Experience-100452311832822"]}]}},"_links":{"self":[{"href":"https:\/\/ikigaiexperience.com.br\/en\/wp-json\/wp\/v2\/product\/1562"}],"collection":[{"href":"https:\/\/ikigaiexperience.com.br\/en\/wp-json\/wp\/v2\/product"}],"about":[{"href":"https:\/\/ikigaiexperience.com.br\/en\/wp-json\/wp\/v2\/types\/product"}],"version-history":[{"count":1,"href":"https:\/\/ikigaiexperience.com.br\/en\/wp-json\/wp\/v2\/product\/1562\/revisions"}],"predecessor-version":[{"id":21747,"href":"https:\/\/ikigaiexperience.com.br\/en\/wp-json\/wp\/v2\/product\/1562\/revisions\/21747"}],"wp:featuredmedia":[{"embeddable":true,"href":"https:\/\/ikigaiexperience.com.br\/en\/wp-json\/wp\/v2\/media\/10954"}],"wp:attachment":[{"href":"https:\/\/ikigaiexperience.com.br\/en\/wp-json\/wp\/v2\/media?parent=1562"}],"wp:term":[{"taxonomy":"product_cat","embeddable":true,"href":"https:\/\/ikigaiexperience.com.br\/en\/wp-json\/wp\/v2\/product_cat?post=1562"},{"taxonomy":"product_tag","embeddable":true,"href":"https:\/\/ikigaiexperience.com.br\/en\/wp-json\/wp\/v2\/product_tag?post=1562"}],"curies":[{"name":"wp","href":"https:\/\/api.w.org\/{rel}","templated":true}]}}