{"id":10730,"date":"2021-12-14T02:14:45","date_gmt":"2021-12-14T05:14:45","guid":{"rendered":"https:\/\/ikigaiexperience.com.br\/?post_type=product&#038;p=10730"},"modified":"2022-11-29T15:16:22","modified_gmt":"2022-11-29T18:16:22","slug":"mergulho-porto-de-galinhas-discovery-scuba-diving","status":"publish","type":"product","link":"https:\/\/ikigaiexperience.com.br\/en\/experiencias\/scuba-diving-porto-de-galinhas-discovery\/","title":{"rendered":"Porto de Galinhas Dive \u2013 Discovery Scuba Diving"},"content":{"rendered":"<h3>The coral bench and natural pools<\/h3>\n<p>Performing Discovery Scuba Diving on the coral bench in Porto de Galinhas is a privilege for few, knowing the beauties of the natural pools and still guaranteeing knowledge and a diving certificate on completion.<\/p>\n<p>The coral reef is located about 200 meters from the beach, which is accessed by rafts without motors so that there is no degradation or damage to the nature of the place.<\/p>\n<p>The points usually accessed for diving are the Canal da Paix\u00e3o in the natural pools, offering a dive of up to 10 meters deep and the chance to see animals such as lobsters, flounder, octopus, among others.<\/p>\n<h3>What&#039;s Included in Diving<\/h3>\n<p>The Porto de Galinhas dive on the Coral Trail in Discovery Scuba Diving mode, includes previous training, complete equipment, instructor accompaniment, all for the price of R$350 \/ diver.<\/p>\n<p>At the end, GoPro photos, taken by the team, are provided as a toast to the experience.<\/p>\n<h3>The Porto de Galinhas Diving Experience \u2013 Discovery Scuba Diving<\/h3>\n<p>Discovery Scuba Diving is a diving modality that gives people who have never dived the opportunity to receive training in the main diving techniques, followed by a practical dive with greater freedom.<\/p>\n<p>In the end, the diver is entitled to a certificate of completion that guarantees credits for the basic diving course.<\/p>\n<p>Before the dive, theoretical training is carried out, with the main information necessary to be able to perform a dive with greater freedom.<\/p>\n<p><span style=\"font-weight: 400;\">The boat trip starts at the beach, which lasts a maximum of 10 minutes due to the proximity of the natural pools.\u00a0<\/span><\/p>\n<p><span style=\"font-weight: 400;\">In the pools, each diver will have the opportunity to dive for about 40 minutes in a depth of up to 10 meters through the coral bench, accompanied by an instructor guide.<\/span><\/p>\n<p><span style=\"font-weight: 400;\">O<\/span><span style=\"font-weight: 400;\"> The complete tour lasts up to 2 hours, depending on the number of people on the way out.<\/span><\/p>\n<h3>extras<\/h3>\n<p>For those who only want to accompany and perform only surface diving with snorkeling, the value is R$80. With this, the companion has the right to the boat trip and a snorkel to contemplate the diving sites from the surface.<\/p>","protected":false},"excerpt":{"rendered":"<p>Discovery Scuba Diving is a diving modality which gives people who have never dived the opportunity to receive training in the main diving techniques, followed by a practical dive with greater freedom, giving the right to a certificate of completion that guarantees credits for the basic diving course. The experience takes place in the natural pools and on the coral bench for about 40 minutes accompanied by an instructor at a depth of up to 10 meters.<\/p>","protected":false},"featured_media":11330,"parent":0,"template":"","meta":[],"product_cat":[29],"product_tag":[],"yoast_head":"<!-- This site is optimized with the Yoast SEO plugin v20.0 - https:\/\/yoast.com\/wordpress\/plugins\/seo\/ -->\n<title>Mergulho Porto de Galinhas - Discovery Scuba Diving | Ikigai<\/title>\n<meta name=\"description\" content=\"Reserve j\u00e1 seu mergulho DReserve com anteced\u00eancia - Reservas devem ser realiiscovery em Porto de Galinhas na linda bancada de coral e nas piscinas naturais. N\u00e3o perca essa experi\u00eancia!\" \/>\n<meta name=\"robots\" content=\"index, follow, max-snippet:-1, max-image-preview:large, max-video-preview:-1\" \/>\n<link rel=\"canonical\" href=\"https:\/\/ikigaiexperience.com.br\/en\/experiencias\/scuba-diving-porto-de-galinhas-trilha-dos-corais\/\" \/>\n<meta property=\"og:locale\" content=\"en_US\" \/>\n<meta property=\"og:type\" content=\"article\" \/>\n<meta property=\"og:title\" content=\"Mergulho Porto de Galinhas - Discovery Scuba Diving | Ikigai\" \/>\n<meta property=\"og:description\" content=\"Reserve j\u00e1 seu mergulho DReserve com anteced\u00eancia - Reservas devem ser realiiscovery em Porto de Galinhas na linda bancada de coral e nas piscinas naturais. N\u00e3o perca essa experi\u00eancia!\" \/>\n<meta property=\"og:url\" content=\"https:\/\/ikigaiexperience.com.br\/en\/experiencias\/scuba-diving-porto-de-galinhas-trilha-dos-corais\/\" \/>\n<meta property=\"og:site_name\" content=\"Ikigai Experience\" \/>\n<meta property=\"article:publisher\" content=\"https:\/\/www.facebook.com\/Ikigai-Experience-100452311832822\" \/>\n<meta property=\"article:modified_time\" content=\"2022-11-29T18:16:22+00:00\" \/>\n<meta property=\"og:image\" content=\"https:\/\/ikigaiexperience.com.br\/wp-content\/uploads\/2021\/12\/Mergulho-Porto-de-Galinhas.jpg\" \/>\n\t<meta property=\"og:image:width\" content=\"924\" \/>\n\t<meta property=\"og:image:height\" content=\"616\" \/>\n\t<meta property=\"og:image:type\" content=\"image\/jpeg\" \/>\n<meta name=\"twitter:card\" content=\"summary_large_image\" \/>\n<meta name=\"twitter:label1\" content=\"Est. tempo de leitura\" \/>\n\t<meta name=\"twitter:data1\" content=\"3 minutes\" \/>\n<script type=\"application\/ld+json\" class=\"yoast-schema-graph\">{\"@context\":\"https:\/\/schema.org\",\"@graph\":[{\"@type\":\"WebPage\",\"@id\":\"https:\/\/ikigaiexperience.com.br\/experiencias\/mergulho-porto-de-galinhas-discovery-scuba-diving\/\",\"url\":\"https:\/\/ikigaiexperience.com.br\/experiencias\/mergulho-porto-de-galinhas\/\",\"name\":\"Mergulho Porto de Galinhas - Discovery Scuba Diving | Ikigai\",\"isPartOf\":{\"@id\":\"https:\/\/ikigaiexperience.com.br\/#website\"},\"datePublished\":\"2021-12-14T05:14:45+00:00\",\"dateModified\":\"2022-11-29T18:16:22+00:00\",\"description\":\"Reserve j\u00e1 seu mergulho DReserve com anteced\u00eancia - Reservas devem ser realiiscovery em Porto de Galinhas na linda bancada de coral e nas piscinas naturais. N\u00e3o perca essa experi\u00eancia!\",\"breadcrumb\":{\"@id\":\"https:\/\/ikigaiexperience.com.br\/experiencias\/mergulho-porto-de-galinhas\/#breadcrumb\"},\"inLanguage\":\"en-US\",\"potentialAction\":[{\"@type\":\"ReadAction\",\"target\":[\"https:\/\/ikigaiexperience.com.br\/experiencias\/mergulho-porto-de-galinhas\/\"]}]},{\"@type\":\"BreadcrumbList\",\"@id\":\"https:\/\/ikigaiexperience.com.br\/experiencias\/mergulho-porto-de-galinhas\/#breadcrumb\",\"itemListElement\":[{\"@type\":\"ListItem\",\"position\":1,\"name\":\"In\u00edcio\",\"item\":\"https:\/\/ikigaiexperience.com.br\/\"},{\"@type\":\"ListItem\",\"position\":2,\"name\":\"Mergulho\",\"item\":\"https:\/\/ikigaiexperience.com.br\/experiencia-categoria\/mergulho\/\"},{\"@type\":\"ListItem\",\"position\":3,\"name\":\"Mergulho Porto de Galinhas &#8211; Discovery Scuba Diving\"}]},{\"@type\":\"WebSite\",\"@id\":\"https:\/\/ikigaiexperience.com.br\/#website\",\"url\":\"https:\/\/ikigaiexperience.com.br\/\",\"name\":\"Ikigai Experience\",\"description\":\"Reserve seu mergulho de um modo f\u00e1cil, r\u00e1pido e divertido.\",\"publisher\":{\"@id\":\"https:\/\/ikigaiexperience.com.br\/#organization\"},\"potentialAction\":[{\"@type\":\"SearchAction\",\"target\":{\"@type\":\"EntryPoint\",\"urlTemplate\":\"https:\/\/ikigaiexperience.com.br\/?s={search_term_string}\"},\"query-input\":\"required name=search_term_string\"}],\"inLanguage\":\"en-US\"},{\"@type\":\"Organization\",\"@id\":\"https:\/\/ikigaiexperience.com.br\/#organization\",\"name\":\"Ikigai Experience\",\"url\":\"https:\/\/ikigaiexperience.com.br\/\",\"logo\":{\"@type\":\"ImageObject\",\"inLanguage\":\"en-US\",\"@id\":\"https:\/\/ikigaiexperience.com.br\/#\/schema\/logo\/image\/\",\"url\":\"https:\/\/ikigaiexperience.com.br\/wp-content\/uploads\/2021\/06\/Ikigai-Experience-Horizontal-Branco.png\",\"contentUrl\":\"https:\/\/ikigaiexperience.com.br\/wp-content\/uploads\/2021\/06\/Ikigai-Experience-Horizontal-Branco.png\",\"width\":924,\"height\":249,\"caption\":\"Ikigai Experience\"},\"image\":{\"@id\":\"https:\/\/ikigaiexperience.com.br\/#\/schema\/logo\/image\/\"},\"sameAs\":[\"https:\/\/www.instagram.com\/theikigaiexperience\/\",\"https:\/\/www.linkedin.com\/company\/ikigai-experience\",\"https:\/\/www.youtube.com\/channel\/UC8qpgAQ3P89h79oP9ymmo7Q\",\"https:\/\/www.facebook.com\/Ikigai-Experience-100452311832822\"]}]}<\/script>\n<!-- \/ Yoast SEO plugin. -->","yoast_head_json":{"title":"Mergulho Porto de Galinhas - Discovery Scuba Diving | Ikigai","description":"Reserve j\u00e1 seu mergulho DReserve com anteced\u00eancia - Reservas devem ser realiiscovery em Porto de Galinhas na linda bancada de coral e nas piscinas naturais. N\u00e3o perca essa experi\u00eancia!","robots":{"index":"index","follow":"follow","max-snippet":"max-snippet:-1","max-image-preview":"max-image-preview:large","max-video-preview":"max-video-preview:-1"},"canonical":"https:\/\/ikigaiexperience.com.br\/en\/experiencias\/scuba-diving-porto-de-galinhas-trilha-dos-corais\/","og_locale":"en_US","og_type":"article","og_title":"Mergulho Porto de Galinhas - Discovery Scuba Diving | Ikigai","og_description":"Reserve j\u00e1 seu mergulho DReserve com anteced\u00eancia - Reservas devem ser realiiscovery em Porto de Galinhas na linda bancada de coral e nas piscinas naturais. N\u00e3o perca essa experi\u00eancia!","og_url":"https:\/\/ikigaiexperience.com.br\/en\/experiencias\/scuba-diving-porto-de-galinhas-trilha-dos-corais\/","og_site_name":"Ikigai Experience","article_publisher":"https:\/\/www.facebook.com\/Ikigai-Experience-100452311832822","article_modified_time":"2022-11-29T18:16:22+00:00","og_image":[{"width":924,"height":616,"url":"https:\/\/ikigaiexperience.com.br\/wp-content\/uploads\/2021\/12\/Mergulho-Porto-de-Galinhas.jpg","type":"image\/jpeg"}],"twitter_card":"summary_large_image","twitter_misc":{"Est. tempo de leitura":"3 minutes"},"schema":{"@context":"https:\/\/schema.org","@graph":[{"@type":"WebPage","@id":"https:\/\/ikigaiexperience.com.br\/experiencias\/mergulho-porto-de-galinhas-discovery-scuba-diving\/","url":"https:\/\/ikigaiexperience.com.br\/experiencias\/mergulho-porto-de-galinhas\/","name":"Mergulho Porto de Galinhas - Discovery Scuba Diving | Ikigai","isPartOf":{"@id":"https:\/\/ikigaiexperience.com.br\/#website"},"datePublished":"2021-12-14T05:14:45+00:00","dateModified":"2022-11-29T18:16:22+00:00","description":"Reserve j\u00e1 seu mergulho DReserve com anteced\u00eancia - Reservas devem ser realiiscovery em Porto de Galinhas na linda bancada de coral e nas piscinas naturais. N\u00e3o perca essa experi\u00eancia!","breadcrumb":{"@id":"https:\/\/ikigaiexperience.com.br\/experiencias\/mergulho-porto-de-galinhas\/#breadcrumb"},"inLanguage":"en-US","potentialAction":[{"@type":"ReadAction","target":["https:\/\/ikigaiexperience.com.br\/experiencias\/mergulho-porto-de-galinhas\/"]}]},{"@type":"BreadcrumbList","@id":"https:\/\/ikigaiexperience.com.br\/experiencias\/mergulho-porto-de-galinhas\/#breadcrumb","itemListElement":[{"@type":"ListItem","position":1,"name":"In\u00edcio","item":"https:\/\/ikigaiexperience.com.br\/"},{"@type":"ListItem","position":2,"name":"Mergulho","item":"https:\/\/ikigaiexperience.com.br\/experiencia-categoria\/mergulho\/"},{"@type":"ListItem","position":3,"name":"Mergulho Porto de Galinhas &#8211; Discovery Scuba Diving"}]},{"@type":"WebSite","@id":"https:\/\/ikigaiexperience.com.br\/#website","url":"https:\/\/ikigaiexperience.com.br\/","name":"Ikigai Experience","description":"Reserve seu mergulho de um modo f\u00e1cil, r\u00e1pido e divertido.","publisher":{"@id":"https:\/\/ikigaiexperience.com.br\/#organization"},"potentialAction":[{"@type":"SearchAction","target":{"@type":"EntryPoint","urlTemplate":"https:\/\/ikigaiexperience.com.br\/?s={search_term_string}"},"query-input":"required name=search_term_string"}],"inLanguage":"en-US"},{"@type":"Organization","@id":"https:\/\/ikigaiexperience.com.br\/#organization","name":"Ikigai Experience","url":"https:\/\/ikigaiexperience.com.br\/","logo":{"@type":"ImageObject","inLanguage":"en-US","@id":"https:\/\/ikigaiexperience.com.br\/#\/schema\/logo\/image\/","url":"https:\/\/ikigaiexperience.com.br\/wp-content\/uploads\/2021\/06\/Ikigai-Experience-Horizontal-Branco.png","contentUrl":"https:\/\/ikigaiexperience.com.br\/wp-content\/uploads\/2021\/06\/Ikigai-Experience-Horizontal-Branco.png","width":924,"height":249,"caption":"Ikigai Experience"},"image":{"@id":"https:\/\/ikigaiexperience.com.br\/#\/schema\/logo\/image\/"},"sameAs":["https:\/\/www.instagram.com\/theikigaiexperience\/","https:\/\/www.linkedin.com\/company\/ikigai-experience","https:\/\/www.youtube.com\/channel\/UC8qpgAQ3P89h79oP9ymmo7Q","https:\/\/www.facebook.com\/Ikigai-Experience-100452311832822"]}]}},"_links":{"self":[{"href":"https:\/\/ikigaiexperience.com.br\/en\/wp-json\/wp\/v2\/product\/10730"}],"collection":[{"href":"https:\/\/ikigaiexperience.com.br\/en\/wp-json\/wp\/v2\/product"}],"about":[{"href":"https:\/\/ikigaiexperience.com.br\/en\/wp-json\/wp\/v2\/types\/product"}],"version-history":[{"count":0,"href":"https:\/\/ikigaiexperience.com.br\/en\/wp-json\/wp\/v2\/product\/10730\/revisions"}],"wp:featuredmedia":[{"embeddable":true,"href":"https:\/\/ikigaiexperience.com.br\/en\/wp-json\/wp\/v2\/media\/11330"}],"wp:attachment":[{"href":"https:\/\/ikigaiexperience.com.br\/en\/wp-json\/wp\/v2\/media?parent=10730"}],"wp:term":[{"taxonomy":"product_cat","embeddable":true,"href":"https:\/\/ikigaiexperience.com.br\/en\/wp-json\/wp\/v2\/product_cat?post=10730"},{"taxonomy":"product_tag","embeddable":true,"href":"https:\/\/ikigaiexperience.com.br\/en\/wp-json\/wp\/v2\/product_tag?post=10730"}],"curies":[{"name":"wp","href":"https:\/\/api.w.org\/{rel}","templated":true}]}}