{"id":10728,"date":"2021-12-14T02:13:19","date_gmt":"2021-12-14T05:13:19","guid":{"rendered":"https:\/\/ikigaiexperience.com.br\/?post_type=product&#038;p=10728"},"modified":"2022-11-29T15:16:14","modified_gmt":"2022-11-29T18:16:14","slug":"mergulho-porto-de-galinhas-trilha-dos-corais-credenciados","status":"publish","type":"product","link":"https:\/\/ikigaiexperience.com.br\/en\/experiencias\/scuba-diving-porto-de-galinhas-trilha-dos-corais-certified\/","title":{"rendered":"Porto de Galinhas Diving \u2013 Coral Trail for Accredited"},"content":{"rendered":"<h3>The Coral Trail<\/h3>\n<p>The beauty of the coral diving bench in Porto de Galinhas is the envy of many dive sites across Brazil and the experience of diving on the Coral Trail is a guarantee of fun for all levels of divers.<\/p>\n<p>The coral reef is located about 200 meters from the beach, which is accessed by rafts without motors so that there is no degradation or damage to the nature of the place.<\/p>\n<p>The points usually accessed for diving are the Canal da Paix\u00e3o, deep natural pools and Boca da Barra, offering a dive of up to 14 meters deep and the chance to see animals such as lobsters, flounder, octopus, among others.<\/p>\n<h3>The Porto de Galinhas diving experience \u2013 Coral Trail<\/h3>\n<p><span style=\"font-weight: 400;\">The boat trip starts at the beach, which lasts a maximum of 10 minutes due to the proximity of the natural pools.\u00a0<\/span><\/p>\n<p><span style=\"font-weight: 400;\">In the pools, each diver will have the opportunity to dive for about 40 minutes in a depth of up to 14 meters through the Corais Trail, Boca da Barra and Canal da Paix\u00e3o accompanied by a guide instructor.<\/span><\/p>\n<p>In this experience, for accredited people, an exploration of the deep part of the coral bench and also of the wall is sought.<\/p>\n<p><span style=\"font-weight: 400;\">O<\/span><span style=\"font-weight: 400;\"> The complete tour lasts up to 2 hours, depending on the number of people on the way out.<\/span><\/p>","protected":false},"excerpt":{"rendered":"<p>The experience of diving in the Coral Trail is a guarantee of fun for all levels of divers. The beauty of the coral diving bench in Porto de Galinhas is the envy of many dive sites in Brazil. The experience consists of a contemplative dive along the Coral Trail for about 40 minutes accompanied by a guide instructor at a depth of up to 14 meters.<\/p>","protected":false},"featured_media":11340,"parent":0,"template":"","meta":[],"product_cat":[29],"product_tag":[],"yoast_head":"<!-- This site is optimized with the Yoast SEO plugin v20.0 - https:\/\/yoast.com\/wordpress\/plugins\/seo\/ -->\n<title>Mergulho Porto de Galinhas - Trilha dos Corais para Credenciados<\/title>\n<meta name=\"description\" content=\"A experi\u00eancia de mergulhar na Trilha dos Corais \u00e9 garantia de divers\u00e3o para todos os n\u00edveis de mergulhadores. N\u00e3o perca essa experi\u00eancia.\u00a0\" \/>\n<meta name=\"robots\" content=\"index, follow, max-snippet:-1, max-image-preview:large, max-video-preview:-1\" \/>\n<link rel=\"canonical\" href=\"https:\/\/ikigaiexperience.com.br\/en\/experiencias\/scuba-diving-porto-de-galinhas-trilha-dos-corais\/\" \/>\n<meta property=\"og:locale\" content=\"en_US\" \/>\n<meta property=\"og:type\" content=\"article\" \/>\n<meta property=\"og:title\" content=\"Mergulho Porto de Galinhas - Trilha dos Corais para Credenciados\" \/>\n<meta property=\"og:description\" content=\"A experi\u00eancia de mergulhar na Trilha dos Corais \u00e9 garantia de divers\u00e3o para todos os n\u00edveis de mergulhadores. N\u00e3o perca essa experi\u00eancia.\u00a0\" \/>\n<meta property=\"og:url\" content=\"https:\/\/ikigaiexperience.com.br\/en\/experiencias\/scuba-diving-porto-de-galinhas-trilha-dos-corais\/\" \/>\n<meta property=\"og:site_name\" content=\"Ikigai Experience\" \/>\n<meta property=\"article:publisher\" content=\"https:\/\/www.facebook.com\/Ikigai-Experience-100452311832822\" \/>\n<meta property=\"article:modified_time\" content=\"2022-11-29T18:16:14+00:00\" \/>\n<meta property=\"og:image\" content=\"https:\/\/ikigaiexperience.com.br\/wp-content\/uploads\/2021\/12\/Mergulho-Porto-de-Galinhas-02.jpg\" \/>\n\t<meta property=\"og:image:width\" content=\"924\" \/>\n\t<meta property=\"og:image:height\" content=\"485\" \/>\n\t<meta property=\"og:image:type\" content=\"image\/jpeg\" \/>\n<meta name=\"twitter:card\" content=\"summary_large_image\" \/>\n<meta name=\"twitter:label1\" content=\"Est. tempo de leitura\" \/>\n\t<meta name=\"twitter:data1\" content=\"2 minutes\" \/>\n<script type=\"application\/ld+json\" class=\"yoast-schema-graph\">{\"@context\":\"https:\/\/schema.org\",\"@graph\":[{\"@type\":\"WebPage\",\"@id\":\"https:\/\/ikigaiexperience.com.br\/experiencias\/mergulho-porto-de-galinhas-trilha-dos-corais-credenciados\/\",\"url\":\"https:\/\/ikigaiexperience.com.br\/experiencias\/mergulho-porto-de-galinhas\/\",\"name\":\"Mergulho Porto de Galinhas - Trilha dos Corais para Credenciados\",\"isPartOf\":{\"@id\":\"https:\/\/ikigaiexperience.com.br\/#website\"},\"datePublished\":\"2021-12-14T05:13:19+00:00\",\"dateModified\":\"2022-11-29T18:16:14+00:00\",\"description\":\"A experi\u00eancia de mergulhar na Trilha dos Corais \u00e9 garantia de divers\u00e3o para todos os n\u00edveis de mergulhadores. N\u00e3o perca essa experi\u00eancia.\u00a0\",\"breadcrumb\":{\"@id\":\"https:\/\/ikigaiexperience.com.br\/experiencias\/mergulho-porto-de-galinhas\/#breadcrumb\"},\"inLanguage\":\"en-US\",\"potentialAction\":[{\"@type\":\"ReadAction\",\"target\":[\"https:\/\/ikigaiexperience.com.br\/experiencias\/mergulho-porto-de-galinhas\/\"]}]},{\"@type\":\"BreadcrumbList\",\"@id\":\"https:\/\/ikigaiexperience.com.br\/experiencias\/mergulho-porto-de-galinhas\/#breadcrumb\",\"itemListElement\":[{\"@type\":\"ListItem\",\"position\":1,\"name\":\"In\u00edcio\",\"item\":\"https:\/\/ikigaiexperience.com.br\/\"},{\"@type\":\"ListItem\",\"position\":2,\"name\":\"Mergulho\",\"item\":\"https:\/\/ikigaiexperience.com.br\/experiencia-categoria\/mergulho\/\"},{\"@type\":\"ListItem\",\"position\":3,\"name\":\"Mergulho Porto de Galinhas &#8211; Trilha dos Corais para Credenciados\"}]},{\"@type\":\"WebSite\",\"@id\":\"https:\/\/ikigaiexperience.com.br\/#website\",\"url\":\"https:\/\/ikigaiexperience.com.br\/\",\"name\":\"Ikigai Experience\",\"description\":\"Reserve seu mergulho de um modo f\u00e1cil, r\u00e1pido e divertido.\",\"publisher\":{\"@id\":\"https:\/\/ikigaiexperience.com.br\/#organization\"},\"potentialAction\":[{\"@type\":\"SearchAction\",\"target\":{\"@type\":\"EntryPoint\",\"urlTemplate\":\"https:\/\/ikigaiexperience.com.br\/?s={search_term_string}\"},\"query-input\":\"required name=search_term_string\"}],\"inLanguage\":\"en-US\"},{\"@type\":\"Organization\",\"@id\":\"https:\/\/ikigaiexperience.com.br\/#organization\",\"name\":\"Ikigai Experience\",\"url\":\"https:\/\/ikigaiexperience.com.br\/\",\"logo\":{\"@type\":\"ImageObject\",\"inLanguage\":\"en-US\",\"@id\":\"https:\/\/ikigaiexperience.com.br\/#\/schema\/logo\/image\/\",\"url\":\"https:\/\/ikigaiexperience.com.br\/wp-content\/uploads\/2021\/06\/Ikigai-Experience-Horizontal-Branco.png\",\"contentUrl\":\"https:\/\/ikigaiexperience.com.br\/wp-content\/uploads\/2021\/06\/Ikigai-Experience-Horizontal-Branco.png\",\"width\":924,\"height\":249,\"caption\":\"Ikigai Experience\"},\"image\":{\"@id\":\"https:\/\/ikigaiexperience.com.br\/#\/schema\/logo\/image\/\"},\"sameAs\":[\"https:\/\/www.instagram.com\/theikigaiexperience\/\",\"https:\/\/www.linkedin.com\/company\/ikigai-experience\",\"https:\/\/www.youtube.com\/channel\/UC8qpgAQ3P89h79oP9ymmo7Q\",\"https:\/\/www.facebook.com\/Ikigai-Experience-100452311832822\"]}]}<\/script>\n<!-- \/ Yoast SEO plugin. -->","yoast_head_json":{"title":"Mergulho Porto de Galinhas - Trilha dos Corais para Credenciados","description":"A experi\u00eancia de mergulhar na Trilha dos Corais \u00e9 garantia de divers\u00e3o para todos os n\u00edveis de mergulhadores. N\u00e3o perca essa experi\u00eancia.\u00a0","robots":{"index":"index","follow":"follow","max-snippet":"max-snippet:-1","max-image-preview":"max-image-preview:large","max-video-preview":"max-video-preview:-1"},"canonical":"https:\/\/ikigaiexperience.com.br\/en\/experiencias\/scuba-diving-porto-de-galinhas-trilha-dos-corais\/","og_locale":"en_US","og_type":"article","og_title":"Mergulho Porto de Galinhas - Trilha dos Corais para Credenciados","og_description":"A experi\u00eancia de mergulhar na Trilha dos Corais \u00e9 garantia de divers\u00e3o para todos os n\u00edveis de mergulhadores. N\u00e3o perca essa experi\u00eancia.\u00a0","og_url":"https:\/\/ikigaiexperience.com.br\/en\/experiencias\/scuba-diving-porto-de-galinhas-trilha-dos-corais\/","og_site_name":"Ikigai Experience","article_publisher":"https:\/\/www.facebook.com\/Ikigai-Experience-100452311832822","article_modified_time":"2022-11-29T18:16:14+00:00","og_image":[{"width":924,"height":485,"url":"https:\/\/ikigaiexperience.com.br\/wp-content\/uploads\/2021\/12\/Mergulho-Porto-de-Galinhas-02.jpg","type":"image\/jpeg"}],"twitter_card":"summary_large_image","twitter_misc":{"Est. tempo de leitura":"2 minutes"},"schema":{"@context":"https:\/\/schema.org","@graph":[{"@type":"WebPage","@id":"https:\/\/ikigaiexperience.com.br\/experiencias\/mergulho-porto-de-galinhas-trilha-dos-corais-credenciados\/","url":"https:\/\/ikigaiexperience.com.br\/experiencias\/mergulho-porto-de-galinhas\/","name":"Mergulho Porto de Galinhas - Trilha dos Corais para Credenciados","isPartOf":{"@id":"https:\/\/ikigaiexperience.com.br\/#website"},"datePublished":"2021-12-14T05:13:19+00:00","dateModified":"2022-11-29T18:16:14+00:00","description":"A experi\u00eancia de mergulhar na Trilha dos Corais \u00e9 garantia de divers\u00e3o para todos os n\u00edveis de mergulhadores. N\u00e3o perca essa experi\u00eancia.\u00a0","breadcrumb":{"@id":"https:\/\/ikigaiexperience.com.br\/experiencias\/mergulho-porto-de-galinhas\/#breadcrumb"},"inLanguage":"en-US","potentialAction":[{"@type":"ReadAction","target":["https:\/\/ikigaiexperience.com.br\/experiencias\/mergulho-porto-de-galinhas\/"]}]},{"@type":"BreadcrumbList","@id":"https:\/\/ikigaiexperience.com.br\/experiencias\/mergulho-porto-de-galinhas\/#breadcrumb","itemListElement":[{"@type":"ListItem","position":1,"name":"In\u00edcio","item":"https:\/\/ikigaiexperience.com.br\/"},{"@type":"ListItem","position":2,"name":"Mergulho","item":"https:\/\/ikigaiexperience.com.br\/experiencia-categoria\/mergulho\/"},{"@type":"ListItem","position":3,"name":"Mergulho Porto de Galinhas &#8211; Trilha dos Corais para Credenciados"}]},{"@type":"WebSite","@id":"https:\/\/ikigaiexperience.com.br\/#website","url":"https:\/\/ikigaiexperience.com.br\/","name":"Ikigai Experience","description":"Reserve seu mergulho de um modo f\u00e1cil, r\u00e1pido e divertido.","publisher":{"@id":"https:\/\/ikigaiexperience.com.br\/#organization"},"potentialAction":[{"@type":"SearchAction","target":{"@type":"EntryPoint","urlTemplate":"https:\/\/ikigaiexperience.com.br\/?s={search_term_string}"},"query-input":"required name=search_term_string"}],"inLanguage":"en-US"},{"@type":"Organization","@id":"https:\/\/ikigaiexperience.com.br\/#organization","name":"Ikigai Experience","url":"https:\/\/ikigaiexperience.com.br\/","logo":{"@type":"ImageObject","inLanguage":"en-US","@id":"https:\/\/ikigaiexperience.com.br\/#\/schema\/logo\/image\/","url":"https:\/\/ikigaiexperience.com.br\/wp-content\/uploads\/2021\/06\/Ikigai-Experience-Horizontal-Branco.png","contentUrl":"https:\/\/ikigaiexperience.com.br\/wp-content\/uploads\/2021\/06\/Ikigai-Experience-Horizontal-Branco.png","width":924,"height":249,"caption":"Ikigai Experience"},"image":{"@id":"https:\/\/ikigaiexperience.com.br\/#\/schema\/logo\/image\/"},"sameAs":["https:\/\/www.instagram.com\/theikigaiexperience\/","https:\/\/www.linkedin.com\/company\/ikigai-experience","https:\/\/www.youtube.com\/channel\/UC8qpgAQ3P89h79oP9ymmo7Q","https:\/\/www.facebook.com\/Ikigai-Experience-100452311832822"]}]}},"_links":{"self":[{"href":"https:\/\/ikigaiexperience.com.br\/en\/wp-json\/wp\/v2\/product\/10728"}],"collection":[{"href":"https:\/\/ikigaiexperience.com.br\/en\/wp-json\/wp\/v2\/product"}],"about":[{"href":"https:\/\/ikigaiexperience.com.br\/en\/wp-json\/wp\/v2\/types\/product"}],"version-history":[{"count":0,"href":"https:\/\/ikigaiexperience.com.br\/en\/wp-json\/wp\/v2\/product\/10728\/revisions"}],"wp:featuredmedia":[{"embeddable":true,"href":"https:\/\/ikigaiexperience.com.br\/en\/wp-json\/wp\/v2\/media\/11340"}],"wp:attachment":[{"href":"https:\/\/ikigaiexperience.com.br\/en\/wp-json\/wp\/v2\/media?parent=10728"}],"wp:term":[{"taxonomy":"product_cat","embeddable":true,"href":"https:\/\/ikigaiexperience.com.br\/en\/wp-json\/wp\/v2\/product_cat?post=10728"},{"taxonomy":"product_tag","embeddable":true,"href":"https:\/\/ikigaiexperience.com.br\/en\/wp-json\/wp\/v2\/product_tag?post=10728"}],"curies":[{"name":"wp","href":"https:\/\/api.w.org\/{rel}","templated":true}]}}