{"id":10726,"date":"2021-12-14T02:12:19","date_gmt":"2021-12-14T05:12:19","guid":{"rendered":"https:\/\/ikigaiexperience.com.br\/?post_type=product&#038;p=10726"},"modified":"2024-01-31T10:52:40","modified_gmt":"2024-01-31T13:52:40","slug":"mergulho-porto-de-galinhas","status":"publish","type":"product","link":"https:\/\/ikigaiexperience.com.br\/en\/experiencias\/scuba-diving-porto-de-galinhas-trilha-dos-corais\/","title":{"rendered":"Diving Porto de Galinhas \u2013 Scuba Diving + Snorkel"},"content":{"rendered":"<h3>Diving in the Coral Bench and Natural Pools<\/h3>\n<p>The Porto de Galinhas dive in the baptism modality is the perfect opportunity for beginners, with no previous experience, to get to know the beauties of the coral reef up close.<\/p>\n<p>The coral reef is located about 200 meters from the beach, which is accessed by rafts without motors so that there is no degradation or damage to the nature of the place.<\/p>\n<p>The natural pools offer a very rich dive in marine life, with the unique beauties of the coral reef and its inhabitants.<\/p>\n<h3>What&#039;s Included in Diving<\/h3>\n<p>The Porto de Galinhas dive in the baptism modality, includes the cylinder dive, previous training, complete equipment, instructor monitoring, all for the price of R$190 \/ diver.<\/p>\n<p>At the end, GoPro photos, taken by the team, are provided as a toast to the experience.<\/p>\n<p>To continue your experience, after the dive you will have the right to continue through the natural pools using snorkel equipment (surface diving) and exploring the place as much as you want.<\/p>\n<h3>The Porto de Galinhas diving experience with the right to Snorkel<\/h3>\n<p><span style=\"font-weight: 400;\">The boat trip starts on the beach, which lasts a maximum of 10 minutes due to the proximity of the natural pools and the coral reef.\u00a0<\/span><\/p>\n<p><span style=\"font-weight: 400;\">In the pools, the tour begins on the coral reef, where each diver will have the opportunity to dive for about 35 minutes at a depth of up to 6 meters, accompanied by an instructor guide.<\/span><\/p>\n<p>On the tour you will have the opportunity to see the coral bench up close, have the feeling of breathing underwater and take some souvenir photos.<\/p>\n<p><span style=\"font-weight: 400;\">O<\/span><span style=\"font-weight: 400;\"> The complete tour lasts up to 1h30 and at the end you will be entitled to continue your exploration around the coral bench and natural pools with snrokel equipment as much as you want.<\/span><\/p>\n<h3>extras<\/h3>\n<p>For those who just want to follow and just do the surface diving with snorkel, the value is R$80. With this, the companion has the right to take a boat trip and rent a snorkel to contemplate the diving sites from the surface.<\/p>","protected":false},"excerpt":{"rendered":"<p>The Porto de Galinhas Baptism Diving Experience offers the perfect opportunity to glimpse the beauties of the Porto de Galinhas Barrier Reef diving in a cylinder, without the need for any previous experience, you don&#039;t even need to know how to swim.<\/p>\n<p>The experience begins with basic training and adaptation, followed by a contemplative dive through the coral reef for about 35 minutes accompanied by an instructor at a depth of up to 06 meters.<\/p>\n<p>At the end of the experience, you can stay in the natural pools with snorkel equipment for as long as you like.<\/p>","protected":false},"featured_media":11317,"parent":0,"template":"","meta":[],"product_cat":[29],"product_tag":[],"yoast_head":"<!-- This site is optimized with the Yoast SEO plugin v20.0 - https:\/\/yoast.com\/wordpress\/plugins\/seo\/ -->\n<title>Mergulho Porto de Galinhas - Mergulho de cilindro + Snorkel<\/title>\n<meta name=\"description\" content=\"Mergulhe de cilindro em Porto de Galinhas na Trilha dos Corais, sem a necessidade de nenhuma experi\u00eancia pr\u00e9via. N\u00e3o perca essa experi\u00eancia!\" \/>\n<meta name=\"robots\" content=\"index, follow, max-snippet:-1, max-image-preview:large, max-video-preview:-1\" \/>\n<link rel=\"canonical\" href=\"https:\/\/ikigaiexperience.com.br\/en\/experiencias\/scuba-diving-porto-de-galinhas-trilha-dos-corais\/\" \/>\n<meta property=\"og:locale\" content=\"en_US\" \/>\n<meta property=\"og:type\" content=\"article\" \/>\n<meta property=\"og:title\" content=\"Mergulho Porto de Galinhas - Mergulho de cilindro + Snorkel\" \/>\n<meta property=\"og:description\" content=\"Mergulhe de cilindro em Porto de Galinhas na Trilha dos Corais, sem a necessidade de nenhuma experi\u00eancia pr\u00e9via. N\u00e3o perca essa experi\u00eancia!\" \/>\n<meta property=\"og:url\" content=\"https:\/\/ikigaiexperience.com.br\/en\/experiencias\/scuba-diving-porto-de-galinhas-trilha-dos-corais\/\" \/>\n<meta property=\"og:site_name\" content=\"Ikigai Experience\" \/>\n<meta property=\"article:publisher\" content=\"https:\/\/www.facebook.com\/Ikigai-Experience-100452311832822\" \/>\n<meta property=\"article:modified_time\" content=\"2024-01-31T13:52:40+00:00\" \/>\n<meta property=\"og:image\" content=\"https:\/\/ikigaiexperience.com.br\/wp-content\/uploads\/2021\/12\/Mergulho-Porto-de-Galinhas-09.jpg\" \/>\n\t<meta property=\"og:image:width\" content=\"1024\" \/>\n\t<meta property=\"og:image:height\" content=\"682\" \/>\n\t<meta property=\"og:image:type\" content=\"image\/jpeg\" \/>\n<meta name=\"twitter:card\" content=\"summary_large_image\" \/>\n<meta name=\"twitter:label1\" content=\"Est. tempo de leitura\" \/>\n\t<meta name=\"twitter:data1\" content=\"2 minutes\" \/>\n<script type=\"application\/ld+json\" class=\"yoast-schema-graph\">{\"@context\":\"https:\/\/schema.org\",\"@graph\":[{\"@type\":\"WebPage\",\"@id\":\"https:\/\/ikigaiexperience.com.br\/experiencias\/mergulho-porto-de-galinhas\/\",\"url\":\"https:\/\/ikigaiexperience.com.br\/experiencias\/mergulho-porto-de-galinhas\/\",\"name\":\"Mergulho Porto de Galinhas - Mergulho de cilindro + Snorkel\",\"isPartOf\":{\"@id\":\"https:\/\/ikigaiexperience.com.br\/#website\"},\"datePublished\":\"2021-12-14T05:12:19+00:00\",\"dateModified\":\"2024-01-31T13:52:40+00:00\",\"description\":\"Mergulhe de cilindro em Porto de Galinhas na Trilha dos Corais, sem a necessidade de nenhuma experi\u00eancia pr\u00e9via. N\u00e3o perca essa experi\u00eancia!\",\"breadcrumb\":{\"@id\":\"https:\/\/ikigaiexperience.com.br\/experiencias\/mergulho-porto-de-galinhas\/#breadcrumb\"},\"inLanguage\":\"en-US\",\"potentialAction\":[{\"@type\":\"ReadAction\",\"target\":[\"https:\/\/ikigaiexperience.com.br\/experiencias\/mergulho-porto-de-galinhas\/\"]}]},{\"@type\":\"BreadcrumbList\",\"@id\":\"https:\/\/ikigaiexperience.com.br\/experiencias\/mergulho-porto-de-galinhas\/#breadcrumb\",\"itemListElement\":[{\"@type\":\"ListItem\",\"position\":1,\"name\":\"In\u00edcio\",\"item\":\"https:\/\/ikigaiexperience.com.br\/\"},{\"@type\":\"ListItem\",\"position\":2,\"name\":\"Mergulho\",\"item\":\"https:\/\/ikigaiexperience.com.br\/experiencia-categoria\/mergulho\/\"},{\"@type\":\"ListItem\",\"position\":3,\"name\":\"Mergulho Porto de Galinhas &#8211; Mergulho de cilindro + Snorkel\"}]},{\"@type\":\"WebSite\",\"@id\":\"https:\/\/ikigaiexperience.com.br\/#website\",\"url\":\"https:\/\/ikigaiexperience.com.br\/\",\"name\":\"Ikigai Experience\",\"description\":\"Reserve seu mergulho de um modo f\u00e1cil, r\u00e1pido e divertido.\",\"publisher\":{\"@id\":\"https:\/\/ikigaiexperience.com.br\/#organization\"},\"potentialAction\":[{\"@type\":\"SearchAction\",\"target\":{\"@type\":\"EntryPoint\",\"urlTemplate\":\"https:\/\/ikigaiexperience.com.br\/?s={search_term_string}\"},\"query-input\":\"required name=search_term_string\"}],\"inLanguage\":\"en-US\"},{\"@type\":\"Organization\",\"@id\":\"https:\/\/ikigaiexperience.com.br\/#organization\",\"name\":\"Ikigai Experience\",\"url\":\"https:\/\/ikigaiexperience.com.br\/\",\"logo\":{\"@type\":\"ImageObject\",\"inLanguage\":\"en-US\",\"@id\":\"https:\/\/ikigaiexperience.com.br\/#\/schema\/logo\/image\/\",\"url\":\"https:\/\/ikigaiexperience.com.br\/wp-content\/uploads\/2021\/06\/Ikigai-Experience-Horizontal-Branco.png\",\"contentUrl\":\"https:\/\/ikigaiexperience.com.br\/wp-content\/uploads\/2021\/06\/Ikigai-Experience-Horizontal-Branco.png\",\"width\":924,\"height\":249,\"caption\":\"Ikigai Experience\"},\"image\":{\"@id\":\"https:\/\/ikigaiexperience.com.br\/#\/schema\/logo\/image\/\"},\"sameAs\":[\"https:\/\/www.instagram.com\/theikigaiexperience\/\",\"https:\/\/www.linkedin.com\/company\/ikigai-experience\",\"https:\/\/www.youtube.com\/channel\/UC8qpgAQ3P89h79oP9ymmo7Q\",\"https:\/\/www.facebook.com\/Ikigai-Experience-100452311832822\"]}]}<\/script>\n<!-- \/ Yoast SEO plugin. -->","yoast_head_json":{"title":"Mergulho Porto de Galinhas - Mergulho de cilindro + Snorkel","description":"Mergulhe de cilindro em Porto de Galinhas na Trilha dos Corais, sem a necessidade de nenhuma experi\u00eancia pr\u00e9via. N\u00e3o perca essa experi\u00eancia!","robots":{"index":"index","follow":"follow","max-snippet":"max-snippet:-1","max-image-preview":"max-image-preview:large","max-video-preview":"max-video-preview:-1"},"canonical":"https:\/\/ikigaiexperience.com.br\/en\/experiencias\/scuba-diving-porto-de-galinhas-trilha-dos-corais\/","og_locale":"en_US","og_type":"article","og_title":"Mergulho Porto de Galinhas - Mergulho de cilindro + Snorkel","og_description":"Mergulhe de cilindro em Porto de Galinhas na Trilha dos Corais, sem a necessidade de nenhuma experi\u00eancia pr\u00e9via. N\u00e3o perca essa experi\u00eancia!","og_url":"https:\/\/ikigaiexperience.com.br\/en\/experiencias\/scuba-diving-porto-de-galinhas-trilha-dos-corais\/","og_site_name":"Ikigai Experience","article_publisher":"https:\/\/www.facebook.com\/Ikigai-Experience-100452311832822","article_modified_time":"2024-01-31T13:52:40+00:00","og_image":[{"width":1024,"height":682,"url":"https:\/\/ikigaiexperience.com.br\/wp-content\/uploads\/2021\/12\/Mergulho-Porto-de-Galinhas-09.jpg","type":"image\/jpeg"}],"twitter_card":"summary_large_image","twitter_misc":{"Est. tempo de leitura":"2 minutes"},"schema":{"@context":"https:\/\/schema.org","@graph":[{"@type":"WebPage","@id":"https:\/\/ikigaiexperience.com.br\/experiencias\/mergulho-porto-de-galinhas\/","url":"https:\/\/ikigaiexperience.com.br\/experiencias\/mergulho-porto-de-galinhas\/","name":"Mergulho Porto de Galinhas - Mergulho de cilindro + Snorkel","isPartOf":{"@id":"https:\/\/ikigaiexperience.com.br\/#website"},"datePublished":"2021-12-14T05:12:19+00:00","dateModified":"2024-01-31T13:52:40+00:00","description":"Mergulhe de cilindro em Porto de Galinhas na Trilha dos Corais, sem a necessidade de nenhuma experi\u00eancia pr\u00e9via. N\u00e3o perca essa experi\u00eancia!","breadcrumb":{"@id":"https:\/\/ikigaiexperience.com.br\/experiencias\/mergulho-porto-de-galinhas\/#breadcrumb"},"inLanguage":"en-US","potentialAction":[{"@type":"ReadAction","target":["https:\/\/ikigaiexperience.com.br\/experiencias\/mergulho-porto-de-galinhas\/"]}]},{"@type":"BreadcrumbList","@id":"https:\/\/ikigaiexperience.com.br\/experiencias\/mergulho-porto-de-galinhas\/#breadcrumb","itemListElement":[{"@type":"ListItem","position":1,"name":"In\u00edcio","item":"https:\/\/ikigaiexperience.com.br\/"},{"@type":"ListItem","position":2,"name":"Mergulho","item":"https:\/\/ikigaiexperience.com.br\/experiencia-categoria\/mergulho\/"},{"@type":"ListItem","position":3,"name":"Mergulho Porto de Galinhas &#8211; Mergulho de cilindro + Snorkel"}]},{"@type":"WebSite","@id":"https:\/\/ikigaiexperience.com.br\/#website","url":"https:\/\/ikigaiexperience.com.br\/","name":"Ikigai Experience","description":"Reserve seu mergulho de um modo f\u00e1cil, r\u00e1pido e divertido.","publisher":{"@id":"https:\/\/ikigaiexperience.com.br\/#organization"},"potentialAction":[{"@type":"SearchAction","target":{"@type":"EntryPoint","urlTemplate":"https:\/\/ikigaiexperience.com.br\/?s={search_term_string}"},"query-input":"required name=search_term_string"}],"inLanguage":"en-US"},{"@type":"Organization","@id":"https:\/\/ikigaiexperience.com.br\/#organization","name":"Ikigai Experience","url":"https:\/\/ikigaiexperience.com.br\/","logo":{"@type":"ImageObject","inLanguage":"en-US","@id":"https:\/\/ikigaiexperience.com.br\/#\/schema\/logo\/image\/","url":"https:\/\/ikigaiexperience.com.br\/wp-content\/uploads\/2021\/06\/Ikigai-Experience-Horizontal-Branco.png","contentUrl":"https:\/\/ikigaiexperience.com.br\/wp-content\/uploads\/2021\/06\/Ikigai-Experience-Horizontal-Branco.png","width":924,"height":249,"caption":"Ikigai Experience"},"image":{"@id":"https:\/\/ikigaiexperience.com.br\/#\/schema\/logo\/image\/"},"sameAs":["https:\/\/www.instagram.com\/theikigaiexperience\/","https:\/\/www.linkedin.com\/company\/ikigai-experience","https:\/\/www.youtube.com\/channel\/UC8qpgAQ3P89h79oP9ymmo7Q","https:\/\/www.facebook.com\/Ikigai-Experience-100452311832822"]}]}},"_links":{"self":[{"href":"https:\/\/ikigaiexperience.com.br\/en\/wp-json\/wp\/v2\/product\/10726"}],"collection":[{"href":"https:\/\/ikigaiexperience.com.br\/en\/wp-json\/wp\/v2\/product"}],"about":[{"href":"https:\/\/ikigaiexperience.com.br\/en\/wp-json\/wp\/v2\/types\/product"}],"version-history":[{"count":1,"href":"https:\/\/ikigaiexperience.com.br\/en\/wp-json\/wp\/v2\/product\/10726\/revisions"}],"predecessor-version":[{"id":22930,"href":"https:\/\/ikigaiexperience.com.br\/en\/wp-json\/wp\/v2\/product\/10726\/revisions\/22930"}],"wp:featuredmedia":[{"embeddable":true,"href":"https:\/\/ikigaiexperience.com.br\/en\/wp-json\/wp\/v2\/media\/11317"}],"wp:attachment":[{"href":"https:\/\/ikigaiexperience.com.br\/en\/wp-json\/wp\/v2\/media?parent=10726"}],"wp:term":[{"taxonomy":"product_cat","embeddable":true,"href":"https:\/\/ikigaiexperience.com.br\/en\/wp-json\/wp\/v2\/product_cat?post=10726"},{"taxonomy":"product_tag","embeddable":true,"href":"https:\/\/ikigaiexperience.com.br\/en\/wp-json\/wp\/v2\/product_tag?post=10726"}],"curies":[{"name":"wp","href":"https:\/\/api.w.org\/{rel}","templated":true}]}}