{"id":10527,"date":"2021-12-12T02:44:07","date_gmt":"2021-12-12T05:44:07","guid":{"rendered":"https:\/\/ikigaiexperience.com.br\/?post_type=product&#038;p=10527"},"modified":"2024-01-12T16:06:16","modified_gmt":"2024-01-12T19:06:16","slug":"mergulho-paraty-batismo","status":"publish","type":"product","link":"https:\/\/ikigaiexperience.com.br\/en\/experiencias\/scuba-diving-paraty\/","title":{"rendered":"Paraty scuba diving for beginners"},"content":{"rendered":"<h3>Diving in the islands and coves of Paraty<\/h3>\n<p>In Paraty Baptism diving you will have the opportunity to know one of the most visited spots for diving in Brazil. Paraty, in addition to its historical wealth, has several diving spots, which provide exceptional diving, among them we can list some islands and coves:<\/p>\n<ul>\n<li>Meros Island: Diving point well known for the presence of a submerged statue of Christ and also for the wreck of a plane. The characteristic marine life of the place is formed by crustaceans, different schools of fish and many starfish. Location suitable for both experienced and beginner divers.<\/li>\n<li>Ilha dos Ratos: another very famous and sought after spot in the region, mainly due to the presence of the statue of Neptune, Roman god of the seas. It offers a dive of up to 12 meters and a very diverse marine fauna.<\/li>\n<li>Ilha dos Cocos: It has a relatively shallow depth, around 8 meters, but given the visibility and very clear waters, as well as passages and caves that give shelter to a great diversity of life, it becomes a place for both beginners and divers. more experienced.<\/li>\n<\/ul>\n<p>Among other islands we can still mention Ilha Comprida, Caja\u00edba, Parcel dos Meros and the list goes on. Places that provide excellent diving.<\/p>\n<p>Important: The definition of the destination takes place on the day of the experience, given the weather conditions.<\/p>\n<h3>The Baptism Diving Experience in Paraty<\/h3>\n<p><span style=\"font-weight: 400;\">After defining the dive site, the boat trip starts at Marina do Engenho in Paraty.<\/span><\/p>\n<p><span style=\"font-weight: 400;\">At the dive site, each diver will have the opportunity to dive for about 30 minutes at a depth of up to 10 meters.<\/span><\/p>\n<p><span style=\"font-weight: 400;\">As a great differential, they will always be accompanied by a certified diver with a total focus only on you, which will always guarantee the best experience for your dive. <\/span><\/p>\n<p><span style=\"font-weight: 400;\">THE<\/span><span style=\"font-weight: 400;\">After scuba diving, you can continue exploring the site with surface diving (snorkeling) or even doing stand-up and enjoying the structure of the boat, while the other divers finish their dives. <\/span><\/p>\n<p><span style=\"font-weight: 400;\">O<\/span><span style=\"font-weight: 400;\"> The complete tour lasts 5 hours, depending on the number of people on the way out and the dive destinations.<\/span><\/p>","protected":false},"excerpt":{"rendered":"<p>In the diving experience in Paraty in the baptism modality, you will have the opportunity to know the most beautiful spots to dive in the region without needing any previous experience, not even knowing how to swim. The experience consists of 30 minutes of diving accompanied by an instructor in a depth of up to 10m, in one of the most requested cities for diving in Brazil. After and before the dive, you can also snorkel and stand-up around the island at no additional cost.<\/p>","protected":false},"featured_media":20240,"parent":0,"template":"","meta":[],"product_cat":[29],"product_tag":[],"yoast_head":"<!-- This site is optimized with the Yoast SEO plugin v20.0 - https:\/\/yoast.com\/wordpress\/plugins\/seo\/ -->\n<title>Mergulho Paraty - Batismo - Primeiro Mergulho | Ikigai Experience<\/title>\n<meta name=\"description\" content=\"Conhe\u00e7a o mergulho em Paraty e os pontos mais bonitos da regi\u00e3o, sem precisar de nenhuma experi\u00eancias pr\u00e9via, nem sequer saber nadar.\" \/>\n<meta name=\"robots\" content=\"index, follow, max-snippet:-1, max-image-preview:large, max-video-preview:-1\" \/>\n<link rel=\"canonical\" href=\"https:\/\/ikigaiexperience.com.br\/en\/experiencias\/scuba-diving-paraty\/\" \/>\n<meta property=\"og:locale\" content=\"en_US\" \/>\n<meta property=\"og:type\" content=\"article\" \/>\n<meta property=\"og:title\" content=\"Mergulho Paraty - Batismo - Primeiro Mergulho | Ikigai Experience\" \/>\n<meta property=\"og:description\" content=\"Conhe\u00e7a o mergulho em Paraty e os pontos mais bonitos da regi\u00e3o, sem precisar de nenhuma experi\u00eancias pr\u00e9via, nem sequer saber nadar.\" \/>\n<meta property=\"og:url\" content=\"https:\/\/ikigaiexperience.com.br\/en\/experiencias\/scuba-diving-paraty\/\" \/>\n<meta property=\"og:site_name\" content=\"Ikigai Experience\" \/>\n<meta property=\"article:publisher\" content=\"https:\/\/www.facebook.com\/Ikigai-Experience-100452311832822\" \/>\n<meta property=\"article:modified_time\" content=\"2024-01-12T19:06:16+00:00\" \/>\n<meta property=\"og:image\" content=\"https:\/\/ikigaiexperience.com.br\/wp-content\/uploads\/2022\/09\/mergulho-paraty-10.jpg\" \/>\n\t<meta property=\"og:image:width\" content=\"935\" \/>\n\t<meta property=\"og:image:height\" content=\"622\" \/>\n\t<meta property=\"og:image:type\" content=\"image\/jpeg\" \/>\n<meta name=\"twitter:card\" content=\"summary_large_image\" \/>\n<meta name=\"twitter:label1\" content=\"Est. tempo de leitura\" \/>\n\t<meta name=\"twitter:data1\" content=\"3 minutes\" \/>\n<script type=\"application\/ld+json\" class=\"yoast-schema-graph\">{\"@context\":\"https:\/\/schema.org\",\"@graph\":[{\"@type\":\"WebPage\",\"@id\":\"https:\/\/ikigaiexperience.com.br\/experiencias\/mergulho-paraty-batismo\/\",\"url\":\"https:\/\/ikigaiexperience.com.br\/experiencias\/mergulho-paraty-batismo\/\",\"name\":\"Mergulho Paraty - Batismo - Primeiro Mergulho | Ikigai Experience\",\"isPartOf\":{\"@id\":\"https:\/\/ikigaiexperience.com.br\/#website\"},\"datePublished\":\"2021-12-12T05:44:07+00:00\",\"dateModified\":\"2024-01-12T19:06:16+00:00\",\"description\":\"Conhe\u00e7a o mergulho em Paraty e os pontos mais bonitos da regi\u00e3o, sem precisar de nenhuma experi\u00eancias pr\u00e9via, nem sequer saber nadar.\",\"breadcrumb\":{\"@id\":\"https:\/\/ikigaiexperience.com.br\/experiencias\/mergulho-paraty-batismo\/#breadcrumb\"},\"inLanguage\":\"en-US\",\"potentialAction\":[{\"@type\":\"ReadAction\",\"target\":[\"https:\/\/ikigaiexperience.com.br\/experiencias\/mergulho-paraty-batismo\/\"]}]},{\"@type\":\"BreadcrumbList\",\"@id\":\"https:\/\/ikigaiexperience.com.br\/experiencias\/mergulho-paraty-batismo\/#breadcrumb\",\"itemListElement\":[{\"@type\":\"ListItem\",\"position\":1,\"name\":\"In\u00edcio\",\"item\":\"https:\/\/ikigaiexperience.com.br\/\"},{\"@type\":\"ListItem\",\"position\":2,\"name\":\"Mergulho\",\"item\":\"https:\/\/ikigaiexperience.com.br\/experiencia-categoria\/mergulho\/\"},{\"@type\":\"ListItem\",\"position\":3,\"name\":\"Mergulho Paraty para iniciantes\"}]},{\"@type\":\"WebSite\",\"@id\":\"https:\/\/ikigaiexperience.com.br\/#website\",\"url\":\"https:\/\/ikigaiexperience.com.br\/\",\"name\":\"Ikigai Experience\",\"description\":\"Reserve seu mergulho de um modo f\u00e1cil, r\u00e1pido e divertido.\",\"publisher\":{\"@id\":\"https:\/\/ikigaiexperience.com.br\/#organization\"},\"potentialAction\":[{\"@type\":\"SearchAction\",\"target\":{\"@type\":\"EntryPoint\",\"urlTemplate\":\"https:\/\/ikigaiexperience.com.br\/?s={search_term_string}\"},\"query-input\":\"required name=search_term_string\"}],\"inLanguage\":\"en-US\"},{\"@type\":\"Organization\",\"@id\":\"https:\/\/ikigaiexperience.com.br\/#organization\",\"name\":\"Ikigai Experience\",\"url\":\"https:\/\/ikigaiexperience.com.br\/\",\"logo\":{\"@type\":\"ImageObject\",\"inLanguage\":\"en-US\",\"@id\":\"https:\/\/ikigaiexperience.com.br\/#\/schema\/logo\/image\/\",\"url\":\"https:\/\/ikigaiexperience.com.br\/wp-content\/uploads\/2021\/06\/Ikigai-Experience-Horizontal-Branco.png\",\"contentUrl\":\"https:\/\/ikigaiexperience.com.br\/wp-content\/uploads\/2021\/06\/Ikigai-Experience-Horizontal-Branco.png\",\"width\":924,\"height\":249,\"caption\":\"Ikigai Experience\"},\"image\":{\"@id\":\"https:\/\/ikigaiexperience.com.br\/#\/schema\/logo\/image\/\"},\"sameAs\":[\"https:\/\/www.instagram.com\/theikigaiexperience\/\",\"https:\/\/www.linkedin.com\/company\/ikigai-experience\",\"https:\/\/www.youtube.com\/channel\/UC8qpgAQ3P89h79oP9ymmo7Q\",\"https:\/\/www.facebook.com\/Ikigai-Experience-100452311832822\"]}]}<\/script>\n<!-- \/ Yoast SEO plugin. -->","yoast_head_json":{"title":"Mergulho Paraty - Batismo - Primeiro Mergulho | Ikigai Experience","description":"Conhe\u00e7a o mergulho em Paraty e os pontos mais bonitos da regi\u00e3o, sem precisar de nenhuma experi\u00eancias pr\u00e9via, nem sequer saber nadar.","robots":{"index":"index","follow":"follow","max-snippet":"max-snippet:-1","max-image-preview":"max-image-preview:large","max-video-preview":"max-video-preview:-1"},"canonical":"https:\/\/ikigaiexperience.com.br\/en\/experiencias\/scuba-diving-paraty\/","og_locale":"en_US","og_type":"article","og_title":"Mergulho Paraty - Batismo - Primeiro Mergulho | Ikigai Experience","og_description":"Conhe\u00e7a o mergulho em Paraty e os pontos mais bonitos da regi\u00e3o, sem precisar de nenhuma experi\u00eancias pr\u00e9via, nem sequer saber nadar.","og_url":"https:\/\/ikigaiexperience.com.br\/en\/experiencias\/scuba-diving-paraty\/","og_site_name":"Ikigai Experience","article_publisher":"https:\/\/www.facebook.com\/Ikigai-Experience-100452311832822","article_modified_time":"2024-01-12T19:06:16+00:00","og_image":[{"width":935,"height":622,"url":"https:\/\/ikigaiexperience.com.br\/wp-content\/uploads\/2022\/09\/mergulho-paraty-10.jpg","type":"image\/jpeg"}],"twitter_card":"summary_large_image","twitter_misc":{"Est. tempo de leitura":"3 minutes"},"schema":{"@context":"https:\/\/schema.org","@graph":[{"@type":"WebPage","@id":"https:\/\/ikigaiexperience.com.br\/experiencias\/mergulho-paraty-batismo\/","url":"https:\/\/ikigaiexperience.com.br\/experiencias\/mergulho-paraty-batismo\/","name":"Mergulho Paraty - Batismo - Primeiro Mergulho | Ikigai Experience","isPartOf":{"@id":"https:\/\/ikigaiexperience.com.br\/#website"},"datePublished":"2021-12-12T05:44:07+00:00","dateModified":"2024-01-12T19:06:16+00:00","description":"Conhe\u00e7a o mergulho em Paraty e os pontos mais bonitos da regi\u00e3o, sem precisar de nenhuma experi\u00eancias pr\u00e9via, nem sequer saber nadar.","breadcrumb":{"@id":"https:\/\/ikigaiexperience.com.br\/experiencias\/mergulho-paraty-batismo\/#breadcrumb"},"inLanguage":"en-US","potentialAction":[{"@type":"ReadAction","target":["https:\/\/ikigaiexperience.com.br\/experiencias\/mergulho-paraty-batismo\/"]}]},{"@type":"BreadcrumbList","@id":"https:\/\/ikigaiexperience.com.br\/experiencias\/mergulho-paraty-batismo\/#breadcrumb","itemListElement":[{"@type":"ListItem","position":1,"name":"In\u00edcio","item":"https:\/\/ikigaiexperience.com.br\/"},{"@type":"ListItem","position":2,"name":"Mergulho","item":"https:\/\/ikigaiexperience.com.br\/experiencia-categoria\/mergulho\/"},{"@type":"ListItem","position":3,"name":"Mergulho Paraty para iniciantes"}]},{"@type":"WebSite","@id":"https:\/\/ikigaiexperience.com.br\/#website","url":"https:\/\/ikigaiexperience.com.br\/","name":"Ikigai Experience","description":"Reserve seu mergulho de um modo f\u00e1cil, r\u00e1pido e divertido.","publisher":{"@id":"https:\/\/ikigaiexperience.com.br\/#organization"},"potentialAction":[{"@type":"SearchAction","target":{"@type":"EntryPoint","urlTemplate":"https:\/\/ikigaiexperience.com.br\/?s={search_term_string}"},"query-input":"required name=search_term_string"}],"inLanguage":"en-US"},{"@type":"Organization","@id":"https:\/\/ikigaiexperience.com.br\/#organization","name":"Ikigai Experience","url":"https:\/\/ikigaiexperience.com.br\/","logo":{"@type":"ImageObject","inLanguage":"en-US","@id":"https:\/\/ikigaiexperience.com.br\/#\/schema\/logo\/image\/","url":"https:\/\/ikigaiexperience.com.br\/wp-content\/uploads\/2021\/06\/Ikigai-Experience-Horizontal-Branco.png","contentUrl":"https:\/\/ikigaiexperience.com.br\/wp-content\/uploads\/2021\/06\/Ikigai-Experience-Horizontal-Branco.png","width":924,"height":249,"caption":"Ikigai Experience"},"image":{"@id":"https:\/\/ikigaiexperience.com.br\/#\/schema\/logo\/image\/"},"sameAs":["https:\/\/www.instagram.com\/theikigaiexperience\/","https:\/\/www.linkedin.com\/company\/ikigai-experience","https:\/\/www.youtube.com\/channel\/UC8qpgAQ3P89h79oP9ymmo7Q","https:\/\/www.facebook.com\/Ikigai-Experience-100452311832822"]}]}},"_links":{"self":[{"href":"https:\/\/ikigaiexperience.com.br\/en\/wp-json\/wp\/v2\/product\/10527"}],"collection":[{"href":"https:\/\/ikigaiexperience.com.br\/en\/wp-json\/wp\/v2\/product"}],"about":[{"href":"https:\/\/ikigaiexperience.com.br\/en\/wp-json\/wp\/v2\/types\/product"}],"version-history":[{"count":1,"href":"https:\/\/ikigaiexperience.com.br\/en\/wp-json\/wp\/v2\/product\/10527\/revisions"}],"predecessor-version":[{"id":21663,"href":"https:\/\/ikigaiexperience.com.br\/en\/wp-json\/wp\/v2\/product\/10527\/revisions\/21663"}],"wp:featuredmedia":[{"embeddable":true,"href":"https:\/\/ikigaiexperience.com.br\/en\/wp-json\/wp\/v2\/media\/20240"}],"wp:attachment":[{"href":"https:\/\/ikigaiexperience.com.br\/en\/wp-json\/wp\/v2\/media?parent=10527"}],"wp:term":[{"taxonomy":"product_cat","embeddable":true,"href":"https:\/\/ikigaiexperience.com.br\/en\/wp-json\/wp\/v2\/product_cat?post=10527"},{"taxonomy":"product_tag","embeddable":true,"href":"https:\/\/ikigaiexperience.com.br\/en\/wp-json\/wp\/v2\/product_tag?post=10527"}],"curies":[{"name":"wp","href":"https:\/\/api.w.org\/{rel}","templated":true}]}}