{"id":10525,"date":"2021-12-12T02:43:03","date_gmt":"2021-12-12T05:43:03","guid":{"rendered":"https:\/\/ikigaiexperience.com.br\/?post_type=product&#038;p=10525"},"modified":"2024-01-12T16:28:42","modified_gmt":"2024-01-12T19:28:42","slug":"mergulho-paraty-credenciados","status":"publish","type":"product","link":"https:\/\/ikigaiexperience.com.br\/en\/experiencias\/scuba-diving-paraty-certified\/","title":{"rendered":"Paraty Diving \u2013 Accredited"},"content":{"rendered":"<h3>Diving in the islands and coves of Paraty<\/h3>\n<p>In accredited diving Paraty you will have the opportunity to know one of the most visited spots for diving in Brazil. Paraty, in addition to its historical wealth, has dozens of diving points, which provide exceptional diving, among which we can list some islands and coves:<\/p>\n<ul>\n<li>Meros Island: Diving point well known for the presence of a submerged statue of Christ and also for the wreck of a plane. The characteristic marine life of the place is formed by crustaceans, different schools of fish and many starfish. Location suitable for both experienced and beginner divers.<\/li>\n<li>Ilha dos Ratos: another very famous and sought after spot in the region, mainly due to the presence of the statue of Neptune, Roman god of the seas. It offers a dive of up to 12 meters and a very diverse marine fauna.<\/li>\n<li>Ilha dos Cocos: It has a relatively shallow depth, around 8 meters, but given the visibility and very clear waters, as well as passages and caves that give shelter to a great diversity of life, it becomes a place for both beginners and divers. more experienced.<\/li>\n<\/ul>\n<p>Among other islands we can still mention Ilha Comprida, Caja\u00edba, Parcel dos Meros and the list goes on. Places that provide excellent diving.<\/p>\n<p>Important: The definition of the destination takes place on the day of the experience, given the weather conditions.<\/p>\n<h3>The Paraty diving experience for accredited<\/h3>\n<p><span style=\"font-weight: 400;\">In accredited diving Paraty, after defining the dive site, the boat trip starts at Marina do Engenho in Paraty.<\/span><\/p>\n<p><span style=\"font-weight: 400;\">At the dive site, each diver will have two cylinders at their disposal and the opportunity to dive, under normal conditions, in up to two diving points in the historic region of Paraty, depending on the weather conditions of the day.<\/span><\/p>\n<p><span style=\"font-weight: 400;\">As it is a sub tourism modality, they will be accompanied by a Dive Master or Instructor guide, who will always seek to understand the departure group and provide the best experience for everyone. <\/span><\/p>\n<p><span style=\"font-weight: 400;\">O<\/span><span style=\"font-weight: 400;\"> The complete tour lasts 5 hours, depending on the number of people on the way out and the dive destinations.<\/span><\/p>\n<p>Don&#039;t forget to check out our instagram <a href=\"https:\/\/www.instagram.com\/ikigaiexperience_\/\">@ikigaiexperience_<\/a><\/p>","protected":false},"excerpt":{"rendered":"<p>On the certified Paraty dive, you will have the opportunity to get to know the main islands and coves of Paraty and get to know the historic city from a new perspective. Diving and fun for all levels of divers.<\/p>","protected":false},"featured_media":16041,"parent":0,"template":"","meta":[],"product_cat":[29],"product_tag":[],"yoast_head":"<!-- This site is optimized with the Yoast SEO plugin v20.0 - https:\/\/yoast.com\/wordpress\/plugins\/seo\/ -->\n<title>Mergulho Paraty - Credenciado<\/title>\n<meta name=\"description\" content=\"Mergulho Paraty credenciado, a regi\u00e3o hist\u00f3rica de uma nova perspectiva. Mergulhos para todos os n\u00edveis de mergulhadores.\" \/>\n<meta name=\"robots\" content=\"index, follow, max-snippet:-1, max-image-preview:large, max-video-preview:-1\" \/>\n<link rel=\"canonical\" href=\"https:\/\/ikigaiexperience.com.br\/en\/experiencias\/scuba-diving-paraty\/\" \/>\n<meta property=\"og:locale\" content=\"en_US\" \/>\n<meta property=\"og:type\" content=\"article\" \/>\n<meta property=\"og:title\" content=\"Mergulho Paraty - Credenciado\" \/>\n<meta property=\"og:description\" content=\"Mergulho Paraty credenciado, a regi\u00e3o hist\u00f3rica de uma nova perspectiva. Mergulhos para todos os n\u00edveis de mergulhadores.\" \/>\n<meta property=\"og:url\" content=\"https:\/\/ikigaiexperience.com.br\/en\/experiencias\/scuba-diving-paraty\/\" \/>\n<meta property=\"og:site_name\" content=\"Ikigai Experience\" \/>\n<meta property=\"article:publisher\" content=\"https:\/\/www.facebook.com\/Ikigai-Experience-100452311832822\" \/>\n<meta property=\"article:modified_time\" content=\"2024-01-12T19:28:42+00:00\" \/>\n<meta property=\"og:image\" content=\"https:\/\/ikigaiexperience.com.br\/wp-content\/uploads\/2022\/02\/Mergulho-Paraty-11.jpg\" \/>\n\t<meta property=\"og:image:width\" content=\"935\" \/>\n\t<meta property=\"og:image:height\" content=\"622\" \/>\n\t<meta property=\"og:image:type\" content=\"image\/jpeg\" \/>\n<meta name=\"twitter:card\" content=\"summary_large_image\" \/>\n<meta name=\"twitter:label1\" content=\"Est. tempo de leitura\" \/>\n\t<meta name=\"twitter:data1\" content=\"3 minutes\" \/>\n<script type=\"application\/ld+json\" class=\"yoast-schema-graph\">{\"@context\":\"https:\/\/schema.org\",\"@graph\":[{\"@type\":\"WebPage\",\"@id\":\"https:\/\/ikigaiexperience.com.br\/experiencias\/mergulho-paraty-credenciados\/\",\"url\":\"https:\/\/ikigaiexperience.com.br\/experiencias\/mergulho-paraty-batismo\/\",\"name\":\"Mergulho Paraty - Credenciado\",\"isPartOf\":{\"@id\":\"https:\/\/ikigaiexperience.com.br\/#website\"},\"datePublished\":\"2021-12-12T05:43:03+00:00\",\"dateModified\":\"2024-01-12T19:28:42+00:00\",\"description\":\"Mergulho Paraty credenciado, a regi\u00e3o hist\u00f3rica de uma nova perspectiva. Mergulhos para todos os n\u00edveis de mergulhadores.\",\"breadcrumb\":{\"@id\":\"https:\/\/ikigaiexperience.com.br\/experiencias\/mergulho-paraty-batismo\/#breadcrumb\"},\"inLanguage\":\"en-US\",\"potentialAction\":[{\"@type\":\"ReadAction\",\"target\":[\"https:\/\/ikigaiexperience.com.br\/experiencias\/mergulho-paraty-batismo\/\"]}]},{\"@type\":\"BreadcrumbList\",\"@id\":\"https:\/\/ikigaiexperience.com.br\/experiencias\/mergulho-paraty-batismo\/#breadcrumb\",\"itemListElement\":[{\"@type\":\"ListItem\",\"position\":1,\"name\":\"In\u00edcio\",\"item\":\"https:\/\/ikigaiexperience.com.br\/\"},{\"@type\":\"ListItem\",\"position\":2,\"name\":\"Mergulho\",\"item\":\"https:\/\/ikigaiexperience.com.br\/experiencia-categoria\/mergulho\/\"},{\"@type\":\"ListItem\",\"position\":3,\"name\":\"Mergulho Paraty &#8211; Credenciados\"}]},{\"@type\":\"WebSite\",\"@id\":\"https:\/\/ikigaiexperience.com.br\/#website\",\"url\":\"https:\/\/ikigaiexperience.com.br\/\",\"name\":\"Ikigai Experience\",\"description\":\"Reserve seu mergulho de um modo f\u00e1cil, r\u00e1pido e divertido.\",\"publisher\":{\"@id\":\"https:\/\/ikigaiexperience.com.br\/#organization\"},\"potentialAction\":[{\"@type\":\"SearchAction\",\"target\":{\"@type\":\"EntryPoint\",\"urlTemplate\":\"https:\/\/ikigaiexperience.com.br\/?s={search_term_string}\"},\"query-input\":\"required name=search_term_string\"}],\"inLanguage\":\"en-US\"},{\"@type\":\"Organization\",\"@id\":\"https:\/\/ikigaiexperience.com.br\/#organization\",\"name\":\"Ikigai Experience\",\"url\":\"https:\/\/ikigaiexperience.com.br\/\",\"logo\":{\"@type\":\"ImageObject\",\"inLanguage\":\"en-US\",\"@id\":\"https:\/\/ikigaiexperience.com.br\/#\/schema\/logo\/image\/\",\"url\":\"https:\/\/ikigaiexperience.com.br\/wp-content\/uploads\/2021\/06\/Ikigai-Experience-Horizontal-Branco.png\",\"contentUrl\":\"https:\/\/ikigaiexperience.com.br\/wp-content\/uploads\/2021\/06\/Ikigai-Experience-Horizontal-Branco.png\",\"width\":924,\"height\":249,\"caption\":\"Ikigai Experience\"},\"image\":{\"@id\":\"https:\/\/ikigaiexperience.com.br\/#\/schema\/logo\/image\/\"},\"sameAs\":[\"https:\/\/www.instagram.com\/theikigaiexperience\/\",\"https:\/\/www.linkedin.com\/company\/ikigai-experience\",\"https:\/\/www.youtube.com\/channel\/UC8qpgAQ3P89h79oP9ymmo7Q\",\"https:\/\/www.facebook.com\/Ikigai-Experience-100452311832822\"]}]}<\/script>\n<!-- \/ Yoast SEO plugin. -->","yoast_head_json":{"title":"Mergulho Paraty - Credenciado","description":"Mergulho Paraty credenciado, a regi\u00e3o hist\u00f3rica de uma nova perspectiva. Mergulhos para todos os n\u00edveis de mergulhadores.","robots":{"index":"index","follow":"follow","max-snippet":"max-snippet:-1","max-image-preview":"max-image-preview:large","max-video-preview":"max-video-preview:-1"},"canonical":"https:\/\/ikigaiexperience.com.br\/en\/experiencias\/scuba-diving-paraty\/","og_locale":"en_US","og_type":"article","og_title":"Mergulho Paraty - Credenciado","og_description":"Mergulho Paraty credenciado, a regi\u00e3o hist\u00f3rica de uma nova perspectiva. Mergulhos para todos os n\u00edveis de mergulhadores.","og_url":"https:\/\/ikigaiexperience.com.br\/en\/experiencias\/scuba-diving-paraty\/","og_site_name":"Ikigai Experience","article_publisher":"https:\/\/www.facebook.com\/Ikigai-Experience-100452311832822","article_modified_time":"2024-01-12T19:28:42+00:00","og_image":[{"width":935,"height":622,"url":"https:\/\/ikigaiexperience.com.br\/wp-content\/uploads\/2022\/02\/Mergulho-Paraty-11.jpg","type":"image\/jpeg"}],"twitter_card":"summary_large_image","twitter_misc":{"Est. tempo de leitura":"3 minutes"},"schema":{"@context":"https:\/\/schema.org","@graph":[{"@type":"WebPage","@id":"https:\/\/ikigaiexperience.com.br\/experiencias\/mergulho-paraty-credenciados\/","url":"https:\/\/ikigaiexperience.com.br\/experiencias\/mergulho-paraty-batismo\/","name":"Mergulho Paraty - Credenciado","isPartOf":{"@id":"https:\/\/ikigaiexperience.com.br\/#website"},"datePublished":"2021-12-12T05:43:03+00:00","dateModified":"2024-01-12T19:28:42+00:00","description":"Mergulho Paraty credenciado, a regi\u00e3o hist\u00f3rica de uma nova perspectiva. Mergulhos para todos os n\u00edveis de mergulhadores.","breadcrumb":{"@id":"https:\/\/ikigaiexperience.com.br\/experiencias\/mergulho-paraty-batismo\/#breadcrumb"},"inLanguage":"en-US","potentialAction":[{"@type":"ReadAction","target":["https:\/\/ikigaiexperience.com.br\/experiencias\/mergulho-paraty-batismo\/"]}]},{"@type":"BreadcrumbList","@id":"https:\/\/ikigaiexperience.com.br\/experiencias\/mergulho-paraty-batismo\/#breadcrumb","itemListElement":[{"@type":"ListItem","position":1,"name":"In\u00edcio","item":"https:\/\/ikigaiexperience.com.br\/"},{"@type":"ListItem","position":2,"name":"Mergulho","item":"https:\/\/ikigaiexperience.com.br\/experiencia-categoria\/mergulho\/"},{"@type":"ListItem","position":3,"name":"Mergulho Paraty &#8211; Credenciados"}]},{"@type":"WebSite","@id":"https:\/\/ikigaiexperience.com.br\/#website","url":"https:\/\/ikigaiexperience.com.br\/","name":"Ikigai Experience","description":"Reserve seu mergulho de um modo f\u00e1cil, r\u00e1pido e divertido.","publisher":{"@id":"https:\/\/ikigaiexperience.com.br\/#organization"},"potentialAction":[{"@type":"SearchAction","target":{"@type":"EntryPoint","urlTemplate":"https:\/\/ikigaiexperience.com.br\/?s={search_term_string}"},"query-input":"required name=search_term_string"}],"inLanguage":"en-US"},{"@type":"Organization","@id":"https:\/\/ikigaiexperience.com.br\/#organization","name":"Ikigai Experience","url":"https:\/\/ikigaiexperience.com.br\/","logo":{"@type":"ImageObject","inLanguage":"en-US","@id":"https:\/\/ikigaiexperience.com.br\/#\/schema\/logo\/image\/","url":"https:\/\/ikigaiexperience.com.br\/wp-content\/uploads\/2021\/06\/Ikigai-Experience-Horizontal-Branco.png","contentUrl":"https:\/\/ikigaiexperience.com.br\/wp-content\/uploads\/2021\/06\/Ikigai-Experience-Horizontal-Branco.png","width":924,"height":249,"caption":"Ikigai Experience"},"image":{"@id":"https:\/\/ikigaiexperience.com.br\/#\/schema\/logo\/image\/"},"sameAs":["https:\/\/www.instagram.com\/theikigaiexperience\/","https:\/\/www.linkedin.com\/company\/ikigai-experience","https:\/\/www.youtube.com\/channel\/UC8qpgAQ3P89h79oP9ymmo7Q","https:\/\/www.facebook.com\/Ikigai-Experience-100452311832822"]}]}},"_links":{"self":[{"href":"https:\/\/ikigaiexperience.com.br\/en\/wp-json\/wp\/v2\/product\/10525"}],"collection":[{"href":"https:\/\/ikigaiexperience.com.br\/en\/wp-json\/wp\/v2\/product"}],"about":[{"href":"https:\/\/ikigaiexperience.com.br\/en\/wp-json\/wp\/v2\/types\/product"}],"version-history":[{"count":1,"href":"https:\/\/ikigaiexperience.com.br\/en\/wp-json\/wp\/v2\/product\/10525\/revisions"}],"predecessor-version":[{"id":23104,"href":"https:\/\/ikigaiexperience.com.br\/en\/wp-json\/wp\/v2\/product\/10525\/revisions\/23104"}],"wp:featuredmedia":[{"embeddable":true,"href":"https:\/\/ikigaiexperience.com.br\/en\/wp-json\/wp\/v2\/media\/16041"}],"wp:attachment":[{"href":"https:\/\/ikigaiexperience.com.br\/en\/wp-json\/wp\/v2\/media?parent=10525"}],"wp:term":[{"taxonomy":"product_cat","embeddable":true,"href":"https:\/\/ikigaiexperience.com.br\/en\/wp-json\/wp\/v2\/product_cat?post=10525"},{"taxonomy":"product_tag","embeddable":true,"href":"https:\/\/ikigaiexperience.com.br\/en\/wp-json\/wp\/v2\/product_tag?post=10525"}],"curies":[{"name":"wp","href":"https:\/\/api.w.org\/{rel}","templated":true}]}}