{"id":10498,"date":"2021-12-11T21:48:50","date_gmt":"2021-12-12T00:48:50","guid":{"rendered":"https:\/\/ikigaiexperience.com.br\/?post_type=product&#038;p=10498"},"modified":"2024-06-18T17:44:31","modified_gmt":"2024-06-18T20:44:31","slug":"mergulho-arraial-do-cabo-batismo","status":"publish","type":"product","link":"https:\/\/ikigaiexperience.com.br\/en\/experiencias\/scuba-diving-arraial-do-cabo\/","title":{"rendered":"Arraial do Cabo scuba diving for beginners"},"content":{"rendered":"<h3>Diving in the islands and coves of Arraial do Cabo<\/h3>\n<p>Arraia do Cabo is considered the national capital of diving no wonder, between turquoise waters and enviable visibility, Arraial has dozens of diving spots, which provide an exceptional dive, among them we can list some islands and coves:<\/p>\n<ul>\n<li>Cabo Frio Island: one of the most visited diving spots in Cabo Frio, famous for its incredible rock formations to appreciate.<\/li>\n<li>Saco do Cherne: the way to the point is an experience in itself, it is a horseshoe formation that offers an extensive area for divers.<\/li>\n<li>Ilha dos Porcos: It is located right in front of Praia dos Anjos, a place well sheltered from the winds, making it perfect for diving, especially for beginners.<\/li>\n<\/ul>\n<p>Among other islands we can mention Enseada do Cordeiro, Enseada das Paredes, Saco do Anequim, Orat\u00f3rio and the list goes on. Places that provide excellent diving. The definition of the destination takes place on the day of the experience, given weather conditions.<\/p>\n<h3>The Baptism Diving Experience in Arraial do Cabo<\/h3>\n<p><span style=\"font-weight: 400;\">After defining the dive site, navigation begins at the Fisherman&#039;s Marina in Arraial do Cabo.<\/span><\/p>\n<p><span style=\"font-weight: 400;\">At the dive site, each diver will have the opportunity to dive for about 30 to 35 minutes in a depth of up to 10 meters.<\/span><\/p>\n<p><span style=\"font-weight: 400;\">As a great differential, they will always be accompanied by a certified diver with a total focus only on you, which will always guarantee the best experience for your dive. <\/span><\/p>\n<p><span style=\"font-weight: 400;\">THE<\/span><span style=\"font-weight: 400;\">After scuba diving, you can continue exploring the site with surface diving (<a href=\"https:\/\/pt.wikipedia.org\/wiki\/Esn%C3%B3rquel\">snorkeling<\/a>), while the other divers finish their dives. <\/span><\/p>\n<p><span style=\"font-weight: 400;\">The experience <\/span><span style=\"font-weight: 400;\">The tour lasts 4 hours, depending on the number of people on the way out and the dive destinations.<\/span><\/p>","protected":false},"excerpt":{"rendered":"<p>In the Arraial do Cabo diving experience in the baptism mode, you will have the opportunity to know the most beautiful spots to dive in the national diving capital without needing any previous experience, not even knowing how to swim.<\/p>\n<p>The experience includes 40 minutes of scuba diving accompanied by an instructor at a depth of up to 8m. After and before the dive, it is also possible to snorkel (surface diving) at no additional cost.<\/p>","protected":false},"featured_media":10811,"parent":0,"template":"","meta":[],"product_cat":[29],"product_tag":[],"yoast_head":"<!-- This site is optimized with the Yoast SEO plugin v20.0 - https:\/\/yoast.com\/wordpress\/plugins\/seo\/ -->\n<title>Mergulho Arraial do Cabo - Batismo - Primeiro Mergulho | Ikigai<\/title>\n<meta name=\"description\" content=\"Mergulhe em Arraial do Cabo e conhe\u00e7a a Capital Nacional do Mergulho sem precisar de nenhuma experi\u00eancias pr\u00e9via, nem sequer saber nadar.\" \/>\n<meta name=\"robots\" content=\"index, follow, max-snippet:-1, max-image-preview:large, max-video-preview:-1\" \/>\n<link rel=\"canonical\" href=\"https:\/\/ikigaiexperience.com.br\/en\/experiencias\/scuba-diving-arraial-do-cabo\/\" \/>\n<meta property=\"og:locale\" content=\"en_US\" \/>\n<meta property=\"og:type\" content=\"article\" \/>\n<meta property=\"og:title\" content=\"Mergulho Arraial do Cabo - Batismo - Primeiro Mergulho | Ikigai\" \/>\n<meta property=\"og:description\" content=\"Mergulhe em Arraial do Cabo e conhe\u00e7a a Capital Nacional do Mergulho sem precisar de nenhuma experi\u00eancias pr\u00e9via, nem sequer saber nadar.\" \/>\n<meta property=\"og:url\" content=\"https:\/\/ikigaiexperience.com.br\/en\/experiencias\/scuba-diving-arraial-do-cabo\/\" \/>\n<meta property=\"og:site_name\" content=\"Ikigai Experience\" \/>\n<meta property=\"article:publisher\" content=\"https:\/\/www.facebook.com\/Ikigai-Experience-100452311832822\" \/>\n<meta property=\"article:modified_time\" content=\"2024-06-18T20:44:31+00:00\" \/>\n<meta property=\"og:image\" content=\"https:\/\/ikigaiexperience.com.br\/wp-content\/uploads\/2021\/12\/Mergulho-Arraial-do-Cabo-13.jpg\" \/>\n\t<meta property=\"og:image:width\" content=\"924\" \/>\n\t<meta property=\"og:image:height\" content=\"693\" \/>\n\t<meta property=\"og:image:type\" content=\"image\/jpeg\" \/>\n<meta name=\"twitter:card\" content=\"summary_large_image\" \/>\n<meta name=\"twitter:label1\" content=\"Est. tempo de leitura\" \/>\n\t<meta name=\"twitter:data1\" content=\"2 minutes\" \/>\n<script type=\"application\/ld+json\" class=\"yoast-schema-graph\">{\"@context\":\"https:\/\/schema.org\",\"@graph\":[{\"@type\":\"WebPage\",\"@id\":\"https:\/\/ikigaiexperience.com.br\/experiencias\/mergulho-arraial-do-cabo-batismo\/\",\"url\":\"https:\/\/ikigaiexperience.com.br\/experiencias\/mergulho-arraial-do-cabo-batismo\/\",\"name\":\"Mergulho Arraial do Cabo - Batismo - Primeiro Mergulho | Ikigai\",\"isPartOf\":{\"@id\":\"https:\/\/ikigaiexperience.com.br\/#website\"},\"datePublished\":\"2021-12-12T00:48:50+00:00\",\"dateModified\":\"2024-06-18T20:44:31+00:00\",\"description\":\"Mergulhe em Arraial do Cabo e conhe\u00e7a a Capital Nacional do Mergulho sem precisar de nenhuma experi\u00eancias pr\u00e9via, nem sequer saber nadar.\",\"breadcrumb\":{\"@id\":\"https:\/\/ikigaiexperience.com.br\/experiencias\/mergulho-arraial-do-cabo-batismo\/#breadcrumb\"},\"inLanguage\":\"en-US\",\"potentialAction\":[{\"@type\":\"ReadAction\",\"target\":[\"https:\/\/ikigaiexperience.com.br\/experiencias\/mergulho-arraial-do-cabo-batismo\/\"]}]},{\"@type\":\"BreadcrumbList\",\"@id\":\"https:\/\/ikigaiexperience.com.br\/experiencias\/mergulho-arraial-do-cabo-batismo\/#breadcrumb\",\"itemListElement\":[{\"@type\":\"ListItem\",\"position\":1,\"name\":\"In\u00edcio\",\"item\":\"https:\/\/ikigaiexperience.com.br\/\"},{\"@type\":\"ListItem\",\"position\":2,\"name\":\"Mergulho\",\"item\":\"https:\/\/ikigaiexperience.com.br\/experiencia-categoria\/mergulho\/\"},{\"@type\":\"ListItem\",\"position\":3,\"name\":\"Mergulho Arraial do Cabo para iniciantes\"}]},{\"@type\":\"WebSite\",\"@id\":\"https:\/\/ikigaiexperience.com.br\/#website\",\"url\":\"https:\/\/ikigaiexperience.com.br\/\",\"name\":\"Ikigai Experience\",\"description\":\"Reserve seu mergulho de um modo f\u00e1cil, r\u00e1pido e divertido.\",\"publisher\":{\"@id\":\"https:\/\/ikigaiexperience.com.br\/#organization\"},\"potentialAction\":[{\"@type\":\"SearchAction\",\"target\":{\"@type\":\"EntryPoint\",\"urlTemplate\":\"https:\/\/ikigaiexperience.com.br\/?s={search_term_string}\"},\"query-input\":\"required name=search_term_string\"}],\"inLanguage\":\"en-US\"},{\"@type\":\"Organization\",\"@id\":\"https:\/\/ikigaiexperience.com.br\/#organization\",\"name\":\"Ikigai Experience\",\"url\":\"https:\/\/ikigaiexperience.com.br\/\",\"logo\":{\"@type\":\"ImageObject\",\"inLanguage\":\"en-US\",\"@id\":\"https:\/\/ikigaiexperience.com.br\/#\/schema\/logo\/image\/\",\"url\":\"https:\/\/ikigaiexperience.com.br\/wp-content\/uploads\/2021\/06\/Ikigai-Experience-Horizontal-Branco.png\",\"contentUrl\":\"https:\/\/ikigaiexperience.com.br\/wp-content\/uploads\/2021\/06\/Ikigai-Experience-Horizontal-Branco.png\",\"width\":924,\"height\":249,\"caption\":\"Ikigai Experience\"},\"image\":{\"@id\":\"https:\/\/ikigaiexperience.com.br\/#\/schema\/logo\/image\/\"},\"sameAs\":[\"https:\/\/www.instagram.com\/theikigaiexperience\/\",\"https:\/\/www.linkedin.com\/company\/ikigai-experience\",\"https:\/\/www.youtube.com\/channel\/UC8qpgAQ3P89h79oP9ymmo7Q\",\"https:\/\/www.facebook.com\/Ikigai-Experience-100452311832822\"]}]}<\/script>\n<!-- \/ Yoast SEO plugin. -->","yoast_head_json":{"title":"Mergulho Arraial do Cabo - Batismo - Primeiro Mergulho | Ikigai","description":"Mergulhe em Arraial do Cabo e conhe\u00e7a a Capital Nacional do Mergulho sem precisar de nenhuma experi\u00eancias pr\u00e9via, nem sequer saber nadar.","robots":{"index":"index","follow":"follow","max-snippet":"max-snippet:-1","max-image-preview":"max-image-preview:large","max-video-preview":"max-video-preview:-1"},"canonical":"https:\/\/ikigaiexperience.com.br\/en\/experiencias\/scuba-diving-arraial-do-cabo\/","og_locale":"en_US","og_type":"article","og_title":"Mergulho Arraial do Cabo - Batismo - Primeiro Mergulho | Ikigai","og_description":"Mergulhe em Arraial do Cabo e conhe\u00e7a a Capital Nacional do Mergulho sem precisar de nenhuma experi\u00eancias pr\u00e9via, nem sequer saber nadar.","og_url":"https:\/\/ikigaiexperience.com.br\/en\/experiencias\/scuba-diving-arraial-do-cabo\/","og_site_name":"Ikigai Experience","article_publisher":"https:\/\/www.facebook.com\/Ikigai-Experience-100452311832822","article_modified_time":"2024-06-18T20:44:31+00:00","og_image":[{"width":924,"height":693,"url":"https:\/\/ikigaiexperience.com.br\/wp-content\/uploads\/2021\/12\/Mergulho-Arraial-do-Cabo-13.jpg","type":"image\/jpeg"}],"twitter_card":"summary_large_image","twitter_misc":{"Est. tempo de leitura":"2 minutes"},"schema":{"@context":"https:\/\/schema.org","@graph":[{"@type":"WebPage","@id":"https:\/\/ikigaiexperience.com.br\/experiencias\/mergulho-arraial-do-cabo-batismo\/","url":"https:\/\/ikigaiexperience.com.br\/experiencias\/mergulho-arraial-do-cabo-batismo\/","name":"Mergulho Arraial do Cabo - Batismo - Primeiro Mergulho | Ikigai","isPartOf":{"@id":"https:\/\/ikigaiexperience.com.br\/#website"},"datePublished":"2021-12-12T00:48:50+00:00","dateModified":"2024-06-18T20:44:31+00:00","description":"Mergulhe em Arraial do Cabo e conhe\u00e7a a Capital Nacional do Mergulho sem precisar de nenhuma experi\u00eancias pr\u00e9via, nem sequer saber nadar.","breadcrumb":{"@id":"https:\/\/ikigaiexperience.com.br\/experiencias\/mergulho-arraial-do-cabo-batismo\/#breadcrumb"},"inLanguage":"en-US","potentialAction":[{"@type":"ReadAction","target":["https:\/\/ikigaiexperience.com.br\/experiencias\/mergulho-arraial-do-cabo-batismo\/"]}]},{"@type":"BreadcrumbList","@id":"https:\/\/ikigaiexperience.com.br\/experiencias\/mergulho-arraial-do-cabo-batismo\/#breadcrumb","itemListElement":[{"@type":"ListItem","position":1,"name":"In\u00edcio","item":"https:\/\/ikigaiexperience.com.br\/"},{"@type":"ListItem","position":2,"name":"Mergulho","item":"https:\/\/ikigaiexperience.com.br\/experiencia-categoria\/mergulho\/"},{"@type":"ListItem","position":3,"name":"Mergulho Arraial do Cabo para iniciantes"}]},{"@type":"WebSite","@id":"https:\/\/ikigaiexperience.com.br\/#website","url":"https:\/\/ikigaiexperience.com.br\/","name":"Ikigai Experience","description":"Reserve seu mergulho de um modo f\u00e1cil, r\u00e1pido e divertido.","publisher":{"@id":"https:\/\/ikigaiexperience.com.br\/#organization"},"potentialAction":[{"@type":"SearchAction","target":{"@type":"EntryPoint","urlTemplate":"https:\/\/ikigaiexperience.com.br\/?s={search_term_string}"},"query-input":"required name=search_term_string"}],"inLanguage":"en-US"},{"@type":"Organization","@id":"https:\/\/ikigaiexperience.com.br\/#organization","name":"Ikigai Experience","url":"https:\/\/ikigaiexperience.com.br\/","logo":{"@type":"ImageObject","inLanguage":"en-US","@id":"https:\/\/ikigaiexperience.com.br\/#\/schema\/logo\/image\/","url":"https:\/\/ikigaiexperience.com.br\/wp-content\/uploads\/2021\/06\/Ikigai-Experience-Horizontal-Branco.png","contentUrl":"https:\/\/ikigaiexperience.com.br\/wp-content\/uploads\/2021\/06\/Ikigai-Experience-Horizontal-Branco.png","width":924,"height":249,"caption":"Ikigai Experience"},"image":{"@id":"https:\/\/ikigaiexperience.com.br\/#\/schema\/logo\/image\/"},"sameAs":["https:\/\/www.instagram.com\/theikigaiexperience\/","https:\/\/www.linkedin.com\/company\/ikigai-experience","https:\/\/www.youtube.com\/channel\/UC8qpgAQ3P89h79oP9ymmo7Q","https:\/\/www.facebook.com\/Ikigai-Experience-100452311832822"]}]}},"_links":{"self":[{"href":"https:\/\/ikigaiexperience.com.br\/en\/wp-json\/wp\/v2\/product\/10498"}],"collection":[{"href":"https:\/\/ikigaiexperience.com.br\/en\/wp-json\/wp\/v2\/product"}],"about":[{"href":"https:\/\/ikigaiexperience.com.br\/en\/wp-json\/wp\/v2\/types\/product"}],"version-history":[{"count":1,"href":"https:\/\/ikigaiexperience.com.br\/en\/wp-json\/wp\/v2\/product\/10498\/revisions"}],"predecessor-version":[{"id":23191,"href":"https:\/\/ikigaiexperience.com.br\/en\/wp-json\/wp\/v2\/product\/10498\/revisions\/23191"}],"wp:featuredmedia":[{"embeddable":true,"href":"https:\/\/ikigaiexperience.com.br\/en\/wp-json\/wp\/v2\/media\/10811"}],"wp:attachment":[{"href":"https:\/\/ikigaiexperience.com.br\/en\/wp-json\/wp\/v2\/media?parent=10498"}],"wp:term":[{"taxonomy":"product_cat","embeddable":true,"href":"https:\/\/ikigaiexperience.com.br\/en\/wp-json\/wp\/v2\/product_cat?post=10498"},{"taxonomy":"product_tag","embeddable":true,"href":"https:\/\/ikigaiexperience.com.br\/en\/wp-json\/wp\/v2\/product_tag?post=10498"}],"curies":[{"name":"wp","href":"https:\/\/api.w.org\/{rel}","templated":true}]}}