{"id":10059,"date":"2021-12-06T09:14:21","date_gmt":"2021-12-06T12:14:21","guid":{"rendered":"https:\/\/ikigaiexperience.com.br\/?post_type=product&#038;p=10059"},"modified":"2024-01-15T11:54:22","modified_gmt":"2024-01-15T14:54:22","slug":"mergulho-ilhabela-naufragio-aymore","status":"publish","type":"product","link":"https:\/\/ikigaiexperience.com.br\/en\/experiencias\/scuba-diving-ilhabela-shipwreck\/","title":{"rendered":"Ilhabela Diving \u2013 Aymor\u00e9 Shipwreck"},"content":{"rendered":"<div class=\"elementor-element elementor-element-05e227e elementor-widget elementor-widget-heading\" data-id=\"05e227e\" data-element_type=\"widget\" data-widget_type=\"heading.default\">\n<div class=\"elementor-widget-container\">\n<h3 class=\"elementor-heading-title elementor-size-default\"><span style=\"font-size: 16px;\">The Aymor\u00e9 Shipwreck \u2013 Ilhabela<\/span><\/h3>\n<\/div>\n<\/div>\n<div class=\"elementor-element elementor-element-5324877 elementor-widget elementor-widget-woocommerce-product-content\" data-id=\"5324877\" data-element_type=\"widget\" data-widget_type=\"woocommerce-product-content.default\">\n<div class=\"elementor-widget-container\">\n<p>In Ilhabela, the Aymor\u00e9 Wreck is the perfect place to have a passionate experience with baptism diving as it is one of the few wrecks close to the surface, with a maximum depth of 9m, thus allowing the practice of baptism diving with the maximum possible safety for those that never dived.<\/p>\n<p>Because it is located on the S\u00e3o Sebasti\u00e3o channel in Ilhabela, the 60-meter long Brazilian cargo ship welcomes a vast amount of marine species on a rocky shore with a sandy bottom.<\/p>\n<\/div>\n<p>On the tour, it is possible to come across whitefish, turtles, schools of resident and passing fish, seahorses and many more animals that make up the fauna of the place.<\/p>\n<div class=\"elementor-widget-container\">\n<h3>What&#039;s Included<\/h3>\n<p>When purchasing the dive, you will initially go through a brief training with all the necessary instructions to carry out the dive safely.<\/p>\n<p>All the necessary clothing and equipment will be provided for the execution of the experience. In addition, a certified diving instructor who will be responsible for accompanying and guiding your tour during the dive.<\/p>\n<p>The package includes photos and a video that has a maximum duration of 1 min.<\/p>\n<p>The value of the whole experience is R$ 350.00 \/ diver.<\/p>\n<p>There is no need for previous experience, you don&#039;t even need to know how to swim.<\/p>\n<h3>The Diving Experience<\/h3>\n<p>The experience begins at the dive operator where all equipment and instructions for use will be made available. After this process, the boat trip starts from Ilha das Cabras towards the Aymor\u00e9 Shipwreck, lasting approximately 20 minutes.<\/p>\n<p>Arriving at the diving point, it&#039;s time to hit the water and before the scuba diving begins, a fun and easy adaptation is carried out with the equipment and instructions given above. After that, it&#039;s time to discover the seabed and all the exuberance that the Aymor\u00e9 Shipwreck presents.<\/p>\n<p>During 40-50min a certified diver instructor will guide you through the Wreck at a depth between 6 and 9 meters deep, guaranteeing the best experience for your dive.<\/p>\n<p>The complete tour lasts a maximum of 3 hours, depending on the number of people on the way out.<\/p>\n<\/div>\n<\/div>\n<p>Be sure to watch the video of our experience\u00a0<strong><a href=\"https:\/\/youtu.be\/jEfdpOAuOag\">Ilhabela dive at Ilha das Cabras on Ikigai&#039;s Youtube<\/a><\/strong>\u00a0\u00a0and follow us on instagram\u00a0<strong><a href=\"https:\/\/www.instagram.com\/theikigaiexperience\/\"><em>@theikigaiexperience<\/em><\/a><\/strong> for news.<\/p>","protected":false},"excerpt":{"rendered":"<p>The Ilhabela Ilha das Cabras Dive for Accredited is the ideal dive for those who want to explore the entire circuit of Ilha das Cabras and be impressed by all the marine life and its monuments with freedom and safety. 1 diving cylinder, giving the opportunity to know the entire extension of Ilha das Cabras. On average from 50 min to 1 hour and 20 minutes of scuba diving accompanied by a guide instructor at a depth of up to 10m.<\/p>","protected":false},"featured_media":10117,"parent":0,"template":"","meta":[],"product_cat":[29],"product_tag":[],"yoast_head":"<!-- This site is optimized with the Yoast SEO plugin v20.0 - https:\/\/yoast.com\/wordpress\/plugins\/seo\/ -->\n<title>Mergulho em Ilhabela - Naufr\u00e1gio Aymor\u00e9 - Ikigai Experience<\/title>\n<meta name=\"description\" content=\"Fa\u00e7a j\u00e1 seu mergulho em Ilhabela no Naufr\u00e1gio Aymor\u00e9 e conhe\u00e7a a incr\u00edvel sensa\u00e7\u00e3o de mergulhar em um naufr\u00e1gio de forma segura e acess\u00edvel.\" \/>\n<meta name=\"robots\" content=\"index, follow, max-snippet:-1, max-image-preview:large, max-video-preview:-1\" \/>\n<link rel=\"canonical\" href=\"https:\/\/ikigaiexperience.com.br\/en\/experiencias\/scuba-diving-ilhabela-shipwreck\/\" \/>\n<meta property=\"og:locale\" content=\"en_US\" \/>\n<meta property=\"og:type\" content=\"article\" \/>\n<meta property=\"og:title\" content=\"Mergulho em Ilhabela - Naufr\u00e1gio Aymor\u00e9 - Ikigai Experience\" \/>\n<meta property=\"og:description\" content=\"Fa\u00e7a j\u00e1 seu mergulho em Ilhabela no Naufr\u00e1gio Aymor\u00e9 e conhe\u00e7a a incr\u00edvel sensa\u00e7\u00e3o de mergulhar em um naufr\u00e1gio de forma segura e acess\u00edvel.\" \/>\n<meta property=\"og:url\" content=\"https:\/\/ikigaiexperience.com.br\/en\/experiencias\/scuba-diving-ilhabela-shipwreck\/\" \/>\n<meta property=\"og:site_name\" content=\"Ikigai Experience\" \/>\n<meta property=\"article:publisher\" content=\"https:\/\/www.facebook.com\/Ikigai-Experience-100452311832822\" \/>\n<meta property=\"article:modified_time\" content=\"2024-01-15T14:54:22+00:00\" \/>\n<meta property=\"og:image\" content=\"https:\/\/ikigaiexperience.com.br\/wp-content\/uploads\/2021\/11\/Mergulho-Ilhabela-Naufragio-Aymore-09.jpg\" \/>\n\t<meta property=\"og:image:width\" content=\"924\" \/>\n\t<meta property=\"og:image:height\" content=\"615\" \/>\n\t<meta property=\"og:image:type\" content=\"image\/jpeg\" \/>\n<meta name=\"twitter:card\" content=\"summary_large_image\" \/>\n<meta name=\"twitter:label1\" content=\"Est. tempo de leitura\" \/>\n\t<meta name=\"twitter:data1\" content=\"3 minutes\" \/>\n<script type=\"application\/ld+json\" class=\"yoast-schema-graph\">{\"@context\":\"https:\/\/schema.org\",\"@graph\":[{\"@type\":\"WebPage\",\"@id\":\"https:\/\/ikigaiexperience.com.br\/experiencias\/mergulho-ilhabela-naufragio-aymore\/\",\"url\":\"https:\/\/ikigaiexperience.com.br\/experiencias\/mergulho-ilhabela-naufragio-aymore\/\",\"name\":\"Mergulho em Ilhabela - Naufr\u00e1gio Aymor\u00e9 - Ikigai Experience\",\"isPartOf\":{\"@id\":\"https:\/\/ikigaiexperience.com.br\/#website\"},\"datePublished\":\"2021-12-06T12:14:21+00:00\",\"dateModified\":\"2024-01-15T14:54:22+00:00\",\"description\":\"Fa\u00e7a j\u00e1 seu mergulho em Ilhabela no Naufr\u00e1gio Aymor\u00e9 e conhe\u00e7a a incr\u00edvel sensa\u00e7\u00e3o de mergulhar em um naufr\u00e1gio de forma segura e acess\u00edvel.\",\"breadcrumb\":{\"@id\":\"https:\/\/ikigaiexperience.com.br\/experiencias\/mergulho-ilhabela-naufragio-aymore\/#breadcrumb\"},\"inLanguage\":\"en-US\",\"potentialAction\":[{\"@type\":\"ReadAction\",\"target\":[\"https:\/\/ikigaiexperience.com.br\/experiencias\/mergulho-ilhabela-naufragio-aymore\/\"]}]},{\"@type\":\"BreadcrumbList\",\"@id\":\"https:\/\/ikigaiexperience.com.br\/experiencias\/mergulho-ilhabela-naufragio-aymore\/#breadcrumb\",\"itemListElement\":[{\"@type\":\"ListItem\",\"position\":1,\"name\":\"In\u00edcio\",\"item\":\"https:\/\/ikigaiexperience.com.br\/\"},{\"@type\":\"ListItem\",\"position\":2,\"name\":\"Mergulho\",\"item\":\"https:\/\/ikigaiexperience.com.br\/experiencia-categoria\/mergulho\/\"},{\"@type\":\"ListItem\",\"position\":3,\"name\":\"Mergulho Ilhabela &#8211; Naufr\u00e1gio Aymor\u00e9\"}]},{\"@type\":\"WebSite\",\"@id\":\"https:\/\/ikigaiexperience.com.br\/#website\",\"url\":\"https:\/\/ikigaiexperience.com.br\/\",\"name\":\"Ikigai Experience\",\"description\":\"Reserve seu mergulho de um modo f\u00e1cil, r\u00e1pido e divertido.\",\"publisher\":{\"@id\":\"https:\/\/ikigaiexperience.com.br\/#organization\"},\"potentialAction\":[{\"@type\":\"SearchAction\",\"target\":{\"@type\":\"EntryPoint\",\"urlTemplate\":\"https:\/\/ikigaiexperience.com.br\/?s={search_term_string}\"},\"query-input\":\"required name=search_term_string\"}],\"inLanguage\":\"en-US\"},{\"@type\":\"Organization\",\"@id\":\"https:\/\/ikigaiexperience.com.br\/#organization\",\"name\":\"Ikigai Experience\",\"url\":\"https:\/\/ikigaiexperience.com.br\/\",\"logo\":{\"@type\":\"ImageObject\",\"inLanguage\":\"en-US\",\"@id\":\"https:\/\/ikigaiexperience.com.br\/#\/schema\/logo\/image\/\",\"url\":\"https:\/\/ikigaiexperience.com.br\/wp-content\/uploads\/2021\/06\/Ikigai-Experience-Horizontal-Branco.png\",\"contentUrl\":\"https:\/\/ikigaiexperience.com.br\/wp-content\/uploads\/2021\/06\/Ikigai-Experience-Horizontal-Branco.png\",\"width\":924,\"height\":249,\"caption\":\"Ikigai Experience\"},\"image\":{\"@id\":\"https:\/\/ikigaiexperience.com.br\/#\/schema\/logo\/image\/\"},\"sameAs\":[\"https:\/\/www.instagram.com\/theikigaiexperience\/\",\"https:\/\/www.linkedin.com\/company\/ikigai-experience\",\"https:\/\/www.youtube.com\/channel\/UC8qpgAQ3P89h79oP9ymmo7Q\",\"https:\/\/www.facebook.com\/Ikigai-Experience-100452311832822\"]}]}<\/script>\n<!-- \/ Yoast SEO plugin. -->","yoast_head_json":{"title":"Mergulho em Ilhabela - Naufr\u00e1gio Aymor\u00e9 - Ikigai Experience","description":"Fa\u00e7a j\u00e1 seu mergulho em Ilhabela no Naufr\u00e1gio Aymor\u00e9 e conhe\u00e7a a incr\u00edvel sensa\u00e7\u00e3o de mergulhar em um naufr\u00e1gio de forma segura e acess\u00edvel.","robots":{"index":"index","follow":"follow","max-snippet":"max-snippet:-1","max-image-preview":"max-image-preview:large","max-video-preview":"max-video-preview:-1"},"canonical":"https:\/\/ikigaiexperience.com.br\/en\/experiencias\/scuba-diving-ilhabela-shipwreck\/","og_locale":"en_US","og_type":"article","og_title":"Mergulho em Ilhabela - Naufr\u00e1gio Aymor\u00e9 - Ikigai Experience","og_description":"Fa\u00e7a j\u00e1 seu mergulho em Ilhabela no Naufr\u00e1gio Aymor\u00e9 e conhe\u00e7a a incr\u00edvel sensa\u00e7\u00e3o de mergulhar em um naufr\u00e1gio de forma segura e acess\u00edvel.","og_url":"https:\/\/ikigaiexperience.com.br\/en\/experiencias\/scuba-diving-ilhabela-shipwreck\/","og_site_name":"Ikigai Experience","article_publisher":"https:\/\/www.facebook.com\/Ikigai-Experience-100452311832822","article_modified_time":"2024-01-15T14:54:22+00:00","og_image":[{"width":924,"height":615,"url":"https:\/\/ikigaiexperience.com.br\/wp-content\/uploads\/2021\/11\/Mergulho-Ilhabela-Naufragio-Aymore-09.jpg","type":"image\/jpeg"}],"twitter_card":"summary_large_image","twitter_misc":{"Est. tempo de leitura":"3 minutes"},"schema":{"@context":"https:\/\/schema.org","@graph":[{"@type":"WebPage","@id":"https:\/\/ikigaiexperience.com.br\/experiencias\/mergulho-ilhabela-naufragio-aymore\/","url":"https:\/\/ikigaiexperience.com.br\/experiencias\/mergulho-ilhabela-naufragio-aymore\/","name":"Mergulho em Ilhabela - Naufr\u00e1gio Aymor\u00e9 - Ikigai Experience","isPartOf":{"@id":"https:\/\/ikigaiexperience.com.br\/#website"},"datePublished":"2021-12-06T12:14:21+00:00","dateModified":"2024-01-15T14:54:22+00:00","description":"Fa\u00e7a j\u00e1 seu mergulho em Ilhabela no Naufr\u00e1gio Aymor\u00e9 e conhe\u00e7a a incr\u00edvel sensa\u00e7\u00e3o de mergulhar em um naufr\u00e1gio de forma segura e acess\u00edvel.","breadcrumb":{"@id":"https:\/\/ikigaiexperience.com.br\/experiencias\/mergulho-ilhabela-naufragio-aymore\/#breadcrumb"},"inLanguage":"en-US","potentialAction":[{"@type":"ReadAction","target":["https:\/\/ikigaiexperience.com.br\/experiencias\/mergulho-ilhabela-naufragio-aymore\/"]}]},{"@type":"BreadcrumbList","@id":"https:\/\/ikigaiexperience.com.br\/experiencias\/mergulho-ilhabela-naufragio-aymore\/#breadcrumb","itemListElement":[{"@type":"ListItem","position":1,"name":"In\u00edcio","item":"https:\/\/ikigaiexperience.com.br\/"},{"@type":"ListItem","position":2,"name":"Mergulho","item":"https:\/\/ikigaiexperience.com.br\/experiencia-categoria\/mergulho\/"},{"@type":"ListItem","position":3,"name":"Mergulho Ilhabela &#8211; Naufr\u00e1gio Aymor\u00e9"}]},{"@type":"WebSite","@id":"https:\/\/ikigaiexperience.com.br\/#website","url":"https:\/\/ikigaiexperience.com.br\/","name":"Ikigai Experience","description":"Reserve seu mergulho de um modo f\u00e1cil, r\u00e1pido e divertido.","publisher":{"@id":"https:\/\/ikigaiexperience.com.br\/#organization"},"potentialAction":[{"@type":"SearchAction","target":{"@type":"EntryPoint","urlTemplate":"https:\/\/ikigaiexperience.com.br\/?s={search_term_string}"},"query-input":"required name=search_term_string"}],"inLanguage":"en-US"},{"@type":"Organization","@id":"https:\/\/ikigaiexperience.com.br\/#organization","name":"Ikigai Experience","url":"https:\/\/ikigaiexperience.com.br\/","logo":{"@type":"ImageObject","inLanguage":"en-US","@id":"https:\/\/ikigaiexperience.com.br\/#\/schema\/logo\/image\/","url":"https:\/\/ikigaiexperience.com.br\/wp-content\/uploads\/2021\/06\/Ikigai-Experience-Horizontal-Branco.png","contentUrl":"https:\/\/ikigaiexperience.com.br\/wp-content\/uploads\/2021\/06\/Ikigai-Experience-Horizontal-Branco.png","width":924,"height":249,"caption":"Ikigai Experience"},"image":{"@id":"https:\/\/ikigaiexperience.com.br\/#\/schema\/logo\/image\/"},"sameAs":["https:\/\/www.instagram.com\/theikigaiexperience\/","https:\/\/www.linkedin.com\/company\/ikigai-experience","https:\/\/www.youtube.com\/channel\/UC8qpgAQ3P89h79oP9ymmo7Q","https:\/\/www.facebook.com\/Ikigai-Experience-100452311832822"]}]}},"_links":{"self":[{"href":"https:\/\/ikigaiexperience.com.br\/en\/wp-json\/wp\/v2\/product\/10059"}],"collection":[{"href":"https:\/\/ikigaiexperience.com.br\/en\/wp-json\/wp\/v2\/product"}],"about":[{"href":"https:\/\/ikigaiexperience.com.br\/en\/wp-json\/wp\/v2\/types\/product"}],"version-history":[{"count":1,"href":"https:\/\/ikigaiexperience.com.br\/en\/wp-json\/wp\/v2\/product\/10059\/revisions"}],"predecessor-version":[{"id":24159,"href":"https:\/\/ikigaiexperience.com.br\/en\/wp-json\/wp\/v2\/product\/10059\/revisions\/24159"}],"wp:featuredmedia":[{"embeddable":true,"href":"https:\/\/ikigaiexperience.com.br\/en\/wp-json\/wp\/v2\/media\/10117"}],"wp:attachment":[{"href":"https:\/\/ikigaiexperience.com.br\/en\/wp-json\/wp\/v2\/media?parent=10059"}],"wp:term":[{"taxonomy":"product_cat","embeddable":true,"href":"https:\/\/ikigaiexperience.com.br\/en\/wp-json\/wp\/v2\/product_cat?post=10059"},{"taxonomy":"product_tag","embeddable":true,"href":"https:\/\/ikigaiexperience.com.br\/en\/wp-json\/wp\/v2\/product_tag?post=10059"}],"curies":[{"name":"wp","href":"https:\/\/api.w.org\/{rel}","templated":true}]}}